{"id":99477,"date":"2026-04-04T07:59:36","date_gmt":"2026-04-04T04:59:36","guid":{"rendered":"https:\/\/kidsplay.lt\/produktas\/step2-sodo-namelis-su-griliu\/"},"modified":"2026-04-18T18:30:29","modified_gmt":"2026-04-18T15:30:29","slug":"step2-sodo-namelis-su-griliu","status":"publish","type":"product","link":"https:\/\/kidsplay.lt\/lv\/products\/step2-sodo-namelis-su-griliu\/","title":{"rendered":"STEP2 D\u0101rza \u0161\u0137\u016bnis ar grilu"},"content":{"rendered":"<p>Step2 Sodo namelis su griliu suteiks vaikams daugyb\u0119 valand\u0173 k\u016brybi\u0161ko \u017eaidimo lauke! Jame yra pa\u0161to d\u0117\u017eut\u0117, veikian\u010dios vandens pompa, kibiras ir sodinimo stotel\u0117 su vazon\u0117liais, kur galima auginti tikrus augalus. Atvira konstrukcija leid\u017eia t\u0117vams steb\u0117ti ma\u017eylius \u017eaid\u017eiant. Vaikai gali susiburti prie \u017eaislinio grilio, imituodami gardaus patiekalo ruo\u0161im\u0105. D\u0117l daugyb\u0117s realisti\u0161k\u0173 funkcij\u0173 ir veikl\u0173 kelis vaikus gali \u017eaisti kartu.<br \/>\nRaksturojums:<\/p>\n<p>Erdvus interjeras ir auk\u0161tos lubos suteikia daug vietos ma\u017eiesiems<\/p>\n<p>Veikianti vandens pompa su menteli\u0173 ratuku ir kibiru<\/p>\n<p>Holandi\u0161ko stiliaus durys, kurios atsidaro ir u\u017esidaro<\/p>\n<p>Grilis su judan\u010diais ranken\u0117liais (skleid\u017eia sprags\u0117jimo gars\u0105) ir priedais<\/p>\n<p>Pa\u0161to d\u0117\u017eut\u0117 \u017eaisliniams lai\u0161kams si\u0173sti ir gauti (lai\u0161kai ne\u012ftraukti)<\/p>\n<p>Sodinimo stotel\u0117 su g\u0117li\u0173 d\u0117\u017ee ir drena\u017eo skylute \u2013 galima sodinti tikrus augalus<\/p>\n<p>7 pried\u0173 rinkinys ir lipdukai leid\u017eia vaikams jaustis tarsi tikrame namuose<\/p>","protected":false},"excerpt":{"rendered":"<p>Step2 Sodo namelis su griliu suteiks vaikams daugyb\u0119 valand\u0173 k\u016brybi\u0161ko \u017eaidimo lauke! Jame yra pa\u0161to d\u0117\u017eut\u0117, veikian\u010dios vandens pompa, kibiras<\/p>","protected":false},"featured_media":99479,"template":"","meta":{"_acf_changed":false,"_glsr_average":0,"_glsr_ranking":0,"_glsr_reviews":0},"product_brand":[],"product_cat":[233,234],"product_tag":[],"class_list":{"0":"post-99477","1":"product","2":"type-product","3":"status-publish","4":"has-post-thumbnail","6":"product_cat-lauko-pramogos","7":"product_cat-vaikiski-nameliai","8":"\"style=\"background-color: #2ecc711c;\"","10":"first","11":"instock","12":"purchasable","13":"product-type-simple"},"acf":[],"yoast_head":"<!-- This site is optimized with the Yoast SEO plugin v27.4 - https:\/\/yoast.com\/product\/yoast-seo-wordpress\/ -->\n<title>STEP2 Sodo namelis su griliu<\/title>\n<meta name=\"description\" content=\"STEP2 Sodo namelis su griliu - KidsPlay. Did\u017eiausias vaik\u0173 \u017eaisl\u0173 pasirinkimas.\" \/>\n<meta name=\"robots\" content=\"index, follow, max-snippet:-1, max-image-preview:large, max-video-preview:-1\" \/>\n<link rel=\"canonical\" href=\"https:\/\/kidsplay.lt\/lv\/products\/step2-sodo-namelis-su-griliu\/\" \/>\n<meta property=\"og:locale\" content=\"lv_LV\" \/>\n<meta property=\"og:type\" content=\"article\" \/>\n<meta property=\"og:title\" content=\"STEP2 Sodo namelis su griliu\" \/>\n<meta property=\"og:description\" content=\"STEP2 Sodo namelis su griliu - KidsPlay. Did\u017eiausias vaik\u0173 \u017eaisl\u0173 pasirinkimas.\" \/>\n<meta property=\"og:url\" content=\"https:\/\/kidsplay.lt\/lv\/products\/step2-sodo-namelis-su-griliu\/\" \/>\n<meta property=\"og:site_name\" content=\"KidsPlay\" \/>\n<meta property=\"article:publisher\" content=\"https:\/\/www.facebook.com\/www.kidsplay.lt\" \/>\n<meta property=\"article:modified_time\" content=\"2026-04-18T15:30:29+00:00\" \/>\n<meta property=\"og:image\" content=\"https:\/\/kidsplay.lt\/wp-content\/uploads\/2026\/04\/STEP2-Sodo-namelis-su-griliu.jpg\" \/>\n\t<meta property=\"og:image:width\" content=\"1920\" \/>\n\t<meta property=\"og:image:height\" content=\"1920\" \/>\n\t<meta property=\"og:image:type\" content=\"image\/jpeg\" \/>\n<meta name=\"twitter:card\" content=\"summary_large_image\" \/>\n<meta name=\"twitter:label1\" content=\"Est. reading time\" \/>\n\t<meta name=\"twitter:data1\" content=\"1 min\u016bte\" \/>\n<script type=\"application\/ld+json\" class=\"yoast-schema-graph\">{\"@context\":\"https:\\\/\\\/schema.org\",\"@graph\":[{\"@type\":\"WebPage\",\"@id\":\"https:\\\/\\\/kidsplay.lt\\\/produktas\\\/step2-sodo-namelis-su-griliu\\\/\",\"url\":\"https:\\\/\\\/kidsplay.lt\\\/produktas\\\/step2-sodo-namelis-su-griliu\\\/\",\"name\":\"STEP2 Sodo namelis su griliu\",\"isPartOf\":{\"@id\":\"https:\\\/\\\/kidsplay.lt\\\/#website\"},\"primaryImageOfPage\":{\"@id\":\"https:\\\/\\\/kidsplay.lt\\\/produktas\\\/step2-sodo-namelis-su-griliu\\\/#primaryimage\"},\"image\":{\"@id\":\"https:\\\/\\\/kidsplay.lt\\\/produktas\\\/step2-sodo-namelis-su-griliu\\\/#primaryimage\"},\"thumbnailUrl\":\"https:\\\/\\\/kidsplay.lt\\\/wp-content\\\/uploads\\\/2026\\\/04\\\/STEP2-Sodo-namelis-su-griliu.jpg\",\"datePublished\":\"2026-04-04T04:59:36+00:00\",\"dateModified\":\"2026-04-18T15:30:29+00:00\",\"description\":\"STEP2 Sodo namelis su griliu - KidsPlay. Did\u017eiausias vaik\u0173 \u017eaisl\u0173 pasirinkimas.\",\"breadcrumb\":{\"@id\":\"https:\\\/\\\/kidsplay.lt\\\/produktas\\\/step2-sodo-namelis-su-griliu\\\/#breadcrumb\"},\"inLanguage\":\"lv-LV\",\"potentialAction\":[{\"@type\":\"ReadAction\",\"target\":[\"https:\\\/\\\/kidsplay.lt\\\/produktas\\\/step2-sodo-namelis-su-griliu\\\/\"]}]},{\"@type\":\"ImageObject\",\"inLanguage\":\"lv-LV\",\"@id\":\"https:\\\/\\\/kidsplay.lt\\\/produktas\\\/step2-sodo-namelis-su-griliu\\\/#primaryimage\",\"url\":\"https:\\\/\\\/kidsplay.lt\\\/wp-content\\\/uploads\\\/2026\\\/04\\\/STEP2-Sodo-namelis-su-griliu.jpg\",\"contentUrl\":\"https:\\\/\\\/kidsplay.lt\\\/wp-content\\\/uploads\\\/2026\\\/04\\\/STEP2-Sodo-namelis-su-griliu.jpg\",\"width\":1920,\"height\":1920,\"caption\":\"STEP2 Sodo namelis su griliu\"},{\"@type\":\"BreadcrumbList\",\"@id\":\"https:\\\/\\\/kidsplay.lt\\\/produktas\\\/step2-sodo-namelis-su-griliu\\\/#breadcrumb\",\"itemListElement\":[{\"@type\":\"ListItem\",\"position\":1,\"name\":\"Pagrindinis\",\"item\":\"https:\\\/\\\/kidsplay.lt\\\/\"},{\"@type\":\"ListItem\",\"position\":2,\"name\":\"Parduotuv\u0117\",\"item\":\"https:\\\/\\\/kidsplay.lt\\\/parduotuve\\\/\"},{\"@type\":\"ListItem\",\"position\":3,\"name\":\"STEP2 Sodo namelis su griliu\"}]},{\"@type\":\"WebSite\",\"@id\":\"https:\\\/\\\/kidsplay.lt\\\/#website\",\"url\":\"https:\\\/\\\/kidsplay.lt\\\/\",\"name\":\"Kidsplay.lt\",\"description\":\"\u012evairios prek\u0117s vaikams\",\"publisher\":{\"@id\":\"https:\\\/\\\/kidsplay.lt\\\/#organization\"},\"alternateName\":\"Kidsplay\",\"potentialAction\":[{\"@type\":\"SearchAction\",\"target\":{\"@type\":\"EntryPoint\",\"urlTemplate\":\"https:\\\/\\\/kidsplay.lt\\\/?s={search_term_string}\"},\"query-input\":{\"@type\":\"PropertyValueSpecification\",\"valueRequired\":true,\"valueName\":\"search_term_string\"}}],\"inLanguage\":\"lv-LV\"},{\"@type\":\"Organization\",\"@id\":\"https:\\\/\\\/kidsplay.lt\\\/#organization\",\"name\":\"KidsPlay\",\"url\":\"https:\\\/\\\/kidsplay.lt\\\/\",\"logo\":{\"@type\":\"ImageObject\",\"inLanguage\":\"lv-LV\",\"@id\":\"https:\\\/\\\/kidsplay.lt\\\/#\\\/schema\\\/logo\\\/image\\\/\",\"url\":\"https:\\\/\\\/kidsplay.lt\\\/wp-content\\\/uploads\\\/2023\\\/07\\\/kidsplay-logo.png\",\"contentUrl\":\"https:\\\/\\\/kidsplay.lt\\\/wp-content\\\/uploads\\\/2023\\\/07\\\/kidsplay-logo.png\",\"width\":451,\"height\":98,\"caption\":\"KidsPlay\"},\"image\":{\"@id\":\"https:\\\/\\\/kidsplay.lt\\\/#\\\/schema\\\/logo\\\/image\\\/\"},\"sameAs\":[\"https:\\\/\\\/www.facebook.com\\\/www.kidsplay.lt\"]}]}<\/script>\n<!-- \/ Yoast SEO plugin. -->","yoast_head_json":{"title":"STEP2 D\u0101rza \u0161\u0137\u016bnis ar grilu","description":"STEP2 Sodo namelis su griliu - KidsPlay. Did\u017eiausias vaik\u0173 \u017eaisl\u0173 pasirinkimas.","robots":{"index":"index","follow":"follow","max-snippet":"max-snippet:-1","max-image-preview":"max-image-preview:large","max-video-preview":"max-video-preview:-1"},"canonical":"https:\/\/kidsplay.lt\/lv\/products\/step2-sodo-namelis-su-griliu\/","og_locale":"lv_LV","og_type":"article","og_title":"STEP2 Sodo namelis su griliu","og_description":"STEP2 Sodo namelis su griliu - KidsPlay. Did\u017eiausias vaik\u0173 \u017eaisl\u0173 pasirinkimas.","og_url":"https:\/\/kidsplay.lt\/lv\/products\/step2-sodo-namelis-su-griliu\/","og_site_name":"KidsPlay","article_publisher":"https:\/\/www.facebook.com\/www.kidsplay.lt","article_modified_time":"2026-04-18T15:30:29+00:00","og_image":[{"width":1920,"height":1920,"url":"https:\/\/kidsplay.lt\/wp-content\/uploads\/2026\/04\/STEP2-Sodo-namelis-su-griliu.jpg","type":"image\/jpeg"}],"twitter_card":"summary_large_image","twitter_misc":{"Est. reading time":"1 min\u016bte"},"schema":{"@context":"https:\/\/schema.org","@graph":[{"@type":"WebPage","@id":"https:\/\/kidsplay.lt\/produktas\/step2-sodo-namelis-su-griliu\/","url":"https:\/\/kidsplay.lt\/produktas\/step2-sodo-namelis-su-griliu\/","name":"STEP2 D\u0101rza \u0161\u0137\u016bnis ar grilu","isPartOf":{"@id":"https:\/\/kidsplay.lt\/#website"},"primaryImageOfPage":{"@id":"https:\/\/kidsplay.lt\/produktas\/step2-sodo-namelis-su-griliu\/#primaryimage"},"image":{"@id":"https:\/\/kidsplay.lt\/produktas\/step2-sodo-namelis-su-griliu\/#primaryimage"},"thumbnailUrl":"https:\/\/kidsplay.lt\/wp-content\/uploads\/2026\/04\/STEP2-Sodo-namelis-su-griliu.jpg","datePublished":"2026-04-04T04:59:36+00:00","dateModified":"2026-04-18T15:30:29+00:00","description":"STEP2 Sodo namelis su griliu - KidsPlay. Did\u017eiausias vaik\u0173 \u017eaisl\u0173 pasirinkimas.","breadcrumb":{"@id":"https:\/\/kidsplay.lt\/produktas\/step2-sodo-namelis-su-griliu\/#breadcrumb"},"inLanguage":"lv-LV","potentialAction":[{"@type":"ReadAction","target":["https:\/\/kidsplay.lt\/produktas\/step2-sodo-namelis-su-griliu\/"]}]},{"@type":"ImageObject","inLanguage":"lv-LV","@id":"https:\/\/kidsplay.lt\/produktas\/step2-sodo-namelis-su-griliu\/#primaryimage","url":"https:\/\/kidsplay.lt\/wp-content\/uploads\/2026\/04\/STEP2-Sodo-namelis-su-griliu.jpg","contentUrl":"https:\/\/kidsplay.lt\/wp-content\/uploads\/2026\/04\/STEP2-Sodo-namelis-su-griliu.jpg","width":1920,"height":1920,"caption":"STEP2 Sodo namelis su griliu"},{"@type":"BreadcrumbList","@id":"https:\/\/kidsplay.lt\/produktas\/step2-sodo-namelis-su-griliu\/#breadcrumb","itemListElement":[{"@type":"ListItem","position":1,"name":"Pagrindinis","item":"https:\/\/kidsplay.lt\/"},{"@type":"ListItem","position":2,"name":"Parduotuv\u0117","item":"https:\/\/kidsplay.lt\/parduotuve\/"},{"@type":"ListItem","position":3,"name":"STEP2 Sodo namelis su griliu"}]},{"@type":"WebSite","@id":"https:\/\/kidsplay.lt\/#website","url":"https:\/\/kidsplay.lt\/","name":"B\u0113rnu sp\u0113les.lv","description":"\u012evairios prek\u0117s vaikams","publisher":{"@id":"https:\/\/kidsplay.lt\/#organization"},"alternateName":"Kidsplay","potentialAction":[{"@type":"SearchAction","target":{"@type":"EntryPoint","urlTemplate":"https:\/\/kidsplay.lt\/?s={search_term_string}"},"query-input":{"@type":"PropertyValueSpecification","valueRequired":true,"valueName":"search_term_string"}}],"inLanguage":"lv-LV"},{"@type":"Organization","@id":"https:\/\/kidsplay.lt\/#organization","name":"B\u0113rnu sp\u0113le","url":"https:\/\/kidsplay.lt\/","logo":{"@type":"ImageObject","inLanguage":"lv-LV","@id":"https:\/\/kidsplay.lt\/#\/schema\/logo\/image\/","url":"https:\/\/kidsplay.lt\/wp-content\/uploads\/2023\/07\/kidsplay-logo.png","contentUrl":"https:\/\/kidsplay.lt\/wp-content\/uploads\/2023\/07\/kidsplay-logo.png","width":451,"height":98,"caption":"KidsPlay"},"image":{"@id":"https:\/\/kidsplay.lt\/#\/schema\/logo\/image\/"},"sameAs":["https:\/\/www.facebook.com\/www.kidsplay.lt"]}]}},"_links":{"self":[{"href":"https:\/\/kidsplay.lt\/lv\/wp-json\/wp\/v2\/product\/99477","targetHints":{"allow":["GET"]}}],"collection":[{"href":"https:\/\/kidsplay.lt\/lv\/wp-json\/wp\/v2\/product"}],"about":[{"href":"https:\/\/kidsplay.lt\/lv\/wp-json\/wp\/v2\/types\/product"}],"version-history":[{"count":1,"href":"https:\/\/kidsplay.lt\/lv\/wp-json\/wp\/v2\/product\/99477\/revisions"}],"predecessor-version":[{"id":99478,"href":"https:\/\/kidsplay.lt\/lv\/wp-json\/wp\/v2\/product\/99477\/revisions\/99478"}],"wp:featuredmedia":[{"embeddable":true,"href":"https:\/\/kidsplay.lt\/lv\/wp-json\/wp\/v2\/media\/99479"}],"wp:attachment":[{"href":"https:\/\/kidsplay.lt\/lv\/wp-json\/wp\/v2\/media?parent=99477"}],"wp:term":[{"taxonomy":"product_brand","embeddable":true,"href":"https:\/\/kidsplay.lt\/lv\/wp-json\/wp\/v2\/product_brand?post=99477"},{"taxonomy":"product_cat","embeddable":true,"href":"https:\/\/kidsplay.lt\/lv\/wp-json\/wp\/v2\/product_cat?post=99477"},{"taxonomy":"product_tag","embeddable":true,"href":"https:\/\/kidsplay.lt\/lv\/wp-json\/wp\/v2\/product_tag?post=99477"}],"curies":[{"name":"wp","href":"https:\/\/api.w.org\/{rel}","templated":true}]}}