{"id":99511,"date":"2026-04-04T08:01:17","date_gmt":"2026-04-04T05:01:17","guid":{"rendered":"https:\/\/kidsplay.lt\/produktas\/viga-medinis-zaidimas-kalimas-ir-konstravimas-45-detales-statybiniai-automobiliai-montessori-metodas\/"},"modified":"2026-04-07T09:26:31","modified_gmt":"2026-04-07T06:26:31","slug":"viga-medinis-zaidimas-kalimas-ir-konstravimas-45-detales-statybiniai-automobiliai-montessori-metodas","status":"publish","type":"product","link":"https:\/\/kidsplay.lt\/lv\/products\/viga-medinis-zaidimas-kalimas-ir-konstravimas-45-detales-statybiniai-automobiliai-montessori-metodas\/","title":{"rendered":"VIGA medinis \u017eaidimas \u201eKalimas ir konstravimas\u201c \u2013 45 detal\u0117s, statybiniai automobiliai, Montessori metodas"},"content":{"rendered":"<p>Medin\u0117 statybini\u0173 automobili\u0173 lenta su vinimis i\u0161 Viga Toys \u2013 puiki lenta jaunam statytojui. \u0160is \u017eaislas sukurtas pagal Montessori metodik\u0105. Rinkin\u012f sudaro 45 detal\u0117s, kam\u0161tin\u0117 lenta ir plaktukas. Kiekvienoje medin\u0117je detal\u0117je yra skyl\u0117, tod\u0117l vaikai gali naudoti kai\u0161\u010dius ir prikalt\u0105 bet koki\u0105 form\u0105 prie lentos. Vaikai gali laisvai i\u0161d\u0117styti detales, net pagal savo vaizduot\u0119 ir k\u016brybi\u0161kum\u0105. Kam\u0161tin\u0117s lentos su vinimis yra \u017eaislai, kurie lavina rank\u0173 \u012fg\u016bd\u017eius, login\u012f m\u0105stym\u0105 ir koncentracij\u0105. Detal\u0117s turi suapvalintus kra\u0161tus, tod\u0117l yra 100 % saugios vaikams.<br \/>\nRaksturojums:<\/p>\n<p>\u017daislas skirtas vaikams nuo 3 met\u0173<\/p>\n<p>45 elementai: kalad\u0117l\u0117s, kai\u0161\u010diai, ra\u0161tai, lentos ir plaktukas<\/p>\n<p>10 ra\u0161t\u0173 detali\u0173 i\u0161d\u0117stymui<\/p>\n<p>Naudojant plaktuk\u0105 ir kai\u0161t\u012f galima prikalti detal\u0119 prie lentos<\/p>\n<p>Detal\u0117se yra skyl\u0117 \u2013 vaikas gali lengvai ir saugiai priklijuoti detal\u0119 prie lentos<\/p>\n<p>Suapvalinti kra\u0161tai \u2013 100 % saugu vaikams<\/p>","protected":false},"excerpt":{"rendered":"<p>Medin\u0117 statybini\u0173 automobili\u0173 lenta su vinimis i\u0161 Viga Toys \u2013 puiki lenta jaunam statytojui. \u0160is \u017eaislas sukurtas pagal Montessori metodik\u0105.<\/p>","protected":false},"featured_media":99513,"template":"","meta":{"_acf_changed":false,"_glsr_average":0,"_glsr_ranking":0,"_glsr_reviews":0},"product_brand":[],"product_cat":[446,229],"product_tag":[],"class_list":{"0":"post-99511","1":"product","2":"type-product","3":"status-publish","4":"has-post-thumbnail","6":"product_cat-konstruktoriai","7":"product_cat-zaislai-vaikams","8":"\"style=\"background-color: #2ecc711c;\"","10":"first","11":"instock","12":"purchasable","13":"product-type-simple"},"acf":[],"yoast_head":"<!-- This site is optimized with the Yoast SEO plugin v27.3 - https:\/\/yoast.com\/product\/yoast-seo-wordpress\/ -->\n<title>VIGA medinis \u017eaidimas \u201eKalimas ir konstravimas\u201c \u2013 45 detal\u0117s, statybiniai automobiliai, Montessori metodas<\/title>\n<meta name=\"description\" content=\"VIGA medinis \u017eaidimas \u201eKalimas ir konstravimas\u201c \u2013 45 detal\u0117s, statybiniai automobiliai, Montessori metodas - KidsPlay. Did\u017eiausias vaik\u0173 \u017eaisl\u0173 pasirinkimas.\" \/>\n<meta name=\"robots\" content=\"index, follow, max-snippet:-1, max-image-preview:large, max-video-preview:-1\" \/>\n<link rel=\"canonical\" href=\"https:\/\/kidsplay.lt\/lv\/products\/viga-medinis-zaidimas-kalimas-ir-konstravimas-45-detales-statybiniai-automobiliai-montessori-metodas\/\" \/>\n<meta property=\"og:locale\" content=\"lv_LV\" \/>\n<meta property=\"og:type\" content=\"article\" \/>\n<meta property=\"og:title\" content=\"VIGA medinis \u017eaidimas \u201eKalimas ir konstravimas\u201c \u2013 45 detal\u0117s, statybiniai automobiliai, Montessori metodas\" \/>\n<meta property=\"og:description\" content=\"VIGA medinis \u017eaidimas \u201eKalimas ir konstravimas\u201c \u2013 45 detal\u0117s, statybiniai automobiliai, Montessori metodas - KidsPlay. Did\u017eiausias vaik\u0173 \u017eaisl\u0173 pasirinkimas.\" \/>\n<meta property=\"og:url\" content=\"https:\/\/kidsplay.lt\/lv\/products\/viga-medinis-zaidimas-kalimas-ir-konstravimas-45-detales-statybiniai-automobiliai-montessori-metodas\/\" \/>\n<meta property=\"og:site_name\" content=\"KidsPlay\" \/>\n<meta property=\"article:publisher\" content=\"https:\/\/www.facebook.com\/www.kidsplay.lt\" \/>\n<meta property=\"article:modified_time\" content=\"2026-04-07T06:26:31+00:00\" \/>\n<meta property=\"og:image\" content=\"https:\/\/kidsplay.lt\/wp-content\/uploads\/2026\/04\/VIGA-medinis-zaidimas-\u201eKalimas-ir-konstravimas-\u2013-45-detales-statybiniai-automobiliai-Montessori-metodas-800x800.png\" \/>\n\t<meta property=\"og:image:width\" content=\"800\" \/>\n\t<meta property=\"og:image:height\" content=\"800\" \/>\n\t<meta property=\"og:image:type\" content=\"image\/png\" \/>\n<meta name=\"twitter:card\" content=\"summary_large_image\" \/>\n<meta name=\"twitter:label1\" content=\"Est. reading time\" \/>\n\t<meta name=\"twitter:data1\" content=\"1 min\u016bte\" \/>\n<script type=\"application\/ld+json\" class=\"yoast-schema-graph\">{\"@context\":\"https:\\\/\\\/schema.org\",\"@graph\":[{\"@type\":\"WebPage\",\"@id\":\"https:\\\/\\\/kidsplay.lt\\\/produktas\\\/viga-medinis-zaidimas-kalimas-ir-konstravimas-45-detales-statybiniai-automobiliai-montessori-metodas\\\/\",\"url\":\"https:\\\/\\\/kidsplay.lt\\\/produktas\\\/viga-medinis-zaidimas-kalimas-ir-konstravimas-45-detales-statybiniai-automobiliai-montessori-metodas\\\/\",\"name\":\"VIGA medinis \u017eaidimas \u201eKalimas ir konstravimas\u201c \u2013 45 detal\u0117s, statybiniai automobiliai, Montessori metodas\",\"isPartOf\":{\"@id\":\"https:\\\/\\\/kidsplay.lt\\\/#website\"},\"primaryImageOfPage\":{\"@id\":\"https:\\\/\\\/kidsplay.lt\\\/produktas\\\/viga-medinis-zaidimas-kalimas-ir-konstravimas-45-detales-statybiniai-automobiliai-montessori-metodas\\\/#primaryimage\"},\"image\":{\"@id\":\"https:\\\/\\\/kidsplay.lt\\\/produktas\\\/viga-medinis-zaidimas-kalimas-ir-konstravimas-45-detales-statybiniai-automobiliai-montessori-metodas\\\/#primaryimage\"},\"thumbnailUrl\":\"https:\\\/\\\/kidsplay.lt\\\/wp-content\\\/uploads\\\/2026\\\/04\\\/VIGA-medinis-zaidimas-\u201eKalimas-ir-konstravimas-\u2013-45-detales-statybiniai-automobiliai-Montessori-metodas.png\",\"datePublished\":\"2026-04-04T05:01:17+00:00\",\"dateModified\":\"2026-04-07T06:26:31+00:00\",\"description\":\"VIGA medinis \u017eaidimas \u201eKalimas ir konstravimas\u201c \u2013 45 detal\u0117s, statybiniai automobiliai, Montessori metodas - KidsPlay. Did\u017eiausias vaik\u0173 \u017eaisl\u0173 pasirinkimas.\",\"breadcrumb\":{\"@id\":\"https:\\\/\\\/kidsplay.lt\\\/produktas\\\/viga-medinis-zaidimas-kalimas-ir-konstravimas-45-detales-statybiniai-automobiliai-montessori-metodas\\\/#breadcrumb\"},\"inLanguage\":\"lv-LV\",\"potentialAction\":[{\"@type\":\"ReadAction\",\"target\":[\"https:\\\/\\\/kidsplay.lt\\\/produktas\\\/viga-medinis-zaidimas-kalimas-ir-konstravimas-45-detales-statybiniai-automobiliai-montessori-metodas\\\/\"]}]},{\"@type\":\"ImageObject\",\"inLanguage\":\"lv-LV\",\"@id\":\"https:\\\/\\\/kidsplay.lt\\\/produktas\\\/viga-medinis-zaidimas-kalimas-ir-konstravimas-45-detales-statybiniai-automobiliai-montessori-metodas\\\/#primaryimage\",\"url\":\"https:\\\/\\\/kidsplay.lt\\\/wp-content\\\/uploads\\\/2026\\\/04\\\/VIGA-medinis-zaidimas-\u201eKalimas-ir-konstravimas-\u2013-45-detales-statybiniai-automobiliai-Montessori-metodas.png\",\"contentUrl\":\"https:\\\/\\\/kidsplay.lt\\\/wp-content\\\/uploads\\\/2026\\\/04\\\/VIGA-medinis-zaidimas-\u201eKalimas-ir-konstravimas-\u2013-45-detales-statybiniai-automobiliai-Montessori-metodas.png\",\"width\":2560,\"height\":2560,\"caption\":\"VIGA medinis \u017eaidimas \u201eKalimas ir konstravimas\u201c \u2013 45 detal\u0117s\"},{\"@type\":\"BreadcrumbList\",\"@id\":\"https:\\\/\\\/kidsplay.lt\\\/produktas\\\/viga-medinis-zaidimas-kalimas-ir-konstravimas-45-detales-statybiniai-automobiliai-montessori-metodas\\\/#breadcrumb\",\"itemListElement\":[{\"@type\":\"ListItem\",\"position\":1,\"name\":\"Pagrindinis\",\"item\":\"https:\\\/\\\/kidsplay.lt\\\/\"},{\"@type\":\"ListItem\",\"position\":2,\"name\":\"Parduotuv\u0117\",\"item\":\"https:\\\/\\\/kidsplay.lt\\\/parduotuve\\\/\"},{\"@type\":\"ListItem\",\"position\":3,\"name\":\"VIGA medinis \u017eaidimas \u201eKalimas ir konstravimas\u201c \u2013 45 detal\u0117s, statybiniai automobiliai, Montessori metodas\"}]},{\"@type\":\"WebSite\",\"@id\":\"https:\\\/\\\/kidsplay.lt\\\/#website\",\"url\":\"https:\\\/\\\/kidsplay.lt\\\/\",\"name\":\"Kidsplay.lt\",\"description\":\"\u012evairios prek\u0117s vaikams\",\"publisher\":{\"@id\":\"https:\\\/\\\/kidsplay.lt\\\/#organization\"},\"alternateName\":\"Kidsplay\",\"potentialAction\":[{\"@type\":\"SearchAction\",\"target\":{\"@type\":\"EntryPoint\",\"urlTemplate\":\"https:\\\/\\\/kidsplay.lt\\\/?s={search_term_string}\"},\"query-input\":{\"@type\":\"PropertyValueSpecification\",\"valueRequired\":true,\"valueName\":\"search_term_string\"}}],\"inLanguage\":\"lv-LV\"},{\"@type\":\"Organization\",\"@id\":\"https:\\\/\\\/kidsplay.lt\\\/#organization\",\"name\":\"KidsPlay\",\"url\":\"https:\\\/\\\/kidsplay.lt\\\/\",\"logo\":{\"@type\":\"ImageObject\",\"inLanguage\":\"lv-LV\",\"@id\":\"https:\\\/\\\/kidsplay.lt\\\/#\\\/schema\\\/logo\\\/image\\\/\",\"url\":\"https:\\\/\\\/kidsplay.lt\\\/wp-content\\\/uploads\\\/2023\\\/07\\\/kidsplay-logo.png\",\"contentUrl\":\"https:\\\/\\\/kidsplay.lt\\\/wp-content\\\/uploads\\\/2023\\\/07\\\/kidsplay-logo.png\",\"width\":451,\"height\":98,\"caption\":\"KidsPlay\"},\"image\":{\"@id\":\"https:\\\/\\\/kidsplay.lt\\\/#\\\/schema\\\/logo\\\/image\\\/\"},\"sameAs\":[\"https:\\\/\\\/www.facebook.com\\\/www.kidsplay.lt\"]}]}<\/script>\n<!-- \/ Yoast SEO plugin. -->","yoast_head_json":{"title":"VIGA medinis \u017eaidimas \u201eKalimas ir konstravimas\u201c \u2013 45 detal\u0117s, statybiniai automobiliai, Montessori metodas","description":"VIGA medinis \u017eaidimas \u201eKalimas ir konstravimas\u201c \u2013 45 detal\u0117s, statybiniai automobiliai, Montessori metodas - KidsPlay. Did\u017eiausias vaik\u0173 \u017eaisl\u0173 pasirinkimas.","robots":{"index":"index","follow":"follow","max-snippet":"max-snippet:-1","max-image-preview":"max-image-preview:large","max-video-preview":"max-video-preview:-1"},"canonical":"https:\/\/kidsplay.lt\/lv\/products\/viga-medinis-zaidimas-kalimas-ir-konstravimas-45-detales-statybiniai-automobiliai-montessori-metodas\/","og_locale":"lv_LV","og_type":"article","og_title":"VIGA medinis \u017eaidimas \u201eKalimas ir konstravimas\u201c \u2013 45 detal\u0117s, statybiniai automobiliai, Montessori metodas","og_description":"VIGA medinis \u017eaidimas \u201eKalimas ir konstravimas\u201c \u2013 45 detal\u0117s, statybiniai automobiliai, Montessori metodas - KidsPlay. Did\u017eiausias vaik\u0173 \u017eaisl\u0173 pasirinkimas.","og_url":"https:\/\/kidsplay.lt\/lv\/products\/viga-medinis-zaidimas-kalimas-ir-konstravimas-45-detales-statybiniai-automobiliai-montessori-metodas\/","og_site_name":"KidsPlay","article_publisher":"https:\/\/www.facebook.com\/www.kidsplay.lt","article_modified_time":"2026-04-07T06:26:31+00:00","og_image":[{"width":800,"height":800,"url":"https:\/\/kidsplay.lt\/wp-content\/uploads\/2026\/04\/VIGA-medinis-zaidimas-\u201eKalimas-ir-konstravimas-\u2013-45-detales-statybiniai-automobiliai-Montessori-metodas-800x800.png","type":"image\/png"}],"twitter_card":"summary_large_image","twitter_misc":{"Est. reading time":"1 min\u016bte"},"schema":{"@context":"https:\/\/schema.org","@graph":[{"@type":"WebPage","@id":"https:\/\/kidsplay.lt\/produktas\/viga-medinis-zaidimas-kalimas-ir-konstravimas-45-detales-statybiniai-automobiliai-montessori-metodas\/","url":"https:\/\/kidsplay.lt\/produktas\/viga-medinis-zaidimas-kalimas-ir-konstravimas-45-detales-statybiniai-automobiliai-montessori-metodas\/","name":"VIGA medinis \u017eaidimas \u201eKalimas ir konstravimas\u201c \u2013 45 detal\u0117s, statybiniai automobiliai, Montessori metodas","isPartOf":{"@id":"https:\/\/kidsplay.lt\/#website"},"primaryImageOfPage":{"@id":"https:\/\/kidsplay.lt\/produktas\/viga-medinis-zaidimas-kalimas-ir-konstravimas-45-detales-statybiniai-automobiliai-montessori-metodas\/#primaryimage"},"image":{"@id":"https:\/\/kidsplay.lt\/produktas\/viga-medinis-zaidimas-kalimas-ir-konstravimas-45-detales-statybiniai-automobiliai-montessori-metodas\/#primaryimage"},"thumbnailUrl":"https:\/\/kidsplay.lt\/wp-content\/uploads\/2026\/04\/VIGA-medinis-zaidimas-\u201eKalimas-ir-konstravimas-\u2013-45-detales-statybiniai-automobiliai-Montessori-metodas.png","datePublished":"2026-04-04T05:01:17+00:00","dateModified":"2026-04-07T06:26:31+00:00","description":"VIGA medinis \u017eaidimas \u201eKalimas ir konstravimas\u201c \u2013 45 detal\u0117s, statybiniai automobiliai, Montessori metodas - KidsPlay. Did\u017eiausias vaik\u0173 \u017eaisl\u0173 pasirinkimas.","breadcrumb":{"@id":"https:\/\/kidsplay.lt\/produktas\/viga-medinis-zaidimas-kalimas-ir-konstravimas-45-detales-statybiniai-automobiliai-montessori-metodas\/#breadcrumb"},"inLanguage":"lv-LV","potentialAction":[{"@type":"ReadAction","target":["https:\/\/kidsplay.lt\/produktas\/viga-medinis-zaidimas-kalimas-ir-konstravimas-45-detales-statybiniai-automobiliai-montessori-metodas\/"]}]},{"@type":"ImageObject","inLanguage":"lv-LV","@id":"https:\/\/kidsplay.lt\/produktas\/viga-medinis-zaidimas-kalimas-ir-konstravimas-45-detales-statybiniai-automobiliai-montessori-metodas\/#primaryimage","url":"https:\/\/kidsplay.lt\/wp-content\/uploads\/2026\/04\/VIGA-medinis-zaidimas-\u201eKalimas-ir-konstravimas-\u2013-45-detales-statybiniai-automobiliai-Montessori-metodas.png","contentUrl":"https:\/\/kidsplay.lt\/wp-content\/uploads\/2026\/04\/VIGA-medinis-zaidimas-\u201eKalimas-ir-konstravimas-\u2013-45-detales-statybiniai-automobiliai-Montessori-metodas.png","width":2560,"height":2560,"caption":"VIGA medinis \u017eaidimas \u201eKalimas ir konstravimas\u201c \u2013 45 detal\u0117s"},{"@type":"BreadcrumbList","@id":"https:\/\/kidsplay.lt\/produktas\/viga-medinis-zaidimas-kalimas-ir-konstravimas-45-detales-statybiniai-automobiliai-montessori-metodas\/#breadcrumb","itemListElement":[{"@type":"ListItem","position":1,"name":"Pagrindinis","item":"https:\/\/kidsplay.lt\/"},{"@type":"ListItem","position":2,"name":"Parduotuv\u0117","item":"https:\/\/kidsplay.lt\/parduotuve\/"},{"@type":"ListItem","position":3,"name":"VIGA medinis \u017eaidimas \u201eKalimas ir konstravimas\u201c \u2013 45 detal\u0117s, statybiniai automobiliai, Montessori metodas"}]},{"@type":"WebSite","@id":"https:\/\/kidsplay.lt\/#website","url":"https:\/\/kidsplay.lt\/","name":"B\u0113rnu sp\u0113les.lv","description":"\u012evairios prek\u0117s vaikams","publisher":{"@id":"https:\/\/kidsplay.lt\/#organization"},"alternateName":"Kidsplay","potentialAction":[{"@type":"SearchAction","target":{"@type":"EntryPoint","urlTemplate":"https:\/\/kidsplay.lt\/?s={search_term_string}"},"query-input":{"@type":"PropertyValueSpecification","valueRequired":true,"valueName":"search_term_string"}}],"inLanguage":"lv-LV"},{"@type":"Organization","@id":"https:\/\/kidsplay.lt\/#organization","name":"B\u0113rnu sp\u0113le","url":"https:\/\/kidsplay.lt\/","logo":{"@type":"ImageObject","inLanguage":"lv-LV","@id":"https:\/\/kidsplay.lt\/#\/schema\/logo\/image\/","url":"https:\/\/kidsplay.lt\/wp-content\/uploads\/2023\/07\/kidsplay-logo.png","contentUrl":"https:\/\/kidsplay.lt\/wp-content\/uploads\/2023\/07\/kidsplay-logo.png","width":451,"height":98,"caption":"KidsPlay"},"image":{"@id":"https:\/\/kidsplay.lt\/#\/schema\/logo\/image\/"},"sameAs":["https:\/\/www.facebook.com\/www.kidsplay.lt"]}]}},"_links":{"self":[{"href":"https:\/\/kidsplay.lt\/lv\/wp-json\/wp\/v2\/product\/99511","targetHints":{"allow":["GET"]}}],"collection":[{"href":"https:\/\/kidsplay.lt\/lv\/wp-json\/wp\/v2\/product"}],"about":[{"href":"https:\/\/kidsplay.lt\/lv\/wp-json\/wp\/v2\/types\/product"}],"version-history":[{"count":1,"href":"https:\/\/kidsplay.lt\/lv\/wp-json\/wp\/v2\/product\/99511\/revisions"}],"predecessor-version":[{"id":99512,"href":"https:\/\/kidsplay.lt\/lv\/wp-json\/wp\/v2\/product\/99511\/revisions\/99512"}],"wp:featuredmedia":[{"embeddable":true,"href":"https:\/\/kidsplay.lt\/lv\/wp-json\/wp\/v2\/media\/99513"}],"wp:attachment":[{"href":"https:\/\/kidsplay.lt\/lv\/wp-json\/wp\/v2\/media?parent=99511"}],"wp:term":[{"taxonomy":"product_brand","embeddable":true,"href":"https:\/\/kidsplay.lt\/lv\/wp-json\/wp\/v2\/product_brand?post=99511"},{"taxonomy":"product_cat","embeddable":true,"href":"https:\/\/kidsplay.lt\/lv\/wp-json\/wp\/v2\/product_cat?post=99511"},{"taxonomy":"product_tag","embeddable":true,"href":"https:\/\/kidsplay.lt\/lv\/wp-json\/wp\/v2\/product_tag?post=99511"}],"curies":[{"name":"wp","href":"https:\/\/api.w.org\/{rel}","templated":true}]}}