{"id":99525,"date":"2026-04-04T08:02:26","date_gmt":"2026-04-04T05:02:26","guid":{"rendered":"https:\/\/kidsplay.lt\/produktas\/viga-medinis-magnetinis-zaidimas-zvejyba\/"},"modified":"2026-04-07T09:26:37","modified_gmt":"2026-04-07T06:26:37","slug":"viga-medinis-magnetinis-zaidimas-zvejyba","status":"publish","type":"product","link":"https:\/\/kidsplay.lt\/lv\/products\/viga-medinis-magnetinis-zaidimas-zvejyba\/","title":{"rendered":"VIGA medinis magnetinis \u017eaidimas \u201e\u017dvejyba&#8221;"},"content":{"rendered":"<p>The wooden magnetic Fishing game from Viga lets your little one catch colorful fish using a safe, magnetic fishing rod. Each fish is numbered, introducing your child to the world of numbers and colors. The box acts as a pond and, after playtime, serves as storage for all the pieces. It&#8217;s an ideal gift for children over 18 months , developing manual skills and eye-hand coordination.<\/p>\n<p>Characteristic:<\/p>\n<p> \t&#8211; For children 18M+<br \/>\n \t&#8211; Double-sided magnetic design for easy catching of fish<br \/>\n \t&#8211; Wooden fish with printed numbers &#8211; learning through play<br \/>\n \t&#8211; Colorful box for easy storage and presentation<br \/>\n \t&#8211; Made of safe, durable materials<\/p>\n<p>The set includes:<\/p>\n<p> \t&#8211; 1 Fish pond made of 4 colored panels<br \/>\n \t&#8211; 2 Magnetic fishing rods for one or two people<br \/>\n \t&#8211; 16 colorful fish with magnets and numbers<br \/>\n \t&#8211; Colorful box to store the set<\/p>\n<p>The toy develops:<\/p>\n<p> \t&#8211; Eye-hand coordination (fine motor skills)<br \/>\n \t&#8211; Concentration and patience<br \/>\n \t&#8211; Learning to count and recognize numbers<br \/>\n \t&#8211; Color discrimination<br \/>\n \t&#8211; Social skills and cooperation while playing together<\/p>","protected":false},"excerpt":{"rendered":"<p>The wooden magnetic Fishing game from Viga lets your little one catch colorful fish using a safe, magnetic fishing rod.<\/p>","protected":false},"featured_media":99527,"template":"","meta":{"_acf_changed":false,"_glsr_average":0,"_glsr_ranking":0,"_glsr_reviews":0},"product_brand":[],"product_cat":[884,883],"product_tag":[],"class_list":{"0":"post-99525","1":"product","2":"type-product","3":"status-publish","4":"has-post-thumbnail","6":"product_cat-edukaciniai-lavinamieji-mediniai-zaislai","7":"product_cat-mediniai-zaislai-2","8":"\"style=\"background-color: #2ecc711c;\"","10":"first","11":"instock","12":"purchasable","13":"product-type-simple"},"acf":[],"yoast_head":"<!-- This site is optimized with the Yoast SEO plugin v27.3 - https:\/\/yoast.com\/product\/yoast-seo-wordpress\/ -->\n<title>VIGA medinis magnetinis \u017eaidimas \u201e\u017dvejyba&#8221;<\/title>\n<meta name=\"description\" content=\"VIGA medinis magnetinis \u017eaidimas \u201e\u017dvejyba&#8221; - KidsPlay. Did\u017eiausias vaik\u0173 \u017eaisl\u0173 pasirinkimas.\" \/>\n<meta name=\"robots\" content=\"index, follow, max-snippet:-1, max-image-preview:large, max-video-preview:-1\" \/>\n<link rel=\"canonical\" href=\"https:\/\/kidsplay.lt\/lv\/products\/viga-medinis-magnetinis-zaidimas-zvejyba\/\" \/>\n<meta property=\"og:locale\" content=\"lv_LV\" \/>\n<meta property=\"og:type\" content=\"article\" \/>\n<meta property=\"og:title\" content=\"VIGA medinis magnetinis \u017eaidimas \u201e\u017dvejyba&#8221;\" \/>\n<meta property=\"og:description\" content=\"VIGA medinis magnetinis \u017eaidimas \u201e\u017dvejyba&#8221; - KidsPlay. Did\u017eiausias vaik\u0173 \u017eaisl\u0173 pasirinkimas.\" \/>\n<meta property=\"og:url\" content=\"https:\/\/kidsplay.lt\/lv\/products\/viga-medinis-magnetinis-zaidimas-zvejyba\/\" \/>\n<meta property=\"og:site_name\" content=\"KidsPlay\" \/>\n<meta property=\"article:publisher\" content=\"https:\/\/www.facebook.com\/www.kidsplay.lt\" \/>\n<meta property=\"article:modified_time\" content=\"2026-04-07T06:26:37+00:00\" \/>\n<meta property=\"og:image\" content=\"https:\/\/kidsplay.lt\/wp-content\/uploads\/2026\/04\/VIGA-medinis-magnetinis-zaidimas-\u201eZvejyba8221.jpg\" \/>\n\t<meta property=\"og:image:width\" content=\"1000\" \/>\n\t<meta property=\"og:image:height\" content=\"1000\" \/>\n\t<meta property=\"og:image:type\" content=\"image\/jpeg\" \/>\n<meta name=\"twitter:card\" content=\"summary_large_image\" \/>\n<meta name=\"twitter:label1\" content=\"Est. reading time\" \/>\n\t<meta name=\"twitter:data1\" content=\"1 min\u016bte\" \/>\n<script type=\"application\/ld+json\" class=\"yoast-schema-graph\">{\"@context\":\"https:\\\/\\\/schema.org\",\"@graph\":[{\"@type\":\"WebPage\",\"@id\":\"https:\\\/\\\/kidsplay.lt\\\/produktas\\\/viga-medinis-magnetinis-zaidimas-zvejyba\\\/\",\"url\":\"https:\\\/\\\/kidsplay.lt\\\/produktas\\\/viga-medinis-magnetinis-zaidimas-zvejyba\\\/\",\"name\":\"VIGA medinis magnetinis \u017eaidimas \u201e\u017dvejyba&#8221;\",\"isPartOf\":{\"@id\":\"https:\\\/\\\/kidsplay.lt\\\/#website\"},\"primaryImageOfPage\":{\"@id\":\"https:\\\/\\\/kidsplay.lt\\\/produktas\\\/viga-medinis-magnetinis-zaidimas-zvejyba\\\/#primaryimage\"},\"image\":{\"@id\":\"https:\\\/\\\/kidsplay.lt\\\/produktas\\\/viga-medinis-magnetinis-zaidimas-zvejyba\\\/#primaryimage\"},\"thumbnailUrl\":\"https:\\\/\\\/kidsplay.lt\\\/wp-content\\\/uploads\\\/2026\\\/04\\\/VIGA-medinis-magnetinis-zaidimas-\u201eZvejyba8221.jpg\",\"datePublished\":\"2026-04-04T05:02:26+00:00\",\"dateModified\":\"2026-04-07T06:26:37+00:00\",\"description\":\"VIGA medinis magnetinis \u017eaidimas \u201e\u017dvejyba&#8221; - KidsPlay. Did\u017eiausias vaik\u0173 \u017eaisl\u0173 pasirinkimas.\",\"breadcrumb\":{\"@id\":\"https:\\\/\\\/kidsplay.lt\\\/produktas\\\/viga-medinis-magnetinis-zaidimas-zvejyba\\\/#breadcrumb\"},\"inLanguage\":\"lv-LV\",\"potentialAction\":[{\"@type\":\"ReadAction\",\"target\":[\"https:\\\/\\\/kidsplay.lt\\\/produktas\\\/viga-medinis-magnetinis-zaidimas-zvejyba\\\/\"]}]},{\"@type\":\"ImageObject\",\"inLanguage\":\"lv-LV\",\"@id\":\"https:\\\/\\\/kidsplay.lt\\\/produktas\\\/viga-medinis-magnetinis-zaidimas-zvejyba\\\/#primaryimage\",\"url\":\"https:\\\/\\\/kidsplay.lt\\\/wp-content\\\/uploads\\\/2026\\\/04\\\/VIGA-medinis-magnetinis-zaidimas-\u201eZvejyba8221.jpg\",\"contentUrl\":\"https:\\\/\\\/kidsplay.lt\\\/wp-content\\\/uploads\\\/2026\\\/04\\\/VIGA-medinis-magnetinis-zaidimas-\u201eZvejyba8221.jpg\",\"width\":1000,\"height\":1000,\"caption\":\"VIGA medinis magnetinis \u017eaidimas \u201e\u017dvejyba&#8221;\"},{\"@type\":\"BreadcrumbList\",\"@id\":\"https:\\\/\\\/kidsplay.lt\\\/produktas\\\/viga-medinis-magnetinis-zaidimas-zvejyba\\\/#breadcrumb\",\"itemListElement\":[{\"@type\":\"ListItem\",\"position\":1,\"name\":\"Pagrindinis\",\"item\":\"https:\\\/\\\/kidsplay.lt\\\/\"},{\"@type\":\"ListItem\",\"position\":2,\"name\":\"Parduotuv\u0117\",\"item\":\"https:\\\/\\\/kidsplay.lt\\\/parduotuve\\\/\"},{\"@type\":\"ListItem\",\"position\":3,\"name\":\"VIGA medinis magnetinis \u017eaidimas \u201e\u017dvejyba&#8221;\"}]},{\"@type\":\"WebSite\",\"@id\":\"https:\\\/\\\/kidsplay.lt\\\/#website\",\"url\":\"https:\\\/\\\/kidsplay.lt\\\/\",\"name\":\"Kidsplay.lt\",\"description\":\"\u012evairios prek\u0117s vaikams\",\"publisher\":{\"@id\":\"https:\\\/\\\/kidsplay.lt\\\/#organization\"},\"alternateName\":\"Kidsplay\",\"potentialAction\":[{\"@type\":\"SearchAction\",\"target\":{\"@type\":\"EntryPoint\",\"urlTemplate\":\"https:\\\/\\\/kidsplay.lt\\\/?s={search_term_string}\"},\"query-input\":{\"@type\":\"PropertyValueSpecification\",\"valueRequired\":true,\"valueName\":\"search_term_string\"}}],\"inLanguage\":\"lv-LV\"},{\"@type\":\"Organization\",\"@id\":\"https:\\\/\\\/kidsplay.lt\\\/#organization\",\"name\":\"KidsPlay\",\"url\":\"https:\\\/\\\/kidsplay.lt\\\/\",\"logo\":{\"@type\":\"ImageObject\",\"inLanguage\":\"lv-LV\",\"@id\":\"https:\\\/\\\/kidsplay.lt\\\/#\\\/schema\\\/logo\\\/image\\\/\",\"url\":\"https:\\\/\\\/kidsplay.lt\\\/wp-content\\\/uploads\\\/2023\\\/07\\\/kidsplay-logo.png\",\"contentUrl\":\"https:\\\/\\\/kidsplay.lt\\\/wp-content\\\/uploads\\\/2023\\\/07\\\/kidsplay-logo.png\",\"width\":451,\"height\":98,\"caption\":\"KidsPlay\"},\"image\":{\"@id\":\"https:\\\/\\\/kidsplay.lt\\\/#\\\/schema\\\/logo\\\/image\\\/\"},\"sameAs\":[\"https:\\\/\\\/www.facebook.com\\\/www.kidsplay.lt\"]}]}<\/script>\n<!-- \/ Yoast SEO plugin. -->","yoast_head_json":{"title":"VIGA medinis magnetinis \u017eaidimas \u201e\u017dvejyba&#8221;","description":"VIGA medinis magnetinis \u017eaidimas \u201e\u017dvejyba&#8221; - KidsPlay. Did\u017eiausias vaik\u0173 \u017eaisl\u0173 pasirinkimas.","robots":{"index":"index","follow":"follow","max-snippet":"max-snippet:-1","max-image-preview":"max-image-preview:large","max-video-preview":"max-video-preview:-1"},"canonical":"https:\/\/kidsplay.lt\/lv\/products\/viga-medinis-magnetinis-zaidimas-zvejyba\/","og_locale":"lv_LV","og_type":"article","og_title":"VIGA medinis magnetinis \u017eaidimas \u201e\u017dvejyba&#8221;","og_description":"VIGA medinis magnetinis \u017eaidimas \u201e\u017dvejyba&#8221; - KidsPlay. Did\u017eiausias vaik\u0173 \u017eaisl\u0173 pasirinkimas.","og_url":"https:\/\/kidsplay.lt\/lv\/products\/viga-medinis-magnetinis-zaidimas-zvejyba\/","og_site_name":"KidsPlay","article_publisher":"https:\/\/www.facebook.com\/www.kidsplay.lt","article_modified_time":"2026-04-07T06:26:37+00:00","og_image":[{"width":1000,"height":1000,"url":"https:\/\/kidsplay.lt\/wp-content\/uploads\/2026\/04\/VIGA-medinis-magnetinis-zaidimas-\u201eZvejyba8221.jpg","type":"image\/jpeg"}],"twitter_card":"summary_large_image","twitter_misc":{"Est. reading time":"1 min\u016bte"},"schema":{"@context":"https:\/\/schema.org","@graph":[{"@type":"WebPage","@id":"https:\/\/kidsplay.lt\/produktas\/viga-medinis-magnetinis-zaidimas-zvejyba\/","url":"https:\/\/kidsplay.lt\/produktas\/viga-medinis-magnetinis-zaidimas-zvejyba\/","name":"VIGA medinis magnetinis \u017eaidimas \u201e\u017dvejyba&#8221;","isPartOf":{"@id":"https:\/\/kidsplay.lt\/#website"},"primaryImageOfPage":{"@id":"https:\/\/kidsplay.lt\/produktas\/viga-medinis-magnetinis-zaidimas-zvejyba\/#primaryimage"},"image":{"@id":"https:\/\/kidsplay.lt\/produktas\/viga-medinis-magnetinis-zaidimas-zvejyba\/#primaryimage"},"thumbnailUrl":"https:\/\/kidsplay.lt\/wp-content\/uploads\/2026\/04\/VIGA-medinis-magnetinis-zaidimas-\u201eZvejyba8221.jpg","datePublished":"2026-04-04T05:02:26+00:00","dateModified":"2026-04-07T06:26:37+00:00","description":"VIGA medinis magnetinis \u017eaidimas \u201e\u017dvejyba&#8221; - KidsPlay. Did\u017eiausias vaik\u0173 \u017eaisl\u0173 pasirinkimas.","breadcrumb":{"@id":"https:\/\/kidsplay.lt\/produktas\/viga-medinis-magnetinis-zaidimas-zvejyba\/#breadcrumb"},"inLanguage":"lv-LV","potentialAction":[{"@type":"ReadAction","target":["https:\/\/kidsplay.lt\/produktas\/viga-medinis-magnetinis-zaidimas-zvejyba\/"]}]},{"@type":"ImageObject","inLanguage":"lv-LV","@id":"https:\/\/kidsplay.lt\/produktas\/viga-medinis-magnetinis-zaidimas-zvejyba\/#primaryimage","url":"https:\/\/kidsplay.lt\/wp-content\/uploads\/2026\/04\/VIGA-medinis-magnetinis-zaidimas-\u201eZvejyba8221.jpg","contentUrl":"https:\/\/kidsplay.lt\/wp-content\/uploads\/2026\/04\/VIGA-medinis-magnetinis-zaidimas-\u201eZvejyba8221.jpg","width":1000,"height":1000,"caption":"VIGA medinis magnetinis \u017eaidimas \u201e\u017dvejyba&#8221;"},{"@type":"BreadcrumbList","@id":"https:\/\/kidsplay.lt\/produktas\/viga-medinis-magnetinis-zaidimas-zvejyba\/#breadcrumb","itemListElement":[{"@type":"ListItem","position":1,"name":"Pagrindinis","item":"https:\/\/kidsplay.lt\/"},{"@type":"ListItem","position":2,"name":"Parduotuv\u0117","item":"https:\/\/kidsplay.lt\/parduotuve\/"},{"@type":"ListItem","position":3,"name":"VIGA medinis magnetinis \u017eaidimas \u201e\u017dvejyba&#8221;"}]},{"@type":"WebSite","@id":"https:\/\/kidsplay.lt\/#website","url":"https:\/\/kidsplay.lt\/","name":"B\u0113rnu sp\u0113les.lv","description":"\u012evairios prek\u0117s vaikams","publisher":{"@id":"https:\/\/kidsplay.lt\/#organization"},"alternateName":"Kidsplay","potentialAction":[{"@type":"SearchAction","target":{"@type":"EntryPoint","urlTemplate":"https:\/\/kidsplay.lt\/?s={search_term_string}"},"query-input":{"@type":"PropertyValueSpecification","valueRequired":true,"valueName":"search_term_string"}}],"inLanguage":"lv-LV"},{"@type":"Organization","@id":"https:\/\/kidsplay.lt\/#organization","name":"B\u0113rnu sp\u0113le","url":"https:\/\/kidsplay.lt\/","logo":{"@type":"ImageObject","inLanguage":"lv-LV","@id":"https:\/\/kidsplay.lt\/#\/schema\/logo\/image\/","url":"https:\/\/kidsplay.lt\/wp-content\/uploads\/2023\/07\/kidsplay-logo.png","contentUrl":"https:\/\/kidsplay.lt\/wp-content\/uploads\/2023\/07\/kidsplay-logo.png","width":451,"height":98,"caption":"KidsPlay"},"image":{"@id":"https:\/\/kidsplay.lt\/#\/schema\/logo\/image\/"},"sameAs":["https:\/\/www.facebook.com\/www.kidsplay.lt"]}]}},"_links":{"self":[{"href":"https:\/\/kidsplay.lt\/lv\/wp-json\/wp\/v2\/product\/99525","targetHints":{"allow":["GET"]}}],"collection":[{"href":"https:\/\/kidsplay.lt\/lv\/wp-json\/wp\/v2\/product"}],"about":[{"href":"https:\/\/kidsplay.lt\/lv\/wp-json\/wp\/v2\/types\/product"}],"version-history":[{"count":1,"href":"https:\/\/kidsplay.lt\/lv\/wp-json\/wp\/v2\/product\/99525\/revisions"}],"predecessor-version":[{"id":99526,"href":"https:\/\/kidsplay.lt\/lv\/wp-json\/wp\/v2\/product\/99525\/revisions\/99526"}],"wp:featuredmedia":[{"embeddable":true,"href":"https:\/\/kidsplay.lt\/lv\/wp-json\/wp\/v2\/media\/99527"}],"wp:attachment":[{"href":"https:\/\/kidsplay.lt\/lv\/wp-json\/wp\/v2\/media?parent=99525"}],"wp:term":[{"taxonomy":"product_brand","embeddable":true,"href":"https:\/\/kidsplay.lt\/lv\/wp-json\/wp\/v2\/product_brand?post=99525"},{"taxonomy":"product_cat","embeddable":true,"href":"https:\/\/kidsplay.lt\/lv\/wp-json\/wp\/v2\/product_cat?post=99525"},{"taxonomy":"product_tag","embeddable":true,"href":"https:\/\/kidsplay.lt\/lv\/wp-json\/wp\/v2\/product_tag?post=99525"}],"curies":[{"name":"wp","href":"https:\/\/api.w.org\/{rel}","templated":true}]}}