{"id":99532,"date":"2026-04-04T08:02:45","date_gmt":"2026-04-04T05:02:45","guid":{"rendered":"https:\/\/kidsplay.lt\/produktas\/viga-medinis-lopsys-lelems-su-sirdeles-dekoracija\/"},"modified":"2026-04-07T09:26:39","modified_gmt":"2026-04-07T06:26:39","slug":"viga-medinis-lopsys-lelems-su-sirdeles-dekoracija","status":"publish","type":"product","link":"https:\/\/kidsplay.lt\/lv\/products\/viga-medinis-lopsys-lelems-su-sirdeles-dekoracija\/","title":{"rendered":"VIGA medinis lop\u0161ys l\u0117l\u0117ms su \u0161irdel\u0117s dekoracija"},"content":{"rendered":"<p>Sukurkite magi\u0161k\u0105 kampel\u012f savo vaiko m\u0117gstamai l\u0117lei su \u0161iuo gra\u017eiu mediniu lop\u0161iu i\u0161 Viga, kuris \u017eavi subtiliu \u0161irdel\u0117s formos dekoru. \u0160is esteti\u0161kai patrauklus bald\u0173 gabalas leid\u017eia net ma\u017eyliams nuo 18 m\u0117nesi\u0173 imituoti suaugusius, r\u016bpestingai migdant j\u0173 me\u0161kiukus ir l\u0117les. Lop\u0161io erdvi vidin\u0117 dalis lengvai talpina l\u0117les iki 50 cm dyd\u017eio, u\u017etikrindama komfort\u0105 d\u0117ka mink\u0161tos patalyn\u0117s. \u017daidimas \u201emiegas\u201c yra nuostabi pamoka jautrumo, nat\u016braliai mokanti vaik\u0105 empatijos ir atsakomyb\u0117s u\u017e kitus. Pasirinkite \u017eaisl\u0105, kuris derina gra\u017e\u0173 stili\u0173 su vertingomis pamokomis apie meil\u0117s ir r\u016bpes\u010dio rodym\u0105 saugioje nam\u0173 aplinkoje.<br \/>\nRaksturojums:<\/p>\n<p>Saugus dizainas vaikams nuo 18 m\u0117nesi\u0173<\/p>\n<p>Sukurtas talpinti l\u0117les iki 50 cm ilgio<\/p>\n<p>Lop\u0161io \u0161onai dekoruoti \u0161irdel\u0117s formos i\u0161pjovomis ir kop\u0117t\u0117l\u0117mis, suteikian\u010diomis lengvumo ir \u017eavesio<\/p>\n<p>Vamzdin\u0117s \u0161onin\u0117s b\u0117gimo detal\u0117s leid\u017eia \u0161velniai linguoti, nuramina vaik\u0105 ir daro \u017eaidim\u0105 realisti\u0161kesn\u012f<\/p>\n<p>Sulankstytas lop\u0161ys yra stabilus ir taps gra\u017eiu akcentu vaiko kambaryje<\/p>\n<p>Rinkin\u012f sudaro:<\/p>\n<p>Medinis lop\u0161ys<\/p>\n<p>Pagalv\u0117l\u0117<\/p>\n<p>Patalyn\u0117<\/p>","protected":false},"excerpt":{"rendered":"<p>Sukurkite magi\u0161k\u0105 kampel\u012f savo vaiko m\u0117gstamai l\u0117lei su \u0161iuo gra\u017eiu mediniu lop\u0161iu i\u0161 Viga, kuris \u017eavi subtiliu \u0161irdel\u0117s formos dekoru.<\/p>","protected":false},"featured_media":99534,"template":"","meta":{"_acf_changed":false,"_glsr_average":0,"_glsr_ranking":0,"_glsr_reviews":0},"product_brand":[],"product_cat":[443,229],"product_tag":[],"class_list":{"0":"post-99532","1":"product","2":"type-product","3":"status-publish","4":"has-post-thumbnail","6":"product_cat-leles-ir-priedai","7":"product_cat-zaislai-vaikams","8":"\"style=\"background-color: #2ecc711c;\"","10":"first","11":"instock","12":"purchasable","13":"product-type-simple"},"acf":[],"yoast_head":"<!-- This site is optimized with the Yoast SEO plugin v27.3 - https:\/\/yoast.com\/product\/yoast-seo-wordpress\/ -->\n<title>VIGA medinis lop\u0161ys l\u0117l\u0117ms su \u0161irdel\u0117s dekoracija<\/title>\n<meta name=\"description\" content=\"VIGA medinis lop\u0161ys l\u0117l\u0117ms su \u0161irdel\u0117s dekoracija - KidsPlay. Did\u017eiausias vaik\u0173 \u017eaisl\u0173 pasirinkimas.\" \/>\n<meta name=\"robots\" content=\"index, follow, max-snippet:-1, max-image-preview:large, max-video-preview:-1\" \/>\n<link rel=\"canonical\" href=\"https:\/\/kidsplay.lt\/lv\/products\/viga-medinis-lopsys-lelems-su-sirdeles-dekoracija\/\" \/>\n<meta property=\"og:locale\" content=\"lv_LV\" \/>\n<meta property=\"og:type\" content=\"article\" \/>\n<meta property=\"og:title\" content=\"VIGA medinis lop\u0161ys l\u0117l\u0117ms su \u0161irdel\u0117s dekoracija\" \/>\n<meta property=\"og:description\" content=\"VIGA medinis lop\u0161ys l\u0117l\u0117ms su \u0161irdel\u0117s dekoracija - KidsPlay. Did\u017eiausias vaik\u0173 \u017eaisl\u0173 pasirinkimas.\" \/>\n<meta property=\"og:url\" content=\"https:\/\/kidsplay.lt\/lv\/products\/viga-medinis-lopsys-lelems-su-sirdeles-dekoracija\/\" \/>\n<meta property=\"og:site_name\" content=\"KidsPlay\" \/>\n<meta property=\"article:publisher\" content=\"https:\/\/www.facebook.com\/www.kidsplay.lt\" \/>\n<meta property=\"article:modified_time\" content=\"2026-04-07T06:26:39+00:00\" \/>\n<meta property=\"og:image\" content=\"https:\/\/kidsplay.lt\/wp-content\/uploads\/2026\/04\/VIGA-medinis-lopsys-lelems-su-sirdeles-dekoracija.jpg\" \/>\n\t<meta property=\"og:image:width\" content=\"1000\" \/>\n\t<meta property=\"og:image:height\" content=\"1000\" \/>\n\t<meta property=\"og:image:type\" content=\"image\/jpeg\" \/>\n<meta name=\"twitter:card\" content=\"summary_large_image\" \/>\n<meta name=\"twitter:label1\" content=\"Est. reading time\" \/>\n\t<meta name=\"twitter:data1\" content=\"1 min\u016bte\" \/>\n<script type=\"application\/ld+json\" class=\"yoast-schema-graph\">{\"@context\":\"https:\\\/\\\/schema.org\",\"@graph\":[{\"@type\":\"WebPage\",\"@id\":\"https:\\\/\\\/kidsplay.lt\\\/produktas\\\/viga-medinis-lopsys-lelems-su-sirdeles-dekoracija\\\/\",\"url\":\"https:\\\/\\\/kidsplay.lt\\\/produktas\\\/viga-medinis-lopsys-lelems-su-sirdeles-dekoracija\\\/\",\"name\":\"VIGA medinis lop\u0161ys l\u0117l\u0117ms su \u0161irdel\u0117s dekoracija\",\"isPartOf\":{\"@id\":\"https:\\\/\\\/kidsplay.lt\\\/#website\"},\"primaryImageOfPage\":{\"@id\":\"https:\\\/\\\/kidsplay.lt\\\/produktas\\\/viga-medinis-lopsys-lelems-su-sirdeles-dekoracija\\\/#primaryimage\"},\"image\":{\"@id\":\"https:\\\/\\\/kidsplay.lt\\\/produktas\\\/viga-medinis-lopsys-lelems-su-sirdeles-dekoracija\\\/#primaryimage\"},\"thumbnailUrl\":\"https:\\\/\\\/kidsplay.lt\\\/wp-content\\\/uploads\\\/2026\\\/04\\\/VIGA-medinis-lopsys-lelems-su-sirdeles-dekoracija.jpg\",\"datePublished\":\"2026-04-04T05:02:45+00:00\",\"dateModified\":\"2026-04-07T06:26:39+00:00\",\"description\":\"VIGA medinis lop\u0161ys l\u0117l\u0117ms su \u0161irdel\u0117s dekoracija - KidsPlay. Did\u017eiausias vaik\u0173 \u017eaisl\u0173 pasirinkimas.\",\"breadcrumb\":{\"@id\":\"https:\\\/\\\/kidsplay.lt\\\/produktas\\\/viga-medinis-lopsys-lelems-su-sirdeles-dekoracija\\\/#breadcrumb\"},\"inLanguage\":\"lv-LV\",\"potentialAction\":[{\"@type\":\"ReadAction\",\"target\":[\"https:\\\/\\\/kidsplay.lt\\\/produktas\\\/viga-medinis-lopsys-lelems-su-sirdeles-dekoracija\\\/\"]}]},{\"@type\":\"ImageObject\",\"inLanguage\":\"lv-LV\",\"@id\":\"https:\\\/\\\/kidsplay.lt\\\/produktas\\\/viga-medinis-lopsys-lelems-su-sirdeles-dekoracija\\\/#primaryimage\",\"url\":\"https:\\\/\\\/kidsplay.lt\\\/wp-content\\\/uploads\\\/2026\\\/04\\\/VIGA-medinis-lopsys-lelems-su-sirdeles-dekoracija.jpg\",\"contentUrl\":\"https:\\\/\\\/kidsplay.lt\\\/wp-content\\\/uploads\\\/2026\\\/04\\\/VIGA-medinis-lopsys-lelems-su-sirdeles-dekoracija.jpg\",\"width\":1000,\"height\":1000,\"caption\":\"VIGA medinis lop\u0161ys l\u0117l\u0117ms su \u0161irdel\u0117s dekoracija\"},{\"@type\":\"BreadcrumbList\",\"@id\":\"https:\\\/\\\/kidsplay.lt\\\/produktas\\\/viga-medinis-lopsys-lelems-su-sirdeles-dekoracija\\\/#breadcrumb\",\"itemListElement\":[{\"@type\":\"ListItem\",\"position\":1,\"name\":\"Pagrindinis\",\"item\":\"https:\\\/\\\/kidsplay.lt\\\/\"},{\"@type\":\"ListItem\",\"position\":2,\"name\":\"Parduotuv\u0117\",\"item\":\"https:\\\/\\\/kidsplay.lt\\\/parduotuve\\\/\"},{\"@type\":\"ListItem\",\"position\":3,\"name\":\"VIGA medinis lop\u0161ys l\u0117l\u0117ms su \u0161irdel\u0117s dekoracija\"}]},{\"@type\":\"WebSite\",\"@id\":\"https:\\\/\\\/kidsplay.lt\\\/#website\",\"url\":\"https:\\\/\\\/kidsplay.lt\\\/\",\"name\":\"Kidsplay.lt\",\"description\":\"\u012evairios prek\u0117s vaikams\",\"publisher\":{\"@id\":\"https:\\\/\\\/kidsplay.lt\\\/#organization\"},\"alternateName\":\"Kidsplay\",\"potentialAction\":[{\"@type\":\"SearchAction\",\"target\":{\"@type\":\"EntryPoint\",\"urlTemplate\":\"https:\\\/\\\/kidsplay.lt\\\/?s={search_term_string}\"},\"query-input\":{\"@type\":\"PropertyValueSpecification\",\"valueRequired\":true,\"valueName\":\"search_term_string\"}}],\"inLanguage\":\"lv-LV\"},{\"@type\":\"Organization\",\"@id\":\"https:\\\/\\\/kidsplay.lt\\\/#organization\",\"name\":\"KidsPlay\",\"url\":\"https:\\\/\\\/kidsplay.lt\\\/\",\"logo\":{\"@type\":\"ImageObject\",\"inLanguage\":\"lv-LV\",\"@id\":\"https:\\\/\\\/kidsplay.lt\\\/#\\\/schema\\\/logo\\\/image\\\/\",\"url\":\"https:\\\/\\\/kidsplay.lt\\\/wp-content\\\/uploads\\\/2023\\\/07\\\/kidsplay-logo.png\",\"contentUrl\":\"https:\\\/\\\/kidsplay.lt\\\/wp-content\\\/uploads\\\/2023\\\/07\\\/kidsplay-logo.png\",\"width\":451,\"height\":98,\"caption\":\"KidsPlay\"},\"image\":{\"@id\":\"https:\\\/\\\/kidsplay.lt\\\/#\\\/schema\\\/logo\\\/image\\\/\"},\"sameAs\":[\"https:\\\/\\\/www.facebook.com\\\/www.kidsplay.lt\"]}]}<\/script>\n<!-- \/ Yoast SEO plugin. -->","yoast_head_json":{"title":"VIGA medinis lop\u0161ys l\u0117l\u0117ms su \u0161irdel\u0117s dekoracija","description":"VIGA medinis lop\u0161ys l\u0117l\u0117ms su \u0161irdel\u0117s dekoracija - KidsPlay. Did\u017eiausias vaik\u0173 \u017eaisl\u0173 pasirinkimas.","robots":{"index":"index","follow":"follow","max-snippet":"max-snippet:-1","max-image-preview":"max-image-preview:large","max-video-preview":"max-video-preview:-1"},"canonical":"https:\/\/kidsplay.lt\/lv\/products\/viga-medinis-lopsys-lelems-su-sirdeles-dekoracija\/","og_locale":"lv_LV","og_type":"article","og_title":"VIGA medinis lop\u0161ys l\u0117l\u0117ms su \u0161irdel\u0117s dekoracija","og_description":"VIGA medinis lop\u0161ys l\u0117l\u0117ms su \u0161irdel\u0117s dekoracija - KidsPlay. Did\u017eiausias vaik\u0173 \u017eaisl\u0173 pasirinkimas.","og_url":"https:\/\/kidsplay.lt\/lv\/products\/viga-medinis-lopsys-lelems-su-sirdeles-dekoracija\/","og_site_name":"KidsPlay","article_publisher":"https:\/\/www.facebook.com\/www.kidsplay.lt","article_modified_time":"2026-04-07T06:26:39+00:00","og_image":[{"width":1000,"height":1000,"url":"https:\/\/kidsplay.lt\/wp-content\/uploads\/2026\/04\/VIGA-medinis-lopsys-lelems-su-sirdeles-dekoracija.jpg","type":"image\/jpeg"}],"twitter_card":"summary_large_image","twitter_misc":{"Est. reading time":"1 min\u016bte"},"schema":{"@context":"https:\/\/schema.org","@graph":[{"@type":"WebPage","@id":"https:\/\/kidsplay.lt\/produktas\/viga-medinis-lopsys-lelems-su-sirdeles-dekoracija\/","url":"https:\/\/kidsplay.lt\/produktas\/viga-medinis-lopsys-lelems-su-sirdeles-dekoracija\/","name":"VIGA medinis lop\u0161ys l\u0117l\u0117ms su \u0161irdel\u0117s dekoracija","isPartOf":{"@id":"https:\/\/kidsplay.lt\/#website"},"primaryImageOfPage":{"@id":"https:\/\/kidsplay.lt\/produktas\/viga-medinis-lopsys-lelems-su-sirdeles-dekoracija\/#primaryimage"},"image":{"@id":"https:\/\/kidsplay.lt\/produktas\/viga-medinis-lopsys-lelems-su-sirdeles-dekoracija\/#primaryimage"},"thumbnailUrl":"https:\/\/kidsplay.lt\/wp-content\/uploads\/2026\/04\/VIGA-medinis-lopsys-lelems-su-sirdeles-dekoracija.jpg","datePublished":"2026-04-04T05:02:45+00:00","dateModified":"2026-04-07T06:26:39+00:00","description":"VIGA medinis lop\u0161ys l\u0117l\u0117ms su \u0161irdel\u0117s dekoracija - KidsPlay. Did\u017eiausias vaik\u0173 \u017eaisl\u0173 pasirinkimas.","breadcrumb":{"@id":"https:\/\/kidsplay.lt\/produktas\/viga-medinis-lopsys-lelems-su-sirdeles-dekoracija\/#breadcrumb"},"inLanguage":"lv-LV","potentialAction":[{"@type":"ReadAction","target":["https:\/\/kidsplay.lt\/produktas\/viga-medinis-lopsys-lelems-su-sirdeles-dekoracija\/"]}]},{"@type":"ImageObject","inLanguage":"lv-LV","@id":"https:\/\/kidsplay.lt\/produktas\/viga-medinis-lopsys-lelems-su-sirdeles-dekoracija\/#primaryimage","url":"https:\/\/kidsplay.lt\/wp-content\/uploads\/2026\/04\/VIGA-medinis-lopsys-lelems-su-sirdeles-dekoracija.jpg","contentUrl":"https:\/\/kidsplay.lt\/wp-content\/uploads\/2026\/04\/VIGA-medinis-lopsys-lelems-su-sirdeles-dekoracija.jpg","width":1000,"height":1000,"caption":"VIGA medinis lop\u0161ys l\u0117l\u0117ms su \u0161irdel\u0117s dekoracija"},{"@type":"BreadcrumbList","@id":"https:\/\/kidsplay.lt\/produktas\/viga-medinis-lopsys-lelems-su-sirdeles-dekoracija\/#breadcrumb","itemListElement":[{"@type":"ListItem","position":1,"name":"Pagrindinis","item":"https:\/\/kidsplay.lt\/"},{"@type":"ListItem","position":2,"name":"Parduotuv\u0117","item":"https:\/\/kidsplay.lt\/parduotuve\/"},{"@type":"ListItem","position":3,"name":"VIGA medinis lop\u0161ys l\u0117l\u0117ms su \u0161irdel\u0117s dekoracija"}]},{"@type":"WebSite","@id":"https:\/\/kidsplay.lt\/#website","url":"https:\/\/kidsplay.lt\/","name":"B\u0113rnu sp\u0113les.lv","description":"\u012evairios prek\u0117s vaikams","publisher":{"@id":"https:\/\/kidsplay.lt\/#organization"},"alternateName":"Kidsplay","potentialAction":[{"@type":"SearchAction","target":{"@type":"EntryPoint","urlTemplate":"https:\/\/kidsplay.lt\/?s={search_term_string}"},"query-input":{"@type":"PropertyValueSpecification","valueRequired":true,"valueName":"search_term_string"}}],"inLanguage":"lv-LV"},{"@type":"Organization","@id":"https:\/\/kidsplay.lt\/#organization","name":"B\u0113rnu sp\u0113le","url":"https:\/\/kidsplay.lt\/","logo":{"@type":"ImageObject","inLanguage":"lv-LV","@id":"https:\/\/kidsplay.lt\/#\/schema\/logo\/image\/","url":"https:\/\/kidsplay.lt\/wp-content\/uploads\/2023\/07\/kidsplay-logo.png","contentUrl":"https:\/\/kidsplay.lt\/wp-content\/uploads\/2023\/07\/kidsplay-logo.png","width":451,"height":98,"caption":"KidsPlay"},"image":{"@id":"https:\/\/kidsplay.lt\/#\/schema\/logo\/image\/"},"sameAs":["https:\/\/www.facebook.com\/www.kidsplay.lt"]}]}},"_links":{"self":[{"href":"https:\/\/kidsplay.lt\/lv\/wp-json\/wp\/v2\/product\/99532","targetHints":{"allow":["GET"]}}],"collection":[{"href":"https:\/\/kidsplay.lt\/lv\/wp-json\/wp\/v2\/product"}],"about":[{"href":"https:\/\/kidsplay.lt\/lv\/wp-json\/wp\/v2\/types\/product"}],"version-history":[{"count":1,"href":"https:\/\/kidsplay.lt\/lv\/wp-json\/wp\/v2\/product\/99532\/revisions"}],"predecessor-version":[{"id":99533,"href":"https:\/\/kidsplay.lt\/lv\/wp-json\/wp\/v2\/product\/99532\/revisions\/99533"}],"wp:featuredmedia":[{"embeddable":true,"href":"https:\/\/kidsplay.lt\/lv\/wp-json\/wp\/v2\/media\/99534"}],"wp:attachment":[{"href":"https:\/\/kidsplay.lt\/lv\/wp-json\/wp\/v2\/media?parent=99532"}],"wp:term":[{"taxonomy":"product_brand","embeddable":true,"href":"https:\/\/kidsplay.lt\/lv\/wp-json\/wp\/v2\/product_brand?post=99532"},{"taxonomy":"product_cat","embeddable":true,"href":"https:\/\/kidsplay.lt\/lv\/wp-json\/wp\/v2\/product_cat?post=99532"},{"taxonomy":"product_tag","embeddable":true,"href":"https:\/\/kidsplay.lt\/lv\/wp-json\/wp\/v2\/product_tag?post=99532"}],"curies":[{"name":"wp","href":"https:\/\/api.w.org\/{rel}","templated":true}]}}