{"id":99552,"date":"2026-04-04T08:04:04","date_gmt":"2026-04-04T05:04:04","guid":{"rendered":"https:\/\/kidsplay.lt\/produktas\/viga-medinis-edukacinis-zaidimas-loginiai-karoliukai-104-dalys-montessori-metodas\/"},"modified":"2026-04-07T09:26:46","modified_gmt":"2026-04-07T06:26:46","slug":"viga-medinis-edukacinis-zaidimas-loginiai-karoliukai-104-dalys-montessori-metodas","status":"publish","type":"product","link":"https:\/\/kidsplay.lt\/lv\/products\/viga-medinis-edukacinis-zaidimas-loginiai-karoliukai-104-dalys-montessori-metodas\/","title":{"rendered":"VIGA medinis edukacinis \u017eaidimas \u201eLoginiai karoliukai\u201c \u2013 104 dalys, Montessori metodas"},"content":{"rendered":"<p>Ie\u0161kote \u017eaislo, kuris mokym\u0105 paverst\u0173 spalvinga ir \u012ftraukian\u010dia nuotyki\u0173 kelione? Mediniai susipyn\u0119 karoliukai i\u0161 Viga \u2013 puikus pasirinkimas, kuris valand\u0173 valandas \u012ftraukia vaik\u0173 vaizduot\u0119 ir ma\u017eas rankytes! \u0160is rinkinys \u2013 ne tik karoliukai, bet apgalvota edukacin\u0117 priemon\u0117, nat\u016braliai supa\u017eindinanti ma\u017eyl\u012f su ra\u0161tais, formomis ir loginio m\u0105stymo principais. D\u0117ka prid\u0117t\u0173 u\u017eduo\u010di\u0173 korteli\u0173, j\u016bs\u0173 vaikas susiduria su \u012fdomiais i\u0161\u0161\u016bkiais, kiekvienu u\u017eri\u0161tu karoliuku stiprindamas pasitik\u0117jim\u0105 savimi. Pagamintas i\u0161 ekologi\u0161kos medienos, \u0161is \u017eaislas garantuoja saugum\u0105 ir patvarum\u0105, tampdamas m\u0117gstamiausiu kasdienio \u017eaidimo \u012frankiu Montessori dvasia.<br \/>\nRaksturojums<\/p>\n<p>Tinka vaikams nuo 3 met\u0173<\/p>\n<p>\u017daislas pagamintas i\u0161 nat\u016bralios, tvirtos medienos, kruop\u0161\u010diai \u0161lifuotos ir malonios liesti<\/p>\n<p>Da\u017eytas netoksi\u0161kais, ry\u0161kiais da\u017eais, 100 % saugiais vaik\u0173 sveikatai<\/p>\n<p>\u017daislas moko atpa\u017einti objekt\u0173 tarpusavio ry\u0161ius ir atkartoti ra\u0161tus<\/p>\n<p>Visas rinkinys supakuotas \u012f tvirt\u0105 medin\u0119 d\u0117\u017eut\u0119 su skyreliais, palengvinan\u010di\u0105 tvark\u0105 po \u017eaidimo<\/p>\n<p>Komplekts sast\u0101v no<\/p>\n<p>72 spalvingi karoliukai \u012fvairi\u0173 form\u0173<\/p>\n<p>10 ra\u0161t\u0173 korteli\u0173<\/p>\n<p>10 medini\u0173 lazdel\u0117s vertikalioms bok\u0161tams statyti<\/p>\n<p>2 spalvoti si\u016blai tradiciniam karoliuk\u0173 v\u0117rimui<\/p>\n<p>Medin\u0117 d\u0117\u017eut\u0117 su skaidriu dang\u010diu daiktams r\u016b\u0161iuoti<\/p>","protected":false},"excerpt":{"rendered":"<p>Ie\u0161kote \u017eaislo, kuris mokym\u0105 paverst\u0173 spalvinga ir \u012ftraukian\u010dia nuotyki\u0173 kelione? Mediniai susipyn\u0119 karoliukai i\u0161 Viga \u2013 puikus pasirinkimas, kuris valand\u0173<\/p>","protected":false},"featured_media":99554,"template":"","meta":{"_acf_changed":false,"_glsr_average":0,"_glsr_ranking":0,"_glsr_reviews":0},"product_brand":[],"product_cat":[884,883],"product_tag":[],"class_list":{"0":"post-99552","1":"product","2":"type-product","3":"status-publish","4":"has-post-thumbnail","6":"product_cat-edukaciniai-lavinamieji-mediniai-zaislai","7":"product_cat-mediniai-zaislai-2","8":"\"style=\"background-color: #2ecc711c;\"","10":"first","11":"instock","12":"purchasable","13":"product-type-simple"},"acf":[],"yoast_head":"<!-- This site is optimized with the Yoast SEO plugin v27.3 - https:\/\/yoast.com\/product\/yoast-seo-wordpress\/ -->\n<title>VIGA medinis edukacinis \u017eaidimas \u201eLoginiai karoliukai\u201c \u2013 104 dalys, Montessori metodas<\/title>\n<meta name=\"description\" content=\"VIGA medinis edukacinis \u017eaidimas \u201eLoginiai karoliukai\u201c \u2013 104 dalys, Montessori metodas - KidsPlay. Did\u017eiausias vaik\u0173 \u017eaisl\u0173 pasirinkimas.\" \/>\n<meta name=\"robots\" content=\"index, follow, max-snippet:-1, max-image-preview:large, max-video-preview:-1\" \/>\n<link rel=\"canonical\" href=\"https:\/\/kidsplay.lt\/lv\/products\/viga-medinis-edukacinis-zaidimas-loginiai-karoliukai-104-dalys-montessori-metodas\/\" \/>\n<meta property=\"og:locale\" content=\"lv_LV\" \/>\n<meta property=\"og:type\" content=\"article\" \/>\n<meta property=\"og:title\" content=\"VIGA medinis edukacinis \u017eaidimas \u201eLoginiai karoliukai\u201c \u2013 104 dalys, Montessori metodas\" \/>\n<meta property=\"og:description\" content=\"VIGA medinis edukacinis \u017eaidimas \u201eLoginiai karoliukai\u201c \u2013 104 dalys, Montessori metodas - KidsPlay. Did\u017eiausias vaik\u0173 \u017eaisl\u0173 pasirinkimas.\" \/>\n<meta property=\"og:url\" content=\"https:\/\/kidsplay.lt\/lv\/products\/viga-medinis-edukacinis-zaidimas-loginiai-karoliukai-104-dalys-montessori-metodas\/\" \/>\n<meta property=\"og:site_name\" content=\"KidsPlay\" \/>\n<meta property=\"article:publisher\" content=\"https:\/\/www.facebook.com\/www.kidsplay.lt\" \/>\n<meta property=\"article:modified_time\" content=\"2026-04-07T06:26:46+00:00\" \/>\n<meta property=\"og:image\" content=\"https:\/\/kidsplay.lt\/wp-content\/uploads\/2026\/04\/VIGA-medinis-edukacinis-zaidimas-\u201eLoginiai-karoliukai-\u2013-104-dalys-Montessori-metodas.jpg\" \/>\n\t<meta property=\"og:image:width\" content=\"2399\" \/>\n\t<meta property=\"og:image:height\" content=\"2399\" \/>\n\t<meta property=\"og:image:type\" content=\"image\/jpeg\" \/>\n<meta name=\"twitter:card\" content=\"summary_large_image\" \/>\n<meta name=\"twitter:label1\" content=\"Est. reading time\" \/>\n\t<meta name=\"twitter:data1\" content=\"1 min\u016bte\" \/>\n<script type=\"application\/ld+json\" class=\"yoast-schema-graph\">{\"@context\":\"https:\\\/\\\/schema.org\",\"@graph\":[{\"@type\":\"WebPage\",\"@id\":\"https:\\\/\\\/kidsplay.lt\\\/produktas\\\/viga-medinis-edukacinis-zaidimas-loginiai-karoliukai-104-dalys-montessori-metodas\\\/\",\"url\":\"https:\\\/\\\/kidsplay.lt\\\/produktas\\\/viga-medinis-edukacinis-zaidimas-loginiai-karoliukai-104-dalys-montessori-metodas\\\/\",\"name\":\"VIGA medinis edukacinis \u017eaidimas \u201eLoginiai karoliukai\u201c \u2013 104 dalys, Montessori metodas\",\"isPartOf\":{\"@id\":\"https:\\\/\\\/kidsplay.lt\\\/#website\"},\"primaryImageOfPage\":{\"@id\":\"https:\\\/\\\/kidsplay.lt\\\/produktas\\\/viga-medinis-edukacinis-zaidimas-loginiai-karoliukai-104-dalys-montessori-metodas\\\/#primaryimage\"},\"image\":{\"@id\":\"https:\\\/\\\/kidsplay.lt\\\/produktas\\\/viga-medinis-edukacinis-zaidimas-loginiai-karoliukai-104-dalys-montessori-metodas\\\/#primaryimage\"},\"thumbnailUrl\":\"https:\\\/\\\/kidsplay.lt\\\/wp-content\\\/uploads\\\/2026\\\/04\\\/VIGA-medinis-edukacinis-zaidimas-\u201eLoginiai-karoliukai-\u2013-104-dalys-Montessori-metodas.jpg\",\"datePublished\":\"2026-04-04T05:04:04+00:00\",\"dateModified\":\"2026-04-07T06:26:46+00:00\",\"description\":\"VIGA medinis edukacinis \u017eaidimas \u201eLoginiai karoliukai\u201c \u2013 104 dalys, Montessori metodas - KidsPlay. Did\u017eiausias vaik\u0173 \u017eaisl\u0173 pasirinkimas.\",\"breadcrumb\":{\"@id\":\"https:\\\/\\\/kidsplay.lt\\\/produktas\\\/viga-medinis-edukacinis-zaidimas-loginiai-karoliukai-104-dalys-montessori-metodas\\\/#breadcrumb\"},\"inLanguage\":\"lv-LV\",\"potentialAction\":[{\"@type\":\"ReadAction\",\"target\":[\"https:\\\/\\\/kidsplay.lt\\\/produktas\\\/viga-medinis-edukacinis-zaidimas-loginiai-karoliukai-104-dalys-montessori-metodas\\\/\"]}]},{\"@type\":\"ImageObject\",\"inLanguage\":\"lv-LV\",\"@id\":\"https:\\\/\\\/kidsplay.lt\\\/produktas\\\/viga-medinis-edukacinis-zaidimas-loginiai-karoliukai-104-dalys-montessori-metodas\\\/#primaryimage\",\"url\":\"https:\\\/\\\/kidsplay.lt\\\/wp-content\\\/uploads\\\/2026\\\/04\\\/VIGA-medinis-edukacinis-zaidimas-\u201eLoginiai-karoliukai-\u2013-104-dalys-Montessori-metodas.jpg\",\"contentUrl\":\"https:\\\/\\\/kidsplay.lt\\\/wp-content\\\/uploads\\\/2026\\\/04\\\/VIGA-medinis-edukacinis-zaidimas-\u201eLoginiai-karoliukai-\u2013-104-dalys-Montessori-metodas.jpg\",\"width\":2399,\"height\":2399,\"caption\":\"VIGA medinis edukacinis \u017eaidimas \u201eLoginiai karoliukai\u201c \u2013 104 dalys\"},{\"@type\":\"BreadcrumbList\",\"@id\":\"https:\\\/\\\/kidsplay.lt\\\/produktas\\\/viga-medinis-edukacinis-zaidimas-loginiai-karoliukai-104-dalys-montessori-metodas\\\/#breadcrumb\",\"itemListElement\":[{\"@type\":\"ListItem\",\"position\":1,\"name\":\"Pagrindinis\",\"item\":\"https:\\\/\\\/kidsplay.lt\\\/\"},{\"@type\":\"ListItem\",\"position\":2,\"name\":\"Parduotuv\u0117\",\"item\":\"https:\\\/\\\/kidsplay.lt\\\/parduotuve\\\/\"},{\"@type\":\"ListItem\",\"position\":3,\"name\":\"VIGA medinis edukacinis \u017eaidimas \u201eLoginiai karoliukai\u201c \u2013 104 dalys, Montessori metodas\"}]},{\"@type\":\"WebSite\",\"@id\":\"https:\\\/\\\/kidsplay.lt\\\/#website\",\"url\":\"https:\\\/\\\/kidsplay.lt\\\/\",\"name\":\"Kidsplay.lt\",\"description\":\"\u012evairios prek\u0117s vaikams\",\"publisher\":{\"@id\":\"https:\\\/\\\/kidsplay.lt\\\/#organization\"},\"alternateName\":\"Kidsplay\",\"potentialAction\":[{\"@type\":\"SearchAction\",\"target\":{\"@type\":\"EntryPoint\",\"urlTemplate\":\"https:\\\/\\\/kidsplay.lt\\\/?s={search_term_string}\"},\"query-input\":{\"@type\":\"PropertyValueSpecification\",\"valueRequired\":true,\"valueName\":\"search_term_string\"}}],\"inLanguage\":\"lv-LV\"},{\"@type\":\"Organization\",\"@id\":\"https:\\\/\\\/kidsplay.lt\\\/#organization\",\"name\":\"KidsPlay\",\"url\":\"https:\\\/\\\/kidsplay.lt\\\/\",\"logo\":{\"@type\":\"ImageObject\",\"inLanguage\":\"lv-LV\",\"@id\":\"https:\\\/\\\/kidsplay.lt\\\/#\\\/schema\\\/logo\\\/image\\\/\",\"url\":\"https:\\\/\\\/kidsplay.lt\\\/wp-content\\\/uploads\\\/2023\\\/07\\\/kidsplay-logo.png\",\"contentUrl\":\"https:\\\/\\\/kidsplay.lt\\\/wp-content\\\/uploads\\\/2023\\\/07\\\/kidsplay-logo.png\",\"width\":451,\"height\":98,\"caption\":\"KidsPlay\"},\"image\":{\"@id\":\"https:\\\/\\\/kidsplay.lt\\\/#\\\/schema\\\/logo\\\/image\\\/\"},\"sameAs\":[\"https:\\\/\\\/www.facebook.com\\\/www.kidsplay.lt\"]}]}<\/script>\n<!-- \/ Yoast SEO plugin. -->","yoast_head_json":{"title":"VIGA medinis edukacinis \u017eaidimas \u201eLoginiai karoliukai\u201c \u2013 104 dalys, Montessori metodas","description":"VIGA medinis edukacinis \u017eaidimas \u201eLoginiai karoliukai\u201c \u2013 104 dalys, Montessori metodas - KidsPlay. Did\u017eiausias vaik\u0173 \u017eaisl\u0173 pasirinkimas.","robots":{"index":"index","follow":"follow","max-snippet":"max-snippet:-1","max-image-preview":"max-image-preview:large","max-video-preview":"max-video-preview:-1"},"canonical":"https:\/\/kidsplay.lt\/lv\/products\/viga-medinis-edukacinis-zaidimas-loginiai-karoliukai-104-dalys-montessori-metodas\/","og_locale":"lv_LV","og_type":"article","og_title":"VIGA medinis edukacinis \u017eaidimas \u201eLoginiai karoliukai\u201c \u2013 104 dalys, Montessori metodas","og_description":"VIGA medinis edukacinis \u017eaidimas \u201eLoginiai karoliukai\u201c \u2013 104 dalys, Montessori metodas - KidsPlay. Did\u017eiausias vaik\u0173 \u017eaisl\u0173 pasirinkimas.","og_url":"https:\/\/kidsplay.lt\/lv\/products\/viga-medinis-edukacinis-zaidimas-loginiai-karoliukai-104-dalys-montessori-metodas\/","og_site_name":"KidsPlay","article_publisher":"https:\/\/www.facebook.com\/www.kidsplay.lt","article_modified_time":"2026-04-07T06:26:46+00:00","og_image":[{"width":2399,"height":2399,"url":"https:\/\/kidsplay.lt\/wp-content\/uploads\/2026\/04\/VIGA-medinis-edukacinis-zaidimas-\u201eLoginiai-karoliukai-\u2013-104-dalys-Montessori-metodas.jpg","type":"image\/jpeg"}],"twitter_card":"summary_large_image","twitter_misc":{"Est. reading time":"1 min\u016bte"},"schema":{"@context":"https:\/\/schema.org","@graph":[{"@type":"WebPage","@id":"https:\/\/kidsplay.lt\/produktas\/viga-medinis-edukacinis-zaidimas-loginiai-karoliukai-104-dalys-montessori-metodas\/","url":"https:\/\/kidsplay.lt\/produktas\/viga-medinis-edukacinis-zaidimas-loginiai-karoliukai-104-dalys-montessori-metodas\/","name":"VIGA medinis edukacinis \u017eaidimas \u201eLoginiai karoliukai\u201c \u2013 104 dalys, Montessori metodas","isPartOf":{"@id":"https:\/\/kidsplay.lt\/#website"},"primaryImageOfPage":{"@id":"https:\/\/kidsplay.lt\/produktas\/viga-medinis-edukacinis-zaidimas-loginiai-karoliukai-104-dalys-montessori-metodas\/#primaryimage"},"image":{"@id":"https:\/\/kidsplay.lt\/produktas\/viga-medinis-edukacinis-zaidimas-loginiai-karoliukai-104-dalys-montessori-metodas\/#primaryimage"},"thumbnailUrl":"https:\/\/kidsplay.lt\/wp-content\/uploads\/2026\/04\/VIGA-medinis-edukacinis-zaidimas-\u201eLoginiai-karoliukai-\u2013-104-dalys-Montessori-metodas.jpg","datePublished":"2026-04-04T05:04:04+00:00","dateModified":"2026-04-07T06:26:46+00:00","description":"VIGA medinis edukacinis \u017eaidimas \u201eLoginiai karoliukai\u201c \u2013 104 dalys, Montessori metodas - KidsPlay. Did\u017eiausias vaik\u0173 \u017eaisl\u0173 pasirinkimas.","breadcrumb":{"@id":"https:\/\/kidsplay.lt\/produktas\/viga-medinis-edukacinis-zaidimas-loginiai-karoliukai-104-dalys-montessori-metodas\/#breadcrumb"},"inLanguage":"lv-LV","potentialAction":[{"@type":"ReadAction","target":["https:\/\/kidsplay.lt\/produktas\/viga-medinis-edukacinis-zaidimas-loginiai-karoliukai-104-dalys-montessori-metodas\/"]}]},{"@type":"ImageObject","inLanguage":"lv-LV","@id":"https:\/\/kidsplay.lt\/produktas\/viga-medinis-edukacinis-zaidimas-loginiai-karoliukai-104-dalys-montessori-metodas\/#primaryimage","url":"https:\/\/kidsplay.lt\/wp-content\/uploads\/2026\/04\/VIGA-medinis-edukacinis-zaidimas-\u201eLoginiai-karoliukai-\u2013-104-dalys-Montessori-metodas.jpg","contentUrl":"https:\/\/kidsplay.lt\/wp-content\/uploads\/2026\/04\/VIGA-medinis-edukacinis-zaidimas-\u201eLoginiai-karoliukai-\u2013-104-dalys-Montessori-metodas.jpg","width":2399,"height":2399,"caption":"VIGA medinis edukacinis \u017eaidimas \u201eLoginiai karoliukai\u201c \u2013 104 dalys"},{"@type":"BreadcrumbList","@id":"https:\/\/kidsplay.lt\/produktas\/viga-medinis-edukacinis-zaidimas-loginiai-karoliukai-104-dalys-montessori-metodas\/#breadcrumb","itemListElement":[{"@type":"ListItem","position":1,"name":"Pagrindinis","item":"https:\/\/kidsplay.lt\/"},{"@type":"ListItem","position":2,"name":"Parduotuv\u0117","item":"https:\/\/kidsplay.lt\/parduotuve\/"},{"@type":"ListItem","position":3,"name":"VIGA medinis edukacinis \u017eaidimas \u201eLoginiai karoliukai\u201c \u2013 104 dalys, Montessori metodas"}]},{"@type":"WebSite","@id":"https:\/\/kidsplay.lt\/#website","url":"https:\/\/kidsplay.lt\/","name":"B\u0113rnu sp\u0113les.lv","description":"\u012evairios prek\u0117s vaikams","publisher":{"@id":"https:\/\/kidsplay.lt\/#organization"},"alternateName":"Kidsplay","potentialAction":[{"@type":"SearchAction","target":{"@type":"EntryPoint","urlTemplate":"https:\/\/kidsplay.lt\/?s={search_term_string}"},"query-input":{"@type":"PropertyValueSpecification","valueRequired":true,"valueName":"search_term_string"}}],"inLanguage":"lv-LV"},{"@type":"Organization","@id":"https:\/\/kidsplay.lt\/#organization","name":"B\u0113rnu sp\u0113le","url":"https:\/\/kidsplay.lt\/","logo":{"@type":"ImageObject","inLanguage":"lv-LV","@id":"https:\/\/kidsplay.lt\/#\/schema\/logo\/image\/","url":"https:\/\/kidsplay.lt\/wp-content\/uploads\/2023\/07\/kidsplay-logo.png","contentUrl":"https:\/\/kidsplay.lt\/wp-content\/uploads\/2023\/07\/kidsplay-logo.png","width":451,"height":98,"caption":"KidsPlay"},"image":{"@id":"https:\/\/kidsplay.lt\/#\/schema\/logo\/image\/"},"sameAs":["https:\/\/www.facebook.com\/www.kidsplay.lt"]}]}},"_links":{"self":[{"href":"https:\/\/kidsplay.lt\/lv\/wp-json\/wp\/v2\/product\/99552","targetHints":{"allow":["GET"]}}],"collection":[{"href":"https:\/\/kidsplay.lt\/lv\/wp-json\/wp\/v2\/product"}],"about":[{"href":"https:\/\/kidsplay.lt\/lv\/wp-json\/wp\/v2\/types\/product"}],"version-history":[{"count":1,"href":"https:\/\/kidsplay.lt\/lv\/wp-json\/wp\/v2\/product\/99552\/revisions"}],"predecessor-version":[{"id":99553,"href":"https:\/\/kidsplay.lt\/lv\/wp-json\/wp\/v2\/product\/99552\/revisions\/99553"}],"wp:featuredmedia":[{"embeddable":true,"href":"https:\/\/kidsplay.lt\/lv\/wp-json\/wp\/v2\/media\/99554"}],"wp:attachment":[{"href":"https:\/\/kidsplay.lt\/lv\/wp-json\/wp\/v2\/media?parent=99552"}],"wp:term":[{"taxonomy":"product_brand","embeddable":true,"href":"https:\/\/kidsplay.lt\/lv\/wp-json\/wp\/v2\/product_brand?post=99552"},{"taxonomy":"product_cat","embeddable":true,"href":"https:\/\/kidsplay.lt\/lv\/wp-json\/wp\/v2\/product_cat?post=99552"},{"taxonomy":"product_tag","embeddable":true,"href":"https:\/\/kidsplay.lt\/lv\/wp-json\/wp\/v2\/product_tag?post=99552"}],"curies":[{"name":"wp","href":"https:\/\/api.w.org\/{rel}","templated":true}]}}