{"id":99559,"date":"2026-04-04T08:04:19","date_gmt":"2026-04-04T05:04:19","guid":{"rendered":"https:\/\/kidsplay.lt\/produktas\/viga-audimo-stakles-medinis-audimo-dirbtuveliu-rinkinys\/"},"modified":"2026-04-07T09:26:49","modified_gmt":"2026-04-07T06:26:49","slug":"viga-audimo-stakles-medinis-audimo-dirbtuveliu-rinkinys","status":"publish","type":"product","link":"https:\/\/kidsplay.lt\/lv\/products\/viga-audimo-stakles-medinis-audimo-dirbtuveliu-rinkinys\/","title":{"rendered":"VIGA au\u0161anas stelles \u2013 koka au\u0161anas darbn\u012bcas komplekts"},"content":{"rendered":"<p>Atraskite kerint\u012f rankdarbi\u0173 pasaul\u012f ir leiskite savo vaikui jaustis did\u017eiuojantis rank\u0173 darbo k\u016briniais! \u0160ios klasikin\u0117s medin\u0117s audimo stakl\u0117s i\u0161 Viga \u2013 tai ne tik \u017eaislas, bet tikra k\u016brybin\u0117 dirbtuv\u0117, kuri pavers j\u016bs\u0173 vaiko kambar\u012f \u012f ma\u017e\u0105 audimo studij\u0105. D\u0117ka paprastos ir tvirtos konstrukcijos net pradedantieji menininkai greitai \u012fvaldys spalvot\u0173 si\u016bl\u0173 audimo men\u0105. \u017daidimas su stakl\u0117mis \u2013 puikus b\u016bdas nurimti, susikaupti ir mokytis kantryb\u0117s pa\u010diame d\u017eiaugsmingiausiame pavidale. Padovanokite savo vaikui priemon\u0119, kuri ugdo vaizduot\u0119 ir leid\u017eia pasiekti reali\u0173 rezultat\u0173.<br \/>\nRaksturojums<\/p>\n<p>B\u0113rniem no 3 gadu vecuma<\/p>\n<p>Auk\u0161tos kokyb\u0117s nat\u016brali mediena, kruop\u0161\u010diai \u0161lifuota ir ekologi\u0161ka<\/p>\n<p>Stabili baz\u0117 ir mechanizmas, palengvinantis tiksl\u0173 audim\u0105<\/p>\n<p>Klasikinis, minimalistinis dizainas, tinkantis bet kuriam vaiko kambariui<\/p>","protected":false},"excerpt":{"rendered":"<p>Atraskite kerint\u012f rankdarbi\u0173 pasaul\u012f ir leiskite savo vaikui jaustis did\u017eiuojantis rank\u0173 darbo k\u016briniais! \u0160ios klasikin\u0117s medin\u0117s audimo stakl\u0117s i\u0161 Viga<\/p>","protected":false},"featured_media":99561,"template":"","meta":{"_acf_changed":false,"_glsr_average":0,"_glsr_ranking":0,"_glsr_reviews":0},"product_brand":[],"product_cat":[884,883],"product_tag":[],"class_list":{"0":"post-99559","1":"product","2":"type-product","3":"status-publish","4":"has-post-thumbnail","6":"product_cat-edukaciniai-lavinamieji-mediniai-zaislai","7":"product_cat-mediniai-zaislai-2","8":"\"style=\"background-color: #2ecc711c;\"","10":"first","11":"instock","12":"purchasable","13":"product-type-simple"},"acf":[],"yoast_head":"<!-- This site is optimized with the Yoast SEO plugin v27.3 - https:\/\/yoast.com\/product\/yoast-seo-wordpress\/ -->\n<title>VIGA audimo stakl\u0117s \u2013 medinis audimo dirbtuv\u0117li\u0173 rinkinys<\/title>\n<meta name=\"description\" content=\"VIGA audimo stakl\u0117s \u2013 medinis audimo dirbtuv\u0117li\u0173 rinkinys - KidsPlay. Did\u017eiausias vaik\u0173 \u017eaisl\u0173 pasirinkimas.\" \/>\n<meta name=\"robots\" content=\"index, follow, max-snippet:-1, max-image-preview:large, max-video-preview:-1\" \/>\n<link rel=\"canonical\" href=\"https:\/\/kidsplay.lt\/lv\/products\/viga-audimo-stakles-medinis-audimo-dirbtuveliu-rinkinys\/\" \/>\n<meta property=\"og:locale\" content=\"lv_LV\" \/>\n<meta property=\"og:type\" content=\"article\" \/>\n<meta property=\"og:title\" content=\"VIGA audimo stakl\u0117s \u2013 medinis audimo dirbtuv\u0117li\u0173 rinkinys\" \/>\n<meta property=\"og:description\" content=\"VIGA audimo stakl\u0117s \u2013 medinis audimo dirbtuv\u0117li\u0173 rinkinys - KidsPlay. Did\u017eiausias vaik\u0173 \u017eaisl\u0173 pasirinkimas.\" \/>\n<meta property=\"og:url\" content=\"https:\/\/kidsplay.lt\/lv\/products\/viga-audimo-stakles-medinis-audimo-dirbtuveliu-rinkinys\/\" \/>\n<meta property=\"og:site_name\" content=\"KidsPlay\" \/>\n<meta property=\"article:publisher\" content=\"https:\/\/www.facebook.com\/www.kidsplay.lt\" \/>\n<meta property=\"article:modified_time\" content=\"2026-04-07T06:26:49+00:00\" \/>\n<meta property=\"og:image\" content=\"https:\/\/kidsplay.lt\/wp-content\/uploads\/2026\/04\/VIGA-audimo-stakles-\u2013-medinis-audimo-dirbtuveliu-rinkinys.jpg\" \/>\n\t<meta property=\"og:image:width\" content=\"2560\" \/>\n\t<meta property=\"og:image:height\" content=\"2551\" \/>\n\t<meta property=\"og:image:type\" content=\"image\/jpeg\" \/>\n<meta name=\"twitter:card\" content=\"summary_large_image\" \/>\n<meta name=\"twitter:label1\" content=\"Est. reading time\" \/>\n\t<meta name=\"twitter:data1\" content=\"1 min\u016bte\" \/>\n<script type=\"application\/ld+json\" class=\"yoast-schema-graph\">{\"@context\":\"https:\\\/\\\/schema.org\",\"@graph\":[{\"@type\":\"WebPage\",\"@id\":\"https:\\\/\\\/kidsplay.lt\\\/produktas\\\/viga-audimo-stakles-medinis-audimo-dirbtuveliu-rinkinys\\\/\",\"url\":\"https:\\\/\\\/kidsplay.lt\\\/produktas\\\/viga-audimo-stakles-medinis-audimo-dirbtuveliu-rinkinys\\\/\",\"name\":\"VIGA audimo stakl\u0117s \u2013 medinis audimo dirbtuv\u0117li\u0173 rinkinys\",\"isPartOf\":{\"@id\":\"https:\\\/\\\/kidsplay.lt\\\/#website\"},\"primaryImageOfPage\":{\"@id\":\"https:\\\/\\\/kidsplay.lt\\\/produktas\\\/viga-audimo-stakles-medinis-audimo-dirbtuveliu-rinkinys\\\/#primaryimage\"},\"image\":{\"@id\":\"https:\\\/\\\/kidsplay.lt\\\/produktas\\\/viga-audimo-stakles-medinis-audimo-dirbtuveliu-rinkinys\\\/#primaryimage\"},\"thumbnailUrl\":\"https:\\\/\\\/kidsplay.lt\\\/wp-content\\\/uploads\\\/2026\\\/04\\\/VIGA-audimo-stakles-\u2013-medinis-audimo-dirbtuveliu-rinkinys.jpg\",\"datePublished\":\"2026-04-04T05:04:19+00:00\",\"dateModified\":\"2026-04-07T06:26:49+00:00\",\"description\":\"VIGA audimo stakl\u0117s \u2013 medinis audimo dirbtuv\u0117li\u0173 rinkinys - KidsPlay. Did\u017eiausias vaik\u0173 \u017eaisl\u0173 pasirinkimas.\",\"breadcrumb\":{\"@id\":\"https:\\\/\\\/kidsplay.lt\\\/produktas\\\/viga-audimo-stakles-medinis-audimo-dirbtuveliu-rinkinys\\\/#breadcrumb\"},\"inLanguage\":\"lv-LV\",\"potentialAction\":[{\"@type\":\"ReadAction\",\"target\":[\"https:\\\/\\\/kidsplay.lt\\\/produktas\\\/viga-audimo-stakles-medinis-audimo-dirbtuveliu-rinkinys\\\/\"]}]},{\"@type\":\"ImageObject\",\"inLanguage\":\"lv-LV\",\"@id\":\"https:\\\/\\\/kidsplay.lt\\\/produktas\\\/viga-audimo-stakles-medinis-audimo-dirbtuveliu-rinkinys\\\/#primaryimage\",\"url\":\"https:\\\/\\\/kidsplay.lt\\\/wp-content\\\/uploads\\\/2026\\\/04\\\/VIGA-audimo-stakles-\u2013-medinis-audimo-dirbtuveliu-rinkinys.jpg\",\"contentUrl\":\"https:\\\/\\\/kidsplay.lt\\\/wp-content\\\/uploads\\\/2026\\\/04\\\/VIGA-audimo-stakles-\u2013-medinis-audimo-dirbtuveliu-rinkinys.jpg\",\"width\":2560,\"height\":2551,\"caption\":\"VIGA audimo stakl\u0117s \u2013 medinis audimo dirbtuv\u0117li\u0173 rinkinys\"},{\"@type\":\"BreadcrumbList\",\"@id\":\"https:\\\/\\\/kidsplay.lt\\\/produktas\\\/viga-audimo-stakles-medinis-audimo-dirbtuveliu-rinkinys\\\/#breadcrumb\",\"itemListElement\":[{\"@type\":\"ListItem\",\"position\":1,\"name\":\"Pagrindinis\",\"item\":\"https:\\\/\\\/kidsplay.lt\\\/\"},{\"@type\":\"ListItem\",\"position\":2,\"name\":\"Parduotuv\u0117\",\"item\":\"https:\\\/\\\/kidsplay.lt\\\/parduotuve\\\/\"},{\"@type\":\"ListItem\",\"position\":3,\"name\":\"VIGA audimo stakl\u0117s \u2013 medinis audimo dirbtuv\u0117li\u0173 rinkinys\"}]},{\"@type\":\"WebSite\",\"@id\":\"https:\\\/\\\/kidsplay.lt\\\/#website\",\"url\":\"https:\\\/\\\/kidsplay.lt\\\/\",\"name\":\"Kidsplay.lt\",\"description\":\"\u012evairios prek\u0117s vaikams\",\"publisher\":{\"@id\":\"https:\\\/\\\/kidsplay.lt\\\/#organization\"},\"alternateName\":\"Kidsplay\",\"potentialAction\":[{\"@type\":\"SearchAction\",\"target\":{\"@type\":\"EntryPoint\",\"urlTemplate\":\"https:\\\/\\\/kidsplay.lt\\\/?s={search_term_string}\"},\"query-input\":{\"@type\":\"PropertyValueSpecification\",\"valueRequired\":true,\"valueName\":\"search_term_string\"}}],\"inLanguage\":\"lv-LV\"},{\"@type\":\"Organization\",\"@id\":\"https:\\\/\\\/kidsplay.lt\\\/#organization\",\"name\":\"KidsPlay\",\"url\":\"https:\\\/\\\/kidsplay.lt\\\/\",\"logo\":{\"@type\":\"ImageObject\",\"inLanguage\":\"lv-LV\",\"@id\":\"https:\\\/\\\/kidsplay.lt\\\/#\\\/schema\\\/logo\\\/image\\\/\",\"url\":\"https:\\\/\\\/kidsplay.lt\\\/wp-content\\\/uploads\\\/2023\\\/07\\\/kidsplay-logo.png\",\"contentUrl\":\"https:\\\/\\\/kidsplay.lt\\\/wp-content\\\/uploads\\\/2023\\\/07\\\/kidsplay-logo.png\",\"width\":451,\"height\":98,\"caption\":\"KidsPlay\"},\"image\":{\"@id\":\"https:\\\/\\\/kidsplay.lt\\\/#\\\/schema\\\/logo\\\/image\\\/\"},\"sameAs\":[\"https:\\\/\\\/www.facebook.com\\\/www.kidsplay.lt\"]}]}<\/script>\n<!-- \/ Yoast SEO plugin. -->","yoast_head_json":{"title":"VIGA au\u0161anas stelles \u2013 koka au\u0161anas darbn\u012bcas komplekts","description":"VIGA audimo stakl\u0117s \u2013 medinis audimo dirbtuv\u0117li\u0173 rinkinys - KidsPlay. Did\u017eiausias vaik\u0173 \u017eaisl\u0173 pasirinkimas.","robots":{"index":"index","follow":"follow","max-snippet":"max-snippet:-1","max-image-preview":"max-image-preview:large","max-video-preview":"max-video-preview:-1"},"canonical":"https:\/\/kidsplay.lt\/lv\/products\/viga-audimo-stakles-medinis-audimo-dirbtuveliu-rinkinys\/","og_locale":"lv_LV","og_type":"article","og_title":"VIGA audimo stakl\u0117s \u2013 medinis audimo dirbtuv\u0117li\u0173 rinkinys","og_description":"VIGA audimo stakl\u0117s \u2013 medinis audimo dirbtuv\u0117li\u0173 rinkinys - KidsPlay. Did\u017eiausias vaik\u0173 \u017eaisl\u0173 pasirinkimas.","og_url":"https:\/\/kidsplay.lt\/lv\/products\/viga-audimo-stakles-medinis-audimo-dirbtuveliu-rinkinys\/","og_site_name":"KidsPlay","article_publisher":"https:\/\/www.facebook.com\/www.kidsplay.lt","article_modified_time":"2026-04-07T06:26:49+00:00","og_image":[{"width":2560,"height":2551,"url":"https:\/\/kidsplay.lt\/wp-content\/uploads\/2026\/04\/VIGA-audimo-stakles-\u2013-medinis-audimo-dirbtuveliu-rinkinys.jpg","type":"image\/jpeg"}],"twitter_card":"summary_large_image","twitter_misc":{"Est. reading time":"1 min\u016bte"},"schema":{"@context":"https:\/\/schema.org","@graph":[{"@type":"WebPage","@id":"https:\/\/kidsplay.lt\/produktas\/viga-audimo-stakles-medinis-audimo-dirbtuveliu-rinkinys\/","url":"https:\/\/kidsplay.lt\/produktas\/viga-audimo-stakles-medinis-audimo-dirbtuveliu-rinkinys\/","name":"VIGA au\u0161anas stelles \u2013 koka au\u0161anas darbn\u012bcas komplekts","isPartOf":{"@id":"https:\/\/kidsplay.lt\/#website"},"primaryImageOfPage":{"@id":"https:\/\/kidsplay.lt\/produktas\/viga-audimo-stakles-medinis-audimo-dirbtuveliu-rinkinys\/#primaryimage"},"image":{"@id":"https:\/\/kidsplay.lt\/produktas\/viga-audimo-stakles-medinis-audimo-dirbtuveliu-rinkinys\/#primaryimage"},"thumbnailUrl":"https:\/\/kidsplay.lt\/wp-content\/uploads\/2026\/04\/VIGA-audimo-stakles-\u2013-medinis-audimo-dirbtuveliu-rinkinys.jpg","datePublished":"2026-04-04T05:04:19+00:00","dateModified":"2026-04-07T06:26:49+00:00","description":"VIGA audimo stakl\u0117s \u2013 medinis audimo dirbtuv\u0117li\u0173 rinkinys - KidsPlay. Did\u017eiausias vaik\u0173 \u017eaisl\u0173 pasirinkimas.","breadcrumb":{"@id":"https:\/\/kidsplay.lt\/produktas\/viga-audimo-stakles-medinis-audimo-dirbtuveliu-rinkinys\/#breadcrumb"},"inLanguage":"lv-LV","potentialAction":[{"@type":"ReadAction","target":["https:\/\/kidsplay.lt\/produktas\/viga-audimo-stakles-medinis-audimo-dirbtuveliu-rinkinys\/"]}]},{"@type":"ImageObject","inLanguage":"lv-LV","@id":"https:\/\/kidsplay.lt\/produktas\/viga-audimo-stakles-medinis-audimo-dirbtuveliu-rinkinys\/#primaryimage","url":"https:\/\/kidsplay.lt\/wp-content\/uploads\/2026\/04\/VIGA-audimo-stakles-\u2013-medinis-audimo-dirbtuveliu-rinkinys.jpg","contentUrl":"https:\/\/kidsplay.lt\/wp-content\/uploads\/2026\/04\/VIGA-audimo-stakles-\u2013-medinis-audimo-dirbtuveliu-rinkinys.jpg","width":2560,"height":2551,"caption":"VIGA audimo stakl\u0117s \u2013 medinis audimo dirbtuv\u0117li\u0173 rinkinys"},{"@type":"BreadcrumbList","@id":"https:\/\/kidsplay.lt\/produktas\/viga-audimo-stakles-medinis-audimo-dirbtuveliu-rinkinys\/#breadcrumb","itemListElement":[{"@type":"ListItem","position":1,"name":"Pagrindinis","item":"https:\/\/kidsplay.lt\/"},{"@type":"ListItem","position":2,"name":"Parduotuv\u0117","item":"https:\/\/kidsplay.lt\/parduotuve\/"},{"@type":"ListItem","position":3,"name":"VIGA audimo stakl\u0117s \u2013 medinis audimo dirbtuv\u0117li\u0173 rinkinys"}]},{"@type":"WebSite","@id":"https:\/\/kidsplay.lt\/#website","url":"https:\/\/kidsplay.lt\/","name":"B\u0113rnu sp\u0113les.lv","description":"\u012evairios prek\u0117s vaikams","publisher":{"@id":"https:\/\/kidsplay.lt\/#organization"},"alternateName":"Kidsplay","potentialAction":[{"@type":"SearchAction","target":{"@type":"EntryPoint","urlTemplate":"https:\/\/kidsplay.lt\/?s={search_term_string}"},"query-input":{"@type":"PropertyValueSpecification","valueRequired":true,"valueName":"search_term_string"}}],"inLanguage":"lv-LV"},{"@type":"Organization","@id":"https:\/\/kidsplay.lt\/#organization","name":"B\u0113rnu sp\u0113le","url":"https:\/\/kidsplay.lt\/","logo":{"@type":"ImageObject","inLanguage":"lv-LV","@id":"https:\/\/kidsplay.lt\/#\/schema\/logo\/image\/","url":"https:\/\/kidsplay.lt\/wp-content\/uploads\/2023\/07\/kidsplay-logo.png","contentUrl":"https:\/\/kidsplay.lt\/wp-content\/uploads\/2023\/07\/kidsplay-logo.png","width":451,"height":98,"caption":"KidsPlay"},"image":{"@id":"https:\/\/kidsplay.lt\/#\/schema\/logo\/image\/"},"sameAs":["https:\/\/www.facebook.com\/www.kidsplay.lt"]}]}},"_links":{"self":[{"href":"https:\/\/kidsplay.lt\/lv\/wp-json\/wp\/v2\/product\/99559","targetHints":{"allow":["GET"]}}],"collection":[{"href":"https:\/\/kidsplay.lt\/lv\/wp-json\/wp\/v2\/product"}],"about":[{"href":"https:\/\/kidsplay.lt\/lv\/wp-json\/wp\/v2\/types\/product"}],"version-history":[{"count":1,"href":"https:\/\/kidsplay.lt\/lv\/wp-json\/wp\/v2\/product\/99559\/revisions"}],"predecessor-version":[{"id":99560,"href":"https:\/\/kidsplay.lt\/lv\/wp-json\/wp\/v2\/product\/99559\/revisions\/99560"}],"wp:featuredmedia":[{"embeddable":true,"href":"https:\/\/kidsplay.lt\/lv\/wp-json\/wp\/v2\/media\/99561"}],"wp:attachment":[{"href":"https:\/\/kidsplay.lt\/lv\/wp-json\/wp\/v2\/media?parent=99559"}],"wp:term":[{"taxonomy":"product_brand","embeddable":true,"href":"https:\/\/kidsplay.lt\/lv\/wp-json\/wp\/v2\/product_brand?post=99559"},{"taxonomy":"product_cat","embeddable":true,"href":"https:\/\/kidsplay.lt\/lv\/wp-json\/wp\/v2\/product_cat?post=99559"},{"taxonomy":"product_tag","embeddable":true,"href":"https:\/\/kidsplay.lt\/lv\/wp-json\/wp\/v2\/product_tag?post=99559"}],"curies":[{"name":"wp","href":"https:\/\/api.w.org\/{rel}","templated":true}]}}