{"id":99573,"date":"2026-04-04T08:04:53","date_gmt":"2026-04-04T05:04:53","guid":{"rendered":"https:\/\/kidsplay.lt\/produktas\/viga-mediniu-delioniu-rinkinys-12-montessori-gyvunu-delioniu-su-stovu\/"},"modified":"2026-04-13T13:45:35","modified_gmt":"2026-04-13T10:45:35","slug":"viga-mediniu-delioniu-rinkinys-12-montessori-gyvunu-delioniu-su-stovu","status":"publish","type":"product","link":"https:\/\/kidsplay.lt\/lv\/products\/viga-mediniu-delioniu-rinkinys-12-montessori-gyvunu-delioniu-su-stovu\/","title":{"rendered":"VIGA koka puz\u013cu komplekts \u2013 12 Montessori dz\u012bvnieku puzles ar stat\u012bvu"},"content":{"rendered":"<p>\u0160is VIGA 12 medini\u0173 gyv\u016bn\u0173 d\u0117lioni\u0173 su stovu rinkinys yra edukacinis \u017eaislas, kuris prad\u017eiugins kiekvien\u0105 vaik\u0105. 12 medini\u0173 lenteli\u0173 vaizduoja \u012fdomius gyv\u016bnus i\u0161 viso pasaulio. Vaiko u\u017eduotis \u2013 sud\u0117ti spalvingus d\u0117lion\u0117s elementus \u012f atitinkamas kont\u016brines vietas lentel\u0117je. Paprastos formos, mieli paveiksl\u0117liai ir ry\u0161kios spalvos u\u017etikrins, kad \u017eaidimas bus ne tik smagus, bet ir naudingas. \u0160i medin\u0117 d\u0117lion\u0117 su r\u0117mu i\u0161 VIGA yra puiki dovana bet kuriam ma\u017eajam tyrin\u0117tojui! U\u017esisakykite jau \u0161iandien ir dalinkit\u0117s vaiko d\u017eiaugsmu!<br \/>\nRaksturojums:<\/p>\n<p>Skirta vaikams nuo 18 m\u0117nesi\u0173<\/p>\n<p>Rinkinyje yra 12 medini\u0173 lenteli\u0173 su gyv\u016bn\u0173 paveiksl\u0117liais, tokiais kaip kat\u0117, \u0161uo, arklys, dramblys ir kt.<\/p>\n<p>D\u0117lion\u0117se yra ranken\u0117l\u0117s, palengvinan\u010dios element\u0173 \u012fstatym\u0105 \u012f r\u0117m\u0105<\/p>\n<p>Visa d\u0117lion\u0117 pagaminta i\u0161 auk\u0161tos kokyb\u0117s lakuotos medienos, nuda\u017eyta vaikams saugiomis ry\u0161kiomis spalvomis<\/p>\n<p>Rinkinyje taip pat yra medinis stovas, palengvinantis lenteli\u0173 saugojim\u0105 ir organizavim\u0105<\/p>","protected":false},"excerpt":{"rendered":"<p>\u0160is VIGA 12 medini\u0173 gyv\u016bn\u0173 d\u0117lioni\u0173 su stovu rinkinys yra edukacinis \u017eaislas, kuris prad\u017eiugins kiekvien\u0105 vaik\u0105. 12 medini\u0173 lenteli\u0173 vaizduoja<\/p>","protected":false},"featured_media":99575,"template":"","meta":{"_acf_changed":false,"_glsr_average":0,"_glsr_ranking":0,"_glsr_reviews":0},"product_brand":[],"product_cat":[397,883],"product_tag":[],"class_list":{"0":"post-99573","1":"product","2":"type-product","3":"status-publish","4":"has-post-thumbnail","6":"product_cat-medines-deliones-mediniai-zaislai","7":"product_cat-mediniai-zaislai-2","8":"\"style=\"background-color: #2ecc711c;\"","10":"first","11":"instock","12":"purchasable","13":"product-type-simple"},"acf":[],"yoast_head":"<!-- This site is optimized with the Yoast SEO plugin v27.3 - https:\/\/yoast.com\/product\/yoast-seo-wordpress\/ -->\n<title>VIGA Medini\u0173 d\u0117lioni\u0173 rinkinys \u2013 12 Montessori gyv\u016bn\u0173 d\u0117lioni\u0173 su stovu<\/title>\n<meta name=\"description\" content=\"VIGA Medini\u0173 d\u0117lioni\u0173 rinkinys \u2013 12 Montessori gyv\u016bn\u0173 d\u0117lioni\u0173 su stovu - KidsPlay. Did\u017eiausias vaik\u0173 \u017eaisl\u0173 pasirinkimas.\" \/>\n<meta name=\"robots\" content=\"index, follow, max-snippet:-1, max-image-preview:large, max-video-preview:-1\" \/>\n<link rel=\"canonical\" href=\"https:\/\/kidsplay.lt\/lv\/products\/viga-mediniu-delioniu-rinkinys-12-montessori-gyvunu-delioniu-su-stovu\/\" \/>\n<meta property=\"og:locale\" content=\"lv_LV\" \/>\n<meta property=\"og:type\" content=\"article\" \/>\n<meta property=\"og:title\" content=\"VIGA Medini\u0173 d\u0117lioni\u0173 rinkinys \u2013 12 Montessori gyv\u016bn\u0173 d\u0117lioni\u0173 su stovu\" \/>\n<meta property=\"og:description\" content=\"VIGA Medini\u0173 d\u0117lioni\u0173 rinkinys \u2013 12 Montessori gyv\u016bn\u0173 d\u0117lioni\u0173 su stovu - KidsPlay. Did\u017eiausias vaik\u0173 \u017eaisl\u0173 pasirinkimas.\" \/>\n<meta property=\"og:url\" content=\"https:\/\/kidsplay.lt\/lv\/products\/viga-mediniu-delioniu-rinkinys-12-montessori-gyvunu-delioniu-su-stovu\/\" \/>\n<meta property=\"og:site_name\" content=\"KidsPlay\" \/>\n<meta property=\"article:publisher\" content=\"https:\/\/www.facebook.com\/www.kidsplay.lt\" \/>\n<meta property=\"article:modified_time\" content=\"2026-04-13T10:45:35+00:00\" \/>\n<meta property=\"og:image\" content=\"https:\/\/kidsplay.lt\/wp-content\/uploads\/2026\/04\/VIGA-Mediniu-delioniu-rinkinys-\u2013-12-Montessori-gyvunu-delioniu-su-stovu.jpg\" \/>\n\t<meta property=\"og:image:width\" content=\"2560\" \/>\n\t<meta property=\"og:image:height\" content=\"2560\" \/>\n\t<meta property=\"og:image:type\" content=\"image\/jpeg\" \/>\n<meta name=\"twitter:card\" content=\"summary_large_image\" \/>\n<meta name=\"twitter:label1\" content=\"Est. reading time\" \/>\n\t<meta name=\"twitter:data1\" content=\"1 min\u016bte\" \/>\n<script type=\"application\/ld+json\" class=\"yoast-schema-graph\">{\"@context\":\"https:\\\/\\\/schema.org\",\"@graph\":[{\"@type\":\"WebPage\",\"@id\":\"https:\\\/\\\/kidsplay.lt\\\/produktas\\\/viga-mediniu-delioniu-rinkinys-12-montessori-gyvunu-delioniu-su-stovu\\\/\",\"url\":\"https:\\\/\\\/kidsplay.lt\\\/produktas\\\/viga-mediniu-delioniu-rinkinys-12-montessori-gyvunu-delioniu-su-stovu\\\/\",\"name\":\"VIGA Medini\u0173 d\u0117lioni\u0173 rinkinys \u2013 12 Montessori gyv\u016bn\u0173 d\u0117lioni\u0173 su stovu\",\"isPartOf\":{\"@id\":\"https:\\\/\\\/kidsplay.lt\\\/#website\"},\"primaryImageOfPage\":{\"@id\":\"https:\\\/\\\/kidsplay.lt\\\/produktas\\\/viga-mediniu-delioniu-rinkinys-12-montessori-gyvunu-delioniu-su-stovu\\\/#primaryimage\"},\"image\":{\"@id\":\"https:\\\/\\\/kidsplay.lt\\\/produktas\\\/viga-mediniu-delioniu-rinkinys-12-montessori-gyvunu-delioniu-su-stovu\\\/#primaryimage\"},\"thumbnailUrl\":\"https:\\\/\\\/kidsplay.lt\\\/wp-content\\\/uploads\\\/2026\\\/04\\\/VIGA-Mediniu-delioniu-rinkinys-\u2013-12-Montessori-gyvunu-delioniu-su-stovu.jpg\",\"datePublished\":\"2026-04-04T05:04:53+00:00\",\"dateModified\":\"2026-04-13T10:45:35+00:00\",\"description\":\"VIGA Medini\u0173 d\u0117lioni\u0173 rinkinys \u2013 12 Montessori gyv\u016bn\u0173 d\u0117lioni\u0173 su stovu - KidsPlay. Did\u017eiausias vaik\u0173 \u017eaisl\u0173 pasirinkimas.\",\"breadcrumb\":{\"@id\":\"https:\\\/\\\/kidsplay.lt\\\/produktas\\\/viga-mediniu-delioniu-rinkinys-12-montessori-gyvunu-delioniu-su-stovu\\\/#breadcrumb\"},\"inLanguage\":\"lv-LV\",\"potentialAction\":[{\"@type\":\"ReadAction\",\"target\":[\"https:\\\/\\\/kidsplay.lt\\\/produktas\\\/viga-mediniu-delioniu-rinkinys-12-montessori-gyvunu-delioniu-su-stovu\\\/\"]}]},{\"@type\":\"ImageObject\",\"inLanguage\":\"lv-LV\",\"@id\":\"https:\\\/\\\/kidsplay.lt\\\/produktas\\\/viga-mediniu-delioniu-rinkinys-12-montessori-gyvunu-delioniu-su-stovu\\\/#primaryimage\",\"url\":\"https:\\\/\\\/kidsplay.lt\\\/wp-content\\\/uploads\\\/2026\\\/04\\\/VIGA-Mediniu-delioniu-rinkinys-\u2013-12-Montessori-gyvunu-delioniu-su-stovu.jpg\",\"contentUrl\":\"https:\\\/\\\/kidsplay.lt\\\/wp-content\\\/uploads\\\/2026\\\/04\\\/VIGA-Mediniu-delioniu-rinkinys-\u2013-12-Montessori-gyvunu-delioniu-su-stovu.jpg\",\"width\":2560,\"height\":2560,\"caption\":\"VIGA Medini\u0173 d\u0117lioni\u0173 rinkinys \u2013 12 Montessori gyv\u016bn\u0173 d\u0117lioni\u0173 su stovu\"},{\"@type\":\"BreadcrumbList\",\"@id\":\"https:\\\/\\\/kidsplay.lt\\\/produktas\\\/viga-mediniu-delioniu-rinkinys-12-montessori-gyvunu-delioniu-su-stovu\\\/#breadcrumb\",\"itemListElement\":[{\"@type\":\"ListItem\",\"position\":1,\"name\":\"Pagrindinis\",\"item\":\"https:\\\/\\\/kidsplay.lt\\\/\"},{\"@type\":\"ListItem\",\"position\":2,\"name\":\"Parduotuv\u0117\",\"item\":\"https:\\\/\\\/kidsplay.lt\\\/parduotuve\\\/\"},{\"@type\":\"ListItem\",\"position\":3,\"name\":\"VIGA Medini\u0173 d\u0117lioni\u0173 rinkinys \u2013 12 Montessori gyv\u016bn\u0173 d\u0117lioni\u0173 su stovu\"}]},{\"@type\":\"WebSite\",\"@id\":\"https:\\\/\\\/kidsplay.lt\\\/#website\",\"url\":\"https:\\\/\\\/kidsplay.lt\\\/\",\"name\":\"Kidsplay.lt\",\"description\":\"\u012evairios prek\u0117s vaikams\",\"publisher\":{\"@id\":\"https:\\\/\\\/kidsplay.lt\\\/#organization\"},\"alternateName\":\"Kidsplay\",\"potentialAction\":[{\"@type\":\"SearchAction\",\"target\":{\"@type\":\"EntryPoint\",\"urlTemplate\":\"https:\\\/\\\/kidsplay.lt\\\/?s={search_term_string}\"},\"query-input\":{\"@type\":\"PropertyValueSpecification\",\"valueRequired\":true,\"valueName\":\"search_term_string\"}}],\"inLanguage\":\"lv-LV\"},{\"@type\":\"Organization\",\"@id\":\"https:\\\/\\\/kidsplay.lt\\\/#organization\",\"name\":\"KidsPlay\",\"url\":\"https:\\\/\\\/kidsplay.lt\\\/\",\"logo\":{\"@type\":\"ImageObject\",\"inLanguage\":\"lv-LV\",\"@id\":\"https:\\\/\\\/kidsplay.lt\\\/#\\\/schema\\\/logo\\\/image\\\/\",\"url\":\"https:\\\/\\\/kidsplay.lt\\\/wp-content\\\/uploads\\\/2023\\\/07\\\/kidsplay-logo.png\",\"contentUrl\":\"https:\\\/\\\/kidsplay.lt\\\/wp-content\\\/uploads\\\/2023\\\/07\\\/kidsplay-logo.png\",\"width\":451,\"height\":98,\"caption\":\"KidsPlay\"},\"image\":{\"@id\":\"https:\\\/\\\/kidsplay.lt\\\/#\\\/schema\\\/logo\\\/image\\\/\"},\"sameAs\":[\"https:\\\/\\\/www.facebook.com\\\/www.kidsplay.lt\"]}]}<\/script>\n<!-- \/ Yoast SEO plugin. -->","yoast_head_json":{"title":"VIGA koka puz\u013cu komplekts \u2013 12 Montessori dz\u012bvnieku puzles ar stat\u012bvu","description":"VIGA Medini\u0173 d\u0117lioni\u0173 rinkinys \u2013 12 Montessori gyv\u016bn\u0173 d\u0117lioni\u0173 su stovu - KidsPlay. Did\u017eiausias vaik\u0173 \u017eaisl\u0173 pasirinkimas.","robots":{"index":"index","follow":"follow","max-snippet":"max-snippet:-1","max-image-preview":"max-image-preview:large","max-video-preview":"max-video-preview:-1"},"canonical":"https:\/\/kidsplay.lt\/lv\/products\/viga-mediniu-delioniu-rinkinys-12-montessori-gyvunu-delioniu-su-stovu\/","og_locale":"lv_LV","og_type":"article","og_title":"VIGA Medini\u0173 d\u0117lioni\u0173 rinkinys \u2013 12 Montessori gyv\u016bn\u0173 d\u0117lioni\u0173 su stovu","og_description":"VIGA Medini\u0173 d\u0117lioni\u0173 rinkinys \u2013 12 Montessori gyv\u016bn\u0173 d\u0117lioni\u0173 su stovu - KidsPlay. Did\u017eiausias vaik\u0173 \u017eaisl\u0173 pasirinkimas.","og_url":"https:\/\/kidsplay.lt\/lv\/products\/viga-mediniu-delioniu-rinkinys-12-montessori-gyvunu-delioniu-su-stovu\/","og_site_name":"KidsPlay","article_publisher":"https:\/\/www.facebook.com\/www.kidsplay.lt","article_modified_time":"2026-04-13T10:45:35+00:00","og_image":[{"width":2560,"height":2560,"url":"https:\/\/kidsplay.lt\/wp-content\/uploads\/2026\/04\/VIGA-Mediniu-delioniu-rinkinys-\u2013-12-Montessori-gyvunu-delioniu-su-stovu.jpg","type":"image\/jpeg"}],"twitter_card":"summary_large_image","twitter_misc":{"Est. reading time":"1 min\u016bte"},"schema":{"@context":"https:\/\/schema.org","@graph":[{"@type":"WebPage","@id":"https:\/\/kidsplay.lt\/produktas\/viga-mediniu-delioniu-rinkinys-12-montessori-gyvunu-delioniu-su-stovu\/","url":"https:\/\/kidsplay.lt\/produktas\/viga-mediniu-delioniu-rinkinys-12-montessori-gyvunu-delioniu-su-stovu\/","name":"VIGA koka puz\u013cu komplekts \u2013 12 Montessori dz\u012bvnieku puzles ar stat\u012bvu","isPartOf":{"@id":"https:\/\/kidsplay.lt\/#website"},"primaryImageOfPage":{"@id":"https:\/\/kidsplay.lt\/produktas\/viga-mediniu-delioniu-rinkinys-12-montessori-gyvunu-delioniu-su-stovu\/#primaryimage"},"image":{"@id":"https:\/\/kidsplay.lt\/produktas\/viga-mediniu-delioniu-rinkinys-12-montessori-gyvunu-delioniu-su-stovu\/#primaryimage"},"thumbnailUrl":"https:\/\/kidsplay.lt\/wp-content\/uploads\/2026\/04\/VIGA-Mediniu-delioniu-rinkinys-\u2013-12-Montessori-gyvunu-delioniu-su-stovu.jpg","datePublished":"2026-04-04T05:04:53+00:00","dateModified":"2026-04-13T10:45:35+00:00","description":"VIGA Medini\u0173 d\u0117lioni\u0173 rinkinys \u2013 12 Montessori gyv\u016bn\u0173 d\u0117lioni\u0173 su stovu - KidsPlay. Did\u017eiausias vaik\u0173 \u017eaisl\u0173 pasirinkimas.","breadcrumb":{"@id":"https:\/\/kidsplay.lt\/produktas\/viga-mediniu-delioniu-rinkinys-12-montessori-gyvunu-delioniu-su-stovu\/#breadcrumb"},"inLanguage":"lv-LV","potentialAction":[{"@type":"ReadAction","target":["https:\/\/kidsplay.lt\/produktas\/viga-mediniu-delioniu-rinkinys-12-montessori-gyvunu-delioniu-su-stovu\/"]}]},{"@type":"ImageObject","inLanguage":"lv-LV","@id":"https:\/\/kidsplay.lt\/produktas\/viga-mediniu-delioniu-rinkinys-12-montessori-gyvunu-delioniu-su-stovu\/#primaryimage","url":"https:\/\/kidsplay.lt\/wp-content\/uploads\/2026\/04\/VIGA-Mediniu-delioniu-rinkinys-\u2013-12-Montessori-gyvunu-delioniu-su-stovu.jpg","contentUrl":"https:\/\/kidsplay.lt\/wp-content\/uploads\/2026\/04\/VIGA-Mediniu-delioniu-rinkinys-\u2013-12-Montessori-gyvunu-delioniu-su-stovu.jpg","width":2560,"height":2560,"caption":"VIGA Medini\u0173 d\u0117lioni\u0173 rinkinys \u2013 12 Montessori gyv\u016bn\u0173 d\u0117lioni\u0173 su stovu"},{"@type":"BreadcrumbList","@id":"https:\/\/kidsplay.lt\/produktas\/viga-mediniu-delioniu-rinkinys-12-montessori-gyvunu-delioniu-su-stovu\/#breadcrumb","itemListElement":[{"@type":"ListItem","position":1,"name":"Pagrindinis","item":"https:\/\/kidsplay.lt\/"},{"@type":"ListItem","position":2,"name":"Parduotuv\u0117","item":"https:\/\/kidsplay.lt\/parduotuve\/"},{"@type":"ListItem","position":3,"name":"VIGA Medini\u0173 d\u0117lioni\u0173 rinkinys \u2013 12 Montessori gyv\u016bn\u0173 d\u0117lioni\u0173 su stovu"}]},{"@type":"WebSite","@id":"https:\/\/kidsplay.lt\/#website","url":"https:\/\/kidsplay.lt\/","name":"B\u0113rnu sp\u0113les.lv","description":"\u012evairios prek\u0117s vaikams","publisher":{"@id":"https:\/\/kidsplay.lt\/#organization"},"alternateName":"Kidsplay","potentialAction":[{"@type":"SearchAction","target":{"@type":"EntryPoint","urlTemplate":"https:\/\/kidsplay.lt\/?s={search_term_string}"},"query-input":{"@type":"PropertyValueSpecification","valueRequired":true,"valueName":"search_term_string"}}],"inLanguage":"lv-LV"},{"@type":"Organization","@id":"https:\/\/kidsplay.lt\/#organization","name":"B\u0113rnu sp\u0113le","url":"https:\/\/kidsplay.lt\/","logo":{"@type":"ImageObject","inLanguage":"lv-LV","@id":"https:\/\/kidsplay.lt\/#\/schema\/logo\/image\/","url":"https:\/\/kidsplay.lt\/wp-content\/uploads\/2023\/07\/kidsplay-logo.png","contentUrl":"https:\/\/kidsplay.lt\/wp-content\/uploads\/2023\/07\/kidsplay-logo.png","width":451,"height":98,"caption":"KidsPlay"},"image":{"@id":"https:\/\/kidsplay.lt\/#\/schema\/logo\/image\/"},"sameAs":["https:\/\/www.facebook.com\/www.kidsplay.lt"]}]}},"_links":{"self":[{"href":"https:\/\/kidsplay.lt\/lv\/wp-json\/wp\/v2\/product\/99573","targetHints":{"allow":["GET"]}}],"collection":[{"href":"https:\/\/kidsplay.lt\/lv\/wp-json\/wp\/v2\/product"}],"about":[{"href":"https:\/\/kidsplay.lt\/lv\/wp-json\/wp\/v2\/types\/product"}],"version-history":[{"count":1,"href":"https:\/\/kidsplay.lt\/lv\/wp-json\/wp\/v2\/product\/99573\/revisions"}],"predecessor-version":[{"id":99574,"href":"https:\/\/kidsplay.lt\/lv\/wp-json\/wp\/v2\/product\/99573\/revisions\/99574"}],"wp:featuredmedia":[{"embeddable":true,"href":"https:\/\/kidsplay.lt\/lv\/wp-json\/wp\/v2\/media\/99575"}],"wp:attachment":[{"href":"https:\/\/kidsplay.lt\/lv\/wp-json\/wp\/v2\/media?parent=99573"}],"wp:term":[{"taxonomy":"product_brand","embeddable":true,"href":"https:\/\/kidsplay.lt\/lv\/wp-json\/wp\/v2\/product_brand?post=99573"},{"taxonomy":"product_cat","embeddable":true,"href":"https:\/\/kidsplay.lt\/lv\/wp-json\/wp\/v2\/product_cat?post=99573"},{"taxonomy":"product_tag","embeddable":true,"href":"https:\/\/kidsplay.lt\/lv\/wp-json\/wp\/v2\/product_tag?post=99573"}],"curies":[{"name":"wp","href":"https:\/\/api.w.org\/{rel}","templated":true}]}}