{"id":99580,"date":"2026-04-04T08:05:12","date_gmt":"2026-04-04T05:05:12","guid":{"rendered":"https:\/\/kidsplay.lt\/produktas\/viga-didelis-medinis-greitosios-pagalbos-rinkinys-greitoji-pagalba-maziesiems-gelbetojams-25-vnt-priedai\/"},"modified":"2026-04-13T13:45:41","modified_gmt":"2026-04-13T10:45:41","slug":"viga-didelis-medinis-greitosios-pagalbos-rinkinys-greitoji-pagalba-maziesiems-gelbetojams-25-vnt-priedai","status":"publish","type":"product","link":"https:\/\/kidsplay.lt\/lv\/products\/viga-didelis-medinis-greitosios-pagalbos-rinkinys-greitoji-pagalba-maziesiems-gelbetojams-25-vnt-priedai\/","title":{"rendered":"VIGA Liela koka pirm\u0101s pal\u012bdz\u012bbas aptieci\u0146a - pirm\u0101 pal\u012bdz\u012bba mazajiem gl\u0101b\u0113jiem, 25 gab. aksesu\u0101ri"},"content":{"rendered":"<p>VIGA \u201eSuper Greitoji Pagalba\u201c \u2013 tai interaktyvus ir edukacinis rinkinys, kuris nukelia vaikus \u012f skubios medicinos pasaul\u012f. \u017daidimo metu vaikai gali imituoti \u012fvairias roles: greitosios pagalbos vairuotoj\u0105, paramedik\u0105 ar dispe\u010der\u012f, mokydamiesi pirmosios pagalbos pagrind\u0173. Rinkinys turi daugyb\u0119 pried\u0173, toki\u0173 kaip ne\u0161tuv\u0173 ve\u017eim\u0117lis, medinis telefonas, stetoskopas ir kiti \u012frankiai, kurie daro \u017eaidim\u0105 realisti\u0161k\u0105. Vaikai gali mokytis tvarstyti \u017eaizdas ar matuoti temperat\u016br\u0105, lavindami vaizduot\u0119 ir skatinami r\u016bpestingumo. Rinkin\u012f sudaro 25 skirtingi priedai, suteikiantys begal\u0119 k\u016brybinio \u017eaidimo galimybi\u0173.<br \/>\nRaksturojums:<\/p>\n<p>B\u0113rniem no 3 gadu vecuma<\/p>\n<p>\u017daislin\u0117 greitoji pagalba, leid\u017eianti atlikti skirtingas gelb\u0117jimo komandos roles<\/p>\n<p>Mokymasis pirmosios pagalbos naudojant realisti\u0161kus priedus<\/p>\n<p>Ve\u017eim\u0117lis su ne\u0161tuvais, lengvai dedamas \u012f greit\u0105j\u0105<\/p>\n<p>Galimyb\u0117 vaidinti gelb\u0117tojo, vairuotojo ar dispe\u010derio rol\u0119<\/p>\n<p>Lavina vaizduot\u0119, empatij\u0105 ir r\u016bpestingumo \u012fg\u016bd\u017eius<\/p>\n<p>Rinkinys apima:<\/p>\n<p>Didel\u0119 medin\u0119 greit\u0105j\u0105 pagalb\u0105<\/p>\n<p>Ve\u017eim\u0117l\u012f su ne\u0161tuvais<\/p>\n<p>Medin\u012f telefon\u0105 ir u\u017era\u0161\u0173 lent\u0105<\/p>\n<p>Medicininius priedus: stetoskop\u0105, \u0161virk\u0161t\u0105, kraujosp\u016bd\u017eio matuokl\u012f, termometr\u0105<\/p>\n<p>Vaist\u0173 buteliukus ir tabletes<\/p>\n<p>Gerkl\u0117s pagaliuk\u0105, pincet\u0105, refleksin\u012f plaktuk\u0105<\/p>\n<p>AED defibriliatori\u0173 ir deguonies kauk\u0119<\/p>\n<p>Gal\u016bni\u0173 imobilizacijos \u012ftvar\u0105 ir lipni\u0105 juost\u0105<\/p>\n<p>2 paciento korteles ir laidus prijungimui prie steb\u0117jimo prietais\u0173<\/p>","protected":false},"excerpt":{"rendered":"<p>VIGA \u201eSuper Greitoji Pagalba\u201c \u2013 tai interaktyvus ir edukacinis rinkinys, kuris nukelia vaikus \u012f skubios medicinos pasaul\u012f. \u017daidimo metu vaikai<\/p>","protected":false},"featured_media":99582,"template":"","meta":{"_acf_changed":false,"_glsr_average":0,"_glsr_ranking":0,"_glsr_reviews":0},"product_brand":[],"product_cat":[891,883],"product_tag":[],"class_list":{"0":"post-99580","1":"product","2":"type-product","3":"status-publish","4":"has-post-thumbnail","6":"product_cat-medines-transporto-priemones","7":"product_cat-mediniai-zaislai-2","8":"\"style=\"background-color: #2ecc711c;\"","10":"first","11":"instock","12":"purchasable","13":"product-type-simple"},"acf":[],"yoast_head":"<!-- This site is optimized with the Yoast SEO plugin v27.4 - https:\/\/yoast.com\/product\/yoast-seo-wordpress\/ -->\n<title>VIGA Didelis medinis greitosios pagalbos rinkinys \u2013 greitoji pagalba ma\u017eiesiems gelb\u0117tojams, 25 vnt. priedai<\/title>\n<meta name=\"description\" content=\"VIGA Didelis medinis greitosios pagalbos rinkinys \u2013 greitoji pagalba ma\u017eiesiems gelb\u0117tojams, 25 vnt. priedai - KidsPlay. Did\u017eiausias vaik\u0173 \u017eaisl\u0173 pasirinkimas.\" \/>\n<meta name=\"robots\" content=\"index, follow, max-snippet:-1, max-image-preview:large, max-video-preview:-1\" \/>\n<link rel=\"canonical\" href=\"https:\/\/kidsplay.lt\/lv\/products\/viga-didelis-medinis-greitosios-pagalbos-rinkinys-greitoji-pagalba-maziesiems-gelbetojams-25-vnt-priedai\/\" \/>\n<meta property=\"og:locale\" content=\"lv_LV\" \/>\n<meta property=\"og:type\" content=\"article\" \/>\n<meta property=\"og:title\" content=\"VIGA Didelis medinis greitosios pagalbos rinkinys \u2013 greitoji pagalba ma\u017eiesiems gelb\u0117tojams, 25 vnt. priedai\" \/>\n<meta property=\"og:description\" content=\"VIGA Didelis medinis greitosios pagalbos rinkinys \u2013 greitoji pagalba ma\u017eiesiems gelb\u0117tojams, 25 vnt. priedai - KidsPlay. Did\u017eiausias vaik\u0173 \u017eaisl\u0173 pasirinkimas.\" \/>\n<meta property=\"og:url\" content=\"https:\/\/kidsplay.lt\/lv\/products\/viga-didelis-medinis-greitosios-pagalbos-rinkinys-greitoji-pagalba-maziesiems-gelbetojams-25-vnt-priedai\/\" \/>\n<meta property=\"og:site_name\" content=\"KidsPlay\" \/>\n<meta property=\"article:publisher\" content=\"https:\/\/www.facebook.com\/www.kidsplay.lt\" \/>\n<meta property=\"article:modified_time\" content=\"2026-04-13T10:45:41+00:00\" \/>\n<meta property=\"og:image\" content=\"https:\/\/kidsplay.lt\/wp-content\/uploads\/2026\/04\/VIGA-Didelis-medinis-greitosios-pagalbos-rinkinys-\u2013-greitoji-pagalba-maziesiems-gelbetojams-25-vnt.-priedai.jpg\" \/>\n\t<meta property=\"og:image:width\" content=\"2560\" \/>\n\t<meta property=\"og:image:height\" content=\"2560\" \/>\n\t<meta property=\"og:image:type\" content=\"image\/jpeg\" \/>\n<meta name=\"twitter:card\" content=\"summary_large_image\" \/>\n<meta name=\"twitter:label1\" content=\"Est. reading time\" \/>\n\t<meta name=\"twitter:data1\" content=\"1 min\u016bte\" \/>\n<script type=\"application\/ld+json\" class=\"yoast-schema-graph\">{\"@context\":\"https:\\\/\\\/schema.org\",\"@graph\":[{\"@type\":\"WebPage\",\"@id\":\"https:\\\/\\\/kidsplay.lt\\\/produktas\\\/viga-didelis-medinis-greitosios-pagalbos-rinkinys-greitoji-pagalba-maziesiems-gelbetojams-25-vnt-priedai\\\/\",\"url\":\"https:\\\/\\\/kidsplay.lt\\\/produktas\\\/viga-didelis-medinis-greitosios-pagalbos-rinkinys-greitoji-pagalba-maziesiems-gelbetojams-25-vnt-priedai\\\/\",\"name\":\"VIGA Didelis medinis greitosios pagalbos rinkinys \u2013 greitoji pagalba ma\u017eiesiems gelb\u0117tojams, 25 vnt. priedai\",\"isPartOf\":{\"@id\":\"https:\\\/\\\/kidsplay.lt\\\/#website\"},\"primaryImageOfPage\":{\"@id\":\"https:\\\/\\\/kidsplay.lt\\\/produktas\\\/viga-didelis-medinis-greitosios-pagalbos-rinkinys-greitoji-pagalba-maziesiems-gelbetojams-25-vnt-priedai\\\/#primaryimage\"},\"image\":{\"@id\":\"https:\\\/\\\/kidsplay.lt\\\/produktas\\\/viga-didelis-medinis-greitosios-pagalbos-rinkinys-greitoji-pagalba-maziesiems-gelbetojams-25-vnt-priedai\\\/#primaryimage\"},\"thumbnailUrl\":\"https:\\\/\\\/kidsplay.lt\\\/wp-content\\\/uploads\\\/2026\\\/04\\\/VIGA-Didelis-medinis-greitosios-pagalbos-rinkinys-\u2013-greitoji-pagalba-maziesiems-gelbetojams-25-vnt.-priedai.jpg\",\"datePublished\":\"2026-04-04T05:05:12+00:00\",\"dateModified\":\"2026-04-13T10:45:41+00:00\",\"description\":\"VIGA Didelis medinis greitosios pagalbos rinkinys \u2013 greitoji pagalba ma\u017eiesiems gelb\u0117tojams, 25 vnt. priedai - KidsPlay. Did\u017eiausias vaik\u0173 \u017eaisl\u0173 pasirinkimas.\",\"breadcrumb\":{\"@id\":\"https:\\\/\\\/kidsplay.lt\\\/produktas\\\/viga-didelis-medinis-greitosios-pagalbos-rinkinys-greitoji-pagalba-maziesiems-gelbetojams-25-vnt-priedai\\\/#breadcrumb\"},\"inLanguage\":\"lv-LV\",\"potentialAction\":[{\"@type\":\"ReadAction\",\"target\":[\"https:\\\/\\\/kidsplay.lt\\\/produktas\\\/viga-didelis-medinis-greitosios-pagalbos-rinkinys-greitoji-pagalba-maziesiems-gelbetojams-25-vnt-priedai\\\/\"]}]},{\"@type\":\"ImageObject\",\"inLanguage\":\"lv-LV\",\"@id\":\"https:\\\/\\\/kidsplay.lt\\\/produktas\\\/viga-didelis-medinis-greitosios-pagalbos-rinkinys-greitoji-pagalba-maziesiems-gelbetojams-25-vnt-priedai\\\/#primaryimage\",\"url\":\"https:\\\/\\\/kidsplay.lt\\\/wp-content\\\/uploads\\\/2026\\\/04\\\/VIGA-Didelis-medinis-greitosios-pagalbos-rinkinys-\u2013-greitoji-pagalba-maziesiems-gelbetojams-25-vnt.-priedai.jpg\",\"contentUrl\":\"https:\\\/\\\/kidsplay.lt\\\/wp-content\\\/uploads\\\/2026\\\/04\\\/VIGA-Didelis-medinis-greitosios-pagalbos-rinkinys-\u2013-greitoji-pagalba-maziesiems-gelbetojams-25-vnt.-priedai.jpg\",\"width\":2560,\"height\":2560,\"caption\":\"VIGA Didelis medinis greitosios pagalbos rinkinys \u2013 greitoji pagalba ma\u017eiesiems gelb\u0117tojams\"},{\"@type\":\"BreadcrumbList\",\"@id\":\"https:\\\/\\\/kidsplay.lt\\\/produktas\\\/viga-didelis-medinis-greitosios-pagalbos-rinkinys-greitoji-pagalba-maziesiems-gelbetojams-25-vnt-priedai\\\/#breadcrumb\",\"itemListElement\":[{\"@type\":\"ListItem\",\"position\":1,\"name\":\"Pagrindinis\",\"item\":\"https:\\\/\\\/kidsplay.lt\\\/\"},{\"@type\":\"ListItem\",\"position\":2,\"name\":\"Parduotuv\u0117\",\"item\":\"https:\\\/\\\/kidsplay.lt\\\/parduotuve\\\/\"},{\"@type\":\"ListItem\",\"position\":3,\"name\":\"VIGA Didelis medinis greitosios pagalbos rinkinys \u2013 greitoji pagalba ma\u017eiesiems gelb\u0117tojams, 25 vnt. priedai\"}]},{\"@type\":\"WebSite\",\"@id\":\"https:\\\/\\\/kidsplay.lt\\\/#website\",\"url\":\"https:\\\/\\\/kidsplay.lt\\\/\",\"name\":\"Kidsplay.lt\",\"description\":\"\u012evairios prek\u0117s vaikams\",\"publisher\":{\"@id\":\"https:\\\/\\\/kidsplay.lt\\\/#organization\"},\"alternateName\":\"Kidsplay\",\"potentialAction\":[{\"@type\":\"SearchAction\",\"target\":{\"@type\":\"EntryPoint\",\"urlTemplate\":\"https:\\\/\\\/kidsplay.lt\\\/?s={search_term_string}\"},\"query-input\":{\"@type\":\"PropertyValueSpecification\",\"valueRequired\":true,\"valueName\":\"search_term_string\"}}],\"inLanguage\":\"lv-LV\"},{\"@type\":\"Organization\",\"@id\":\"https:\\\/\\\/kidsplay.lt\\\/#organization\",\"name\":\"KidsPlay\",\"url\":\"https:\\\/\\\/kidsplay.lt\\\/\",\"logo\":{\"@type\":\"ImageObject\",\"inLanguage\":\"lv-LV\",\"@id\":\"https:\\\/\\\/kidsplay.lt\\\/#\\\/schema\\\/logo\\\/image\\\/\",\"url\":\"https:\\\/\\\/kidsplay.lt\\\/wp-content\\\/uploads\\\/2023\\\/07\\\/kidsplay-logo.png\",\"contentUrl\":\"https:\\\/\\\/kidsplay.lt\\\/wp-content\\\/uploads\\\/2023\\\/07\\\/kidsplay-logo.png\",\"width\":451,\"height\":98,\"caption\":\"KidsPlay\"},\"image\":{\"@id\":\"https:\\\/\\\/kidsplay.lt\\\/#\\\/schema\\\/logo\\\/image\\\/\"},\"sameAs\":[\"https:\\\/\\\/www.facebook.com\\\/www.kidsplay.lt\"]}]}<\/script>\n<!-- \/ Yoast SEO plugin. -->","yoast_head_json":{"title":"VIGA Liela koka pirm\u0101s pal\u012bdz\u012bbas aptieci\u0146a - pirm\u0101 pal\u012bdz\u012bba mazajiem gl\u0101b\u0113jiem, 25 gab. aksesu\u0101ri","description":"VIGA Didelis medinis greitosios pagalbos rinkinys \u2013 greitoji pagalba ma\u017eiesiems gelb\u0117tojams, 25 vnt. priedai - KidsPlay. Did\u017eiausias vaik\u0173 \u017eaisl\u0173 pasirinkimas.","robots":{"index":"index","follow":"follow","max-snippet":"max-snippet:-1","max-image-preview":"max-image-preview:large","max-video-preview":"max-video-preview:-1"},"canonical":"https:\/\/kidsplay.lt\/lv\/products\/viga-didelis-medinis-greitosios-pagalbos-rinkinys-greitoji-pagalba-maziesiems-gelbetojams-25-vnt-priedai\/","og_locale":"lv_LV","og_type":"article","og_title":"VIGA Didelis medinis greitosios pagalbos rinkinys \u2013 greitoji pagalba ma\u017eiesiems gelb\u0117tojams, 25 vnt. priedai","og_description":"VIGA Didelis medinis greitosios pagalbos rinkinys \u2013 greitoji pagalba ma\u017eiesiems gelb\u0117tojams, 25 vnt. priedai - KidsPlay. Did\u017eiausias vaik\u0173 \u017eaisl\u0173 pasirinkimas.","og_url":"https:\/\/kidsplay.lt\/lv\/products\/viga-didelis-medinis-greitosios-pagalbos-rinkinys-greitoji-pagalba-maziesiems-gelbetojams-25-vnt-priedai\/","og_site_name":"KidsPlay","article_publisher":"https:\/\/www.facebook.com\/www.kidsplay.lt","article_modified_time":"2026-04-13T10:45:41+00:00","og_image":[{"width":2560,"height":2560,"url":"https:\/\/kidsplay.lt\/wp-content\/uploads\/2026\/04\/VIGA-Didelis-medinis-greitosios-pagalbos-rinkinys-\u2013-greitoji-pagalba-maziesiems-gelbetojams-25-vnt.-priedai.jpg","type":"image\/jpeg"}],"twitter_card":"summary_large_image","twitter_misc":{"Est. reading time":"1 min\u016bte"},"schema":{"@context":"https:\/\/schema.org","@graph":[{"@type":"WebPage","@id":"https:\/\/kidsplay.lt\/produktas\/viga-didelis-medinis-greitosios-pagalbos-rinkinys-greitoji-pagalba-maziesiems-gelbetojams-25-vnt-priedai\/","url":"https:\/\/kidsplay.lt\/produktas\/viga-didelis-medinis-greitosios-pagalbos-rinkinys-greitoji-pagalba-maziesiems-gelbetojams-25-vnt-priedai\/","name":"VIGA Liela koka pirm\u0101s pal\u012bdz\u012bbas aptieci\u0146a - pirm\u0101 pal\u012bdz\u012bba mazajiem gl\u0101b\u0113jiem, 25 gab. aksesu\u0101ri","isPartOf":{"@id":"https:\/\/kidsplay.lt\/#website"},"primaryImageOfPage":{"@id":"https:\/\/kidsplay.lt\/produktas\/viga-didelis-medinis-greitosios-pagalbos-rinkinys-greitoji-pagalba-maziesiems-gelbetojams-25-vnt-priedai\/#primaryimage"},"image":{"@id":"https:\/\/kidsplay.lt\/produktas\/viga-didelis-medinis-greitosios-pagalbos-rinkinys-greitoji-pagalba-maziesiems-gelbetojams-25-vnt-priedai\/#primaryimage"},"thumbnailUrl":"https:\/\/kidsplay.lt\/wp-content\/uploads\/2026\/04\/VIGA-Didelis-medinis-greitosios-pagalbos-rinkinys-\u2013-greitoji-pagalba-maziesiems-gelbetojams-25-vnt.-priedai.jpg","datePublished":"2026-04-04T05:05:12+00:00","dateModified":"2026-04-13T10:45:41+00:00","description":"VIGA Didelis medinis greitosios pagalbos rinkinys \u2013 greitoji pagalba ma\u017eiesiems gelb\u0117tojams, 25 vnt. priedai - KidsPlay. Did\u017eiausias vaik\u0173 \u017eaisl\u0173 pasirinkimas.","breadcrumb":{"@id":"https:\/\/kidsplay.lt\/produktas\/viga-didelis-medinis-greitosios-pagalbos-rinkinys-greitoji-pagalba-maziesiems-gelbetojams-25-vnt-priedai\/#breadcrumb"},"inLanguage":"lv-LV","potentialAction":[{"@type":"ReadAction","target":["https:\/\/kidsplay.lt\/produktas\/viga-didelis-medinis-greitosios-pagalbos-rinkinys-greitoji-pagalba-maziesiems-gelbetojams-25-vnt-priedai\/"]}]},{"@type":"ImageObject","inLanguage":"lv-LV","@id":"https:\/\/kidsplay.lt\/produktas\/viga-didelis-medinis-greitosios-pagalbos-rinkinys-greitoji-pagalba-maziesiems-gelbetojams-25-vnt-priedai\/#primaryimage","url":"https:\/\/kidsplay.lt\/wp-content\/uploads\/2026\/04\/VIGA-Didelis-medinis-greitosios-pagalbos-rinkinys-\u2013-greitoji-pagalba-maziesiems-gelbetojams-25-vnt.-priedai.jpg","contentUrl":"https:\/\/kidsplay.lt\/wp-content\/uploads\/2026\/04\/VIGA-Didelis-medinis-greitosios-pagalbos-rinkinys-\u2013-greitoji-pagalba-maziesiems-gelbetojams-25-vnt.-priedai.jpg","width":2560,"height":2560,"caption":"VIGA Didelis medinis greitosios pagalbos rinkinys \u2013 greitoji pagalba ma\u017eiesiems gelb\u0117tojams"},{"@type":"BreadcrumbList","@id":"https:\/\/kidsplay.lt\/produktas\/viga-didelis-medinis-greitosios-pagalbos-rinkinys-greitoji-pagalba-maziesiems-gelbetojams-25-vnt-priedai\/#breadcrumb","itemListElement":[{"@type":"ListItem","position":1,"name":"Pagrindinis","item":"https:\/\/kidsplay.lt\/"},{"@type":"ListItem","position":2,"name":"Parduotuv\u0117","item":"https:\/\/kidsplay.lt\/parduotuve\/"},{"@type":"ListItem","position":3,"name":"VIGA Didelis medinis greitosios pagalbos rinkinys \u2013 greitoji pagalba ma\u017eiesiems gelb\u0117tojams, 25 vnt. priedai"}]},{"@type":"WebSite","@id":"https:\/\/kidsplay.lt\/#website","url":"https:\/\/kidsplay.lt\/","name":"B\u0113rnu sp\u0113les.lv","description":"\u012evairios prek\u0117s vaikams","publisher":{"@id":"https:\/\/kidsplay.lt\/#organization"},"alternateName":"Kidsplay","potentialAction":[{"@type":"SearchAction","target":{"@type":"EntryPoint","urlTemplate":"https:\/\/kidsplay.lt\/?s={search_term_string}"},"query-input":{"@type":"PropertyValueSpecification","valueRequired":true,"valueName":"search_term_string"}}],"inLanguage":"lv-LV"},{"@type":"Organization","@id":"https:\/\/kidsplay.lt\/#organization","name":"B\u0113rnu sp\u0113le","url":"https:\/\/kidsplay.lt\/","logo":{"@type":"ImageObject","inLanguage":"lv-LV","@id":"https:\/\/kidsplay.lt\/#\/schema\/logo\/image\/","url":"https:\/\/kidsplay.lt\/wp-content\/uploads\/2023\/07\/kidsplay-logo.png","contentUrl":"https:\/\/kidsplay.lt\/wp-content\/uploads\/2023\/07\/kidsplay-logo.png","width":451,"height":98,"caption":"KidsPlay"},"image":{"@id":"https:\/\/kidsplay.lt\/#\/schema\/logo\/image\/"},"sameAs":["https:\/\/www.facebook.com\/www.kidsplay.lt"]}]}},"_links":{"self":[{"href":"https:\/\/kidsplay.lt\/lv\/wp-json\/wp\/v2\/product\/99580","targetHints":{"allow":["GET"]}}],"collection":[{"href":"https:\/\/kidsplay.lt\/lv\/wp-json\/wp\/v2\/product"}],"about":[{"href":"https:\/\/kidsplay.lt\/lv\/wp-json\/wp\/v2\/types\/product"}],"version-history":[{"count":1,"href":"https:\/\/kidsplay.lt\/lv\/wp-json\/wp\/v2\/product\/99580\/revisions"}],"predecessor-version":[{"id":99581,"href":"https:\/\/kidsplay.lt\/lv\/wp-json\/wp\/v2\/product\/99580\/revisions\/99581"}],"wp:featuredmedia":[{"embeddable":true,"href":"https:\/\/kidsplay.lt\/lv\/wp-json\/wp\/v2\/media\/99582"}],"wp:attachment":[{"href":"https:\/\/kidsplay.lt\/lv\/wp-json\/wp\/v2\/media?parent=99580"}],"wp:term":[{"taxonomy":"product_brand","embeddable":true,"href":"https:\/\/kidsplay.lt\/lv\/wp-json\/wp\/v2\/product_brand?post=99580"},{"taxonomy":"product_cat","embeddable":true,"href":"https:\/\/kidsplay.lt\/lv\/wp-json\/wp\/v2\/product_cat?post=99580"},{"taxonomy":"product_tag","embeddable":true,"href":"https:\/\/kidsplay.lt\/lv\/wp-json\/wp\/v2\/product_tag?post=99580"}],"curies":[{"name":"wp","href":"https:\/\/api.w.org\/{rel}","templated":true}]}}