{"id":99594,"date":"2026-04-04T08:05:53","date_gmt":"2026-04-04T05:05:53","guid":{"rendered":"https:\/\/kidsplay.lt\/produktas\/viga-mediniu-vaisiu-ir-darzoviu-rinkinys-10-dezuciu\/"},"modified":"2026-04-13T13:45:47","modified_gmt":"2026-04-13T10:45:47","slug":"viga-mediniu-vaisiu-ir-darzoviu-rinkinys-10-dezuciu","status":"publish","type":"product","link":"https:\/\/kidsplay.lt\/lv\/products\/viga-mediniu-vaisiu-ir-darzoviu-rinkinys-10-dezuciu\/","title":{"rendered":"VIGA Medini\u0173 vaisi\u0173 ir dar\u017eovi\u0173 rinkinys \u2013 10 d\u0117\u017eu\u010di\u0173"},"content":{"rendered":"<p>Atraskite stebukling\u0105 spalvot\u0173 \u201evitamin\u0173\u201c pasaul\u012f, kurie niekada nesugenda ir visada skatina \u017eaidim\u0105! \u0160is gausus medini\u0173 d\u0117\u017eu\u010di\u0173 rinkinys i\u0161 Viga \u2013 puikus b\u016bdas supa\u017eindinti vaik\u0105 su sveikos mitybos \u012fpro\u010diais ir d\u017eiaugsmingu \u017eaidimu parduotuv\u0117je ar restorane. Kiekviena detal\u0117 kruop\u0161\u010diai sukurta taip, kad idealiai tilpt\u0173 ma\u017eose rankose, skatinant vaiko vaizduot\u0119 ir vikrum\u0105. D\u0117l form\u0173 \u012fvairov\u0117s ir ry\u0161ki\u0173 spalv\u0173 j\u016bs\u0173 ma\u017eylis su entuziazmu r\u016b\u0161iuos morkas, bakla\u017eanus ir sultingus obuolius. Tai investicija \u012f saug\u0173, ekologi\u0161k\u0105 \u017eaidim\u0105, kuris moko ir pramogauja valand\u0173 valandas!<br \/>\nRaksturojums:<\/p>\n<p>Visi elementai ir d\u0117\u017eut\u0117s pagaminti i\u0161 auk\u0161tos kokyb\u0117s, nat\u016bralios medienos<\/p>\n<p>U\u017eapvalinti kra\u0161tai ir netoksi\u0161ki da\u017eai garantuoja saug\u0173 \u017eaidim\u0105 net ma\u017eiausiems<\/p>\n<p>Intensyvios, sodrios spalvos puikiai atkartoja tikrus vaisius ir dar\u017eoves<\/p>\n<p>Esteti\u0161kos d\u0117\u017eut\u0117s su rankenomis leid\u017eia greitai sutvarkyti po \u017eaidimo<\/p>\n<p>Rinkinys puikiai tinka vaik\u0173 virtuv\u0117l\u0117ms ir \u017eaisl\u0173 parduotuv\u0117l\u0117ms<\/p>\n<p>Rinkinys sudaro:Iki 10 medini\u0173 d\u0117\u017eu\u010di\u0173, kuriose yra:<\/p>\n<p>Raudoni obuoliai<\/p>\n<p>Sald\u017eios apelsinai<\/p>\n<p>Mi\u0161ko grybai<\/p>\n<p>Balti \u010desnakai \/ svog\u016bnai<\/p>\n<p>Egzoti\u0161ki bananai<\/p>\n<p>Violetiniai bakla\u017eanai<\/p>\n<p>Tra\u0161kios morkos<\/p>\n<p>R\u016bg\u0161t\u016bs citrinai<\/p>\n<p>Sultingi kriau\u0161\u0117s<\/p>\n<p>Rudi kiviai \/ bulv\u0117s<\/p>","protected":false},"excerpt":{"rendered":"<p>Atraskite stebukling\u0105 spalvot\u0173 \u201evitamin\u0173\u201c pasaul\u012f, kurie niekada nesugenda ir visada skatina \u017eaidim\u0105! \u0160is gausus medini\u0173 d\u0117\u017eu\u010di\u0173 rinkinys i\u0161 Viga \u2013<\/p>","protected":false},"featured_media":99596,"template":"","meta":{"_acf_changed":false,"_glsr_average":0,"_glsr_ranking":0,"_glsr_reviews":0},"product_brand":[],"product_cat":[399,229],"product_tag":[],"class_list":{"0":"post-99594","1":"product","2":"type-product","3":"status-publish","4":"has-post-thumbnail","6":"product_cat-vaidmenu-zaidimai-2","7":"product_cat-zaislai-vaikams","8":"\"style=\"background-color: #2ecc711c;\"","10":"first","11":"instock","12":"purchasable","13":"product-type-simple"},"acf":[],"yoast_head":"<!-- This site is optimized with the Yoast SEO plugin v27.3 - https:\/\/yoast.com\/product\/yoast-seo-wordpress\/ -->\n<title>VIGA Medini\u0173 vaisi\u0173 ir dar\u017eovi\u0173 rinkinys \u2013 10 d\u0117\u017eu\u010di\u0173<\/title>\n<meta name=\"description\" content=\"VIGA Medini\u0173 vaisi\u0173 ir dar\u017eovi\u0173 rinkinys \u2013 10 d\u0117\u017eu\u010di\u0173 - KidsPlay. Did\u017eiausias vaik\u0173 \u017eaisl\u0173 pasirinkimas.\" \/>\n<meta name=\"robots\" content=\"index, follow, max-snippet:-1, max-image-preview:large, max-video-preview:-1\" \/>\n<link rel=\"canonical\" href=\"https:\/\/kidsplay.lt\/lv\/products\/viga-mediniu-vaisiu-ir-darzoviu-rinkinys-10-dezuciu\/\" \/>\n<meta property=\"og:locale\" content=\"lv_LV\" \/>\n<meta property=\"og:type\" content=\"article\" \/>\n<meta property=\"og:title\" content=\"VIGA Medini\u0173 vaisi\u0173 ir dar\u017eovi\u0173 rinkinys \u2013 10 d\u0117\u017eu\u010di\u0173\" \/>\n<meta property=\"og:description\" content=\"VIGA Medini\u0173 vaisi\u0173 ir dar\u017eovi\u0173 rinkinys \u2013 10 d\u0117\u017eu\u010di\u0173 - KidsPlay. Did\u017eiausias vaik\u0173 \u017eaisl\u0173 pasirinkimas.\" \/>\n<meta property=\"og:url\" content=\"https:\/\/kidsplay.lt\/lv\/products\/viga-mediniu-vaisiu-ir-darzoviu-rinkinys-10-dezuciu\/\" \/>\n<meta property=\"og:site_name\" content=\"KidsPlay\" \/>\n<meta property=\"article:publisher\" content=\"https:\/\/www.facebook.com\/www.kidsplay.lt\" \/>\n<meta property=\"article:modified_time\" content=\"2026-04-13T10:45:47+00:00\" \/>\n<meta property=\"og:image\" content=\"https:\/\/kidsplay.lt\/wp-content\/uploads\/2026\/04\/VIGA-Mediniu-vaisiu-ir-darzoviu-rinkinys-\u2013-10-dezuciu.jpg\" \/>\n\t<meta property=\"og:image:width\" content=\"1410\" \/>\n\t<meta property=\"og:image:height\" content=\"1410\" \/>\n\t<meta property=\"og:image:type\" content=\"image\/jpeg\" \/>\n<meta name=\"twitter:card\" content=\"summary_large_image\" \/>\n<meta name=\"twitter:label1\" content=\"Est. reading time\" \/>\n\t<meta name=\"twitter:data1\" content=\"1 min\u016bte\" \/>\n<script type=\"application\/ld+json\" class=\"yoast-schema-graph\">{\"@context\":\"https:\\\/\\\/schema.org\",\"@graph\":[{\"@type\":\"WebPage\",\"@id\":\"https:\\\/\\\/kidsplay.lt\\\/produktas\\\/viga-mediniu-vaisiu-ir-darzoviu-rinkinys-10-dezuciu\\\/\",\"url\":\"https:\\\/\\\/kidsplay.lt\\\/produktas\\\/viga-mediniu-vaisiu-ir-darzoviu-rinkinys-10-dezuciu\\\/\",\"name\":\"VIGA Medini\u0173 vaisi\u0173 ir dar\u017eovi\u0173 rinkinys \u2013 10 d\u0117\u017eu\u010di\u0173\",\"isPartOf\":{\"@id\":\"https:\\\/\\\/kidsplay.lt\\\/#website\"},\"primaryImageOfPage\":{\"@id\":\"https:\\\/\\\/kidsplay.lt\\\/produktas\\\/viga-mediniu-vaisiu-ir-darzoviu-rinkinys-10-dezuciu\\\/#primaryimage\"},\"image\":{\"@id\":\"https:\\\/\\\/kidsplay.lt\\\/produktas\\\/viga-mediniu-vaisiu-ir-darzoviu-rinkinys-10-dezuciu\\\/#primaryimage\"},\"thumbnailUrl\":\"https:\\\/\\\/kidsplay.lt\\\/wp-content\\\/uploads\\\/2026\\\/04\\\/VIGA-Mediniu-vaisiu-ir-darzoviu-rinkinys-\u2013-10-dezuciu.jpg\",\"datePublished\":\"2026-04-04T05:05:53+00:00\",\"dateModified\":\"2026-04-13T10:45:47+00:00\",\"description\":\"VIGA Medini\u0173 vaisi\u0173 ir dar\u017eovi\u0173 rinkinys \u2013 10 d\u0117\u017eu\u010di\u0173 - KidsPlay. Did\u017eiausias vaik\u0173 \u017eaisl\u0173 pasirinkimas.\",\"breadcrumb\":{\"@id\":\"https:\\\/\\\/kidsplay.lt\\\/produktas\\\/viga-mediniu-vaisiu-ir-darzoviu-rinkinys-10-dezuciu\\\/#breadcrumb\"},\"inLanguage\":\"lv-LV\",\"potentialAction\":[{\"@type\":\"ReadAction\",\"target\":[\"https:\\\/\\\/kidsplay.lt\\\/produktas\\\/viga-mediniu-vaisiu-ir-darzoviu-rinkinys-10-dezuciu\\\/\"]}]},{\"@type\":\"ImageObject\",\"inLanguage\":\"lv-LV\",\"@id\":\"https:\\\/\\\/kidsplay.lt\\\/produktas\\\/viga-mediniu-vaisiu-ir-darzoviu-rinkinys-10-dezuciu\\\/#primaryimage\",\"url\":\"https:\\\/\\\/kidsplay.lt\\\/wp-content\\\/uploads\\\/2026\\\/04\\\/VIGA-Mediniu-vaisiu-ir-darzoviu-rinkinys-\u2013-10-dezuciu.jpg\",\"contentUrl\":\"https:\\\/\\\/kidsplay.lt\\\/wp-content\\\/uploads\\\/2026\\\/04\\\/VIGA-Mediniu-vaisiu-ir-darzoviu-rinkinys-\u2013-10-dezuciu.jpg\",\"width\":1410,\"height\":1410,\"caption\":\"VIGA Medini\u0173 vaisi\u0173 ir dar\u017eovi\u0173 rinkinys \u2013 10 d\u0117\u017eu\u010di\u0173\"},{\"@type\":\"BreadcrumbList\",\"@id\":\"https:\\\/\\\/kidsplay.lt\\\/produktas\\\/viga-mediniu-vaisiu-ir-darzoviu-rinkinys-10-dezuciu\\\/#breadcrumb\",\"itemListElement\":[{\"@type\":\"ListItem\",\"position\":1,\"name\":\"Pagrindinis\",\"item\":\"https:\\\/\\\/kidsplay.lt\\\/\"},{\"@type\":\"ListItem\",\"position\":2,\"name\":\"Parduotuv\u0117\",\"item\":\"https:\\\/\\\/kidsplay.lt\\\/parduotuve\\\/\"},{\"@type\":\"ListItem\",\"position\":3,\"name\":\"VIGA Medini\u0173 vaisi\u0173 ir dar\u017eovi\u0173 rinkinys \u2013 10 d\u0117\u017eu\u010di\u0173\"}]},{\"@type\":\"WebSite\",\"@id\":\"https:\\\/\\\/kidsplay.lt\\\/#website\",\"url\":\"https:\\\/\\\/kidsplay.lt\\\/\",\"name\":\"Kidsplay.lt\",\"description\":\"\u012evairios prek\u0117s vaikams\",\"publisher\":{\"@id\":\"https:\\\/\\\/kidsplay.lt\\\/#organization\"},\"alternateName\":\"Kidsplay\",\"potentialAction\":[{\"@type\":\"SearchAction\",\"target\":{\"@type\":\"EntryPoint\",\"urlTemplate\":\"https:\\\/\\\/kidsplay.lt\\\/?s={search_term_string}\"},\"query-input\":{\"@type\":\"PropertyValueSpecification\",\"valueRequired\":true,\"valueName\":\"search_term_string\"}}],\"inLanguage\":\"lv-LV\"},{\"@type\":\"Organization\",\"@id\":\"https:\\\/\\\/kidsplay.lt\\\/#organization\",\"name\":\"KidsPlay\",\"url\":\"https:\\\/\\\/kidsplay.lt\\\/\",\"logo\":{\"@type\":\"ImageObject\",\"inLanguage\":\"lv-LV\",\"@id\":\"https:\\\/\\\/kidsplay.lt\\\/#\\\/schema\\\/logo\\\/image\\\/\",\"url\":\"https:\\\/\\\/kidsplay.lt\\\/wp-content\\\/uploads\\\/2023\\\/07\\\/kidsplay-logo.png\",\"contentUrl\":\"https:\\\/\\\/kidsplay.lt\\\/wp-content\\\/uploads\\\/2023\\\/07\\\/kidsplay-logo.png\",\"width\":451,\"height\":98,\"caption\":\"KidsPlay\"},\"image\":{\"@id\":\"https:\\\/\\\/kidsplay.lt\\\/#\\\/schema\\\/logo\\\/image\\\/\"},\"sameAs\":[\"https:\\\/\\\/www.facebook.com\\\/www.kidsplay.lt\"]}]}<\/script>\n<!-- \/ Yoast SEO plugin. -->","yoast_head_json":{"title":"VIGA Medini\u0173 vaisi\u0173 ir dar\u017eovi\u0173 rinkinys \u2013 10 d\u0117\u017eu\u010di\u0173","description":"VIGA Medini\u0173 vaisi\u0173 ir dar\u017eovi\u0173 rinkinys \u2013 10 d\u0117\u017eu\u010di\u0173 - KidsPlay. Did\u017eiausias vaik\u0173 \u017eaisl\u0173 pasirinkimas.","robots":{"index":"index","follow":"follow","max-snippet":"max-snippet:-1","max-image-preview":"max-image-preview:large","max-video-preview":"max-video-preview:-1"},"canonical":"https:\/\/kidsplay.lt\/lv\/products\/viga-mediniu-vaisiu-ir-darzoviu-rinkinys-10-dezuciu\/","og_locale":"lv_LV","og_type":"article","og_title":"VIGA Medini\u0173 vaisi\u0173 ir dar\u017eovi\u0173 rinkinys \u2013 10 d\u0117\u017eu\u010di\u0173","og_description":"VIGA Medini\u0173 vaisi\u0173 ir dar\u017eovi\u0173 rinkinys \u2013 10 d\u0117\u017eu\u010di\u0173 - KidsPlay. Did\u017eiausias vaik\u0173 \u017eaisl\u0173 pasirinkimas.","og_url":"https:\/\/kidsplay.lt\/lv\/products\/viga-mediniu-vaisiu-ir-darzoviu-rinkinys-10-dezuciu\/","og_site_name":"KidsPlay","article_publisher":"https:\/\/www.facebook.com\/www.kidsplay.lt","article_modified_time":"2026-04-13T10:45:47+00:00","og_image":[{"width":1410,"height":1410,"url":"https:\/\/kidsplay.lt\/wp-content\/uploads\/2026\/04\/VIGA-Mediniu-vaisiu-ir-darzoviu-rinkinys-\u2013-10-dezuciu.jpg","type":"image\/jpeg"}],"twitter_card":"summary_large_image","twitter_misc":{"Est. reading time":"1 min\u016bte"},"schema":{"@context":"https:\/\/schema.org","@graph":[{"@type":"WebPage","@id":"https:\/\/kidsplay.lt\/produktas\/viga-mediniu-vaisiu-ir-darzoviu-rinkinys-10-dezuciu\/","url":"https:\/\/kidsplay.lt\/produktas\/viga-mediniu-vaisiu-ir-darzoviu-rinkinys-10-dezuciu\/","name":"VIGA Medini\u0173 vaisi\u0173 ir dar\u017eovi\u0173 rinkinys \u2013 10 d\u0117\u017eu\u010di\u0173","isPartOf":{"@id":"https:\/\/kidsplay.lt\/#website"},"primaryImageOfPage":{"@id":"https:\/\/kidsplay.lt\/produktas\/viga-mediniu-vaisiu-ir-darzoviu-rinkinys-10-dezuciu\/#primaryimage"},"image":{"@id":"https:\/\/kidsplay.lt\/produktas\/viga-mediniu-vaisiu-ir-darzoviu-rinkinys-10-dezuciu\/#primaryimage"},"thumbnailUrl":"https:\/\/kidsplay.lt\/wp-content\/uploads\/2026\/04\/VIGA-Mediniu-vaisiu-ir-darzoviu-rinkinys-\u2013-10-dezuciu.jpg","datePublished":"2026-04-04T05:05:53+00:00","dateModified":"2026-04-13T10:45:47+00:00","description":"VIGA Medini\u0173 vaisi\u0173 ir dar\u017eovi\u0173 rinkinys \u2013 10 d\u0117\u017eu\u010di\u0173 - KidsPlay. Did\u017eiausias vaik\u0173 \u017eaisl\u0173 pasirinkimas.","breadcrumb":{"@id":"https:\/\/kidsplay.lt\/produktas\/viga-mediniu-vaisiu-ir-darzoviu-rinkinys-10-dezuciu\/#breadcrumb"},"inLanguage":"lv-LV","potentialAction":[{"@type":"ReadAction","target":["https:\/\/kidsplay.lt\/produktas\/viga-mediniu-vaisiu-ir-darzoviu-rinkinys-10-dezuciu\/"]}]},{"@type":"ImageObject","inLanguage":"lv-LV","@id":"https:\/\/kidsplay.lt\/produktas\/viga-mediniu-vaisiu-ir-darzoviu-rinkinys-10-dezuciu\/#primaryimage","url":"https:\/\/kidsplay.lt\/wp-content\/uploads\/2026\/04\/VIGA-Mediniu-vaisiu-ir-darzoviu-rinkinys-\u2013-10-dezuciu.jpg","contentUrl":"https:\/\/kidsplay.lt\/wp-content\/uploads\/2026\/04\/VIGA-Mediniu-vaisiu-ir-darzoviu-rinkinys-\u2013-10-dezuciu.jpg","width":1410,"height":1410,"caption":"VIGA Medini\u0173 vaisi\u0173 ir dar\u017eovi\u0173 rinkinys \u2013 10 d\u0117\u017eu\u010di\u0173"},{"@type":"BreadcrumbList","@id":"https:\/\/kidsplay.lt\/produktas\/viga-mediniu-vaisiu-ir-darzoviu-rinkinys-10-dezuciu\/#breadcrumb","itemListElement":[{"@type":"ListItem","position":1,"name":"Pagrindinis","item":"https:\/\/kidsplay.lt\/"},{"@type":"ListItem","position":2,"name":"Parduotuv\u0117","item":"https:\/\/kidsplay.lt\/parduotuve\/"},{"@type":"ListItem","position":3,"name":"VIGA Medini\u0173 vaisi\u0173 ir dar\u017eovi\u0173 rinkinys \u2013 10 d\u0117\u017eu\u010di\u0173"}]},{"@type":"WebSite","@id":"https:\/\/kidsplay.lt\/#website","url":"https:\/\/kidsplay.lt\/","name":"B\u0113rnu sp\u0113les.lv","description":"\u012evairios prek\u0117s vaikams","publisher":{"@id":"https:\/\/kidsplay.lt\/#organization"},"alternateName":"Kidsplay","potentialAction":[{"@type":"SearchAction","target":{"@type":"EntryPoint","urlTemplate":"https:\/\/kidsplay.lt\/?s={search_term_string}"},"query-input":{"@type":"PropertyValueSpecification","valueRequired":true,"valueName":"search_term_string"}}],"inLanguage":"lv-LV"},{"@type":"Organization","@id":"https:\/\/kidsplay.lt\/#organization","name":"B\u0113rnu sp\u0113le","url":"https:\/\/kidsplay.lt\/","logo":{"@type":"ImageObject","inLanguage":"lv-LV","@id":"https:\/\/kidsplay.lt\/#\/schema\/logo\/image\/","url":"https:\/\/kidsplay.lt\/wp-content\/uploads\/2023\/07\/kidsplay-logo.png","contentUrl":"https:\/\/kidsplay.lt\/wp-content\/uploads\/2023\/07\/kidsplay-logo.png","width":451,"height":98,"caption":"KidsPlay"},"image":{"@id":"https:\/\/kidsplay.lt\/#\/schema\/logo\/image\/"},"sameAs":["https:\/\/www.facebook.com\/www.kidsplay.lt"]}]}},"_links":{"self":[{"href":"https:\/\/kidsplay.lt\/lv\/wp-json\/wp\/v2\/product\/99594","targetHints":{"allow":["GET"]}}],"collection":[{"href":"https:\/\/kidsplay.lt\/lv\/wp-json\/wp\/v2\/product"}],"about":[{"href":"https:\/\/kidsplay.lt\/lv\/wp-json\/wp\/v2\/types\/product"}],"version-history":[{"count":1,"href":"https:\/\/kidsplay.lt\/lv\/wp-json\/wp\/v2\/product\/99594\/revisions"}],"predecessor-version":[{"id":99595,"href":"https:\/\/kidsplay.lt\/lv\/wp-json\/wp\/v2\/product\/99594\/revisions\/99595"}],"wp:featuredmedia":[{"embeddable":true,"href":"https:\/\/kidsplay.lt\/lv\/wp-json\/wp\/v2\/media\/99596"}],"wp:attachment":[{"href":"https:\/\/kidsplay.lt\/lv\/wp-json\/wp\/v2\/media?parent=99594"}],"wp:term":[{"taxonomy":"product_brand","embeddable":true,"href":"https:\/\/kidsplay.lt\/lv\/wp-json\/wp\/v2\/product_brand?post=99594"},{"taxonomy":"product_cat","embeddable":true,"href":"https:\/\/kidsplay.lt\/lv\/wp-json\/wp\/v2\/product_cat?post=99594"},{"taxonomy":"product_tag","embeddable":true,"href":"https:\/\/kidsplay.lt\/lv\/wp-json\/wp\/v2\/product_tag?post=99594"}],"curies":[{"name":"wp","href":"https:\/\/api.w.org\/{rel}","templated":true}]}}