{"id":99620,"date":"2026-04-04T08:06:53","date_gmt":"2026-04-04T05:06:53","guid":{"rendered":"https:\/\/kidsplay.lt\/produktas\/woopie-baby-edukacinis-sensorinis-zaislas-lady-tag-serveteliu-dezute\/"},"modified":"2026-04-07T09:27:20","modified_gmt":"2026-04-07T06:27:20","slug":"woopie-baby-edukacinis-sensorinis-zaislas-lady-tag-serveteliu-dezute","status":"publish","type":"product","link":"https:\/\/kidsplay.lt\/lv\/products\/woopie-baby-edukacinis-sensorinis-zaislas-lady-tag-serveteliu-dezute\/","title":{"rendered":"WOOPIE BABY edukacinis sensorinis \u017eaislas \u201eLady Tag\u201c servet\u0117li\u0173 d\u0117\u017eut\u0117"},"content":{"rendered":"<p>Edukacinis \u017eaislas \u201eservet\u0117li\u0173 d\u0117\u017eut\u0117\u201c i\u0161 WOOPIE \u2013 tai mink\u0161ta pliu\u0161in\u0117 d\u0117\u017eut\u0117, kurioje pasl\u0117ptos edukacin\u0117s ir sensorin\u0117s med\u017eiagin\u0117s servet\u0117l\u0117s. Smalsum\u0105 \u017eadina paslaptis, kas slypi kiekvienoje spalvotoje servet\u0117l\u0117je \u2013 ant j\u0173 pavaizduoti gyv\u016bnai ir kiti aplinkos elementai. Be edukacini\u0173 servet\u0117li\u0173, rinkinyje taip pat yra spalvoti sensoriniai tinkleliai, kurie stimuliuoja vaiko lyt\u0117jimo poj\u016bt\u012f. Pliu\u0161in\u0117 d\u0117\u017eut\u0117 traukia ak\u012f savo spalvomis, o papildomai pridedamas geltonas \u017evaig\u017ed\u0117s formos kramtukas ir \u017ealias apvalus bar\u0161kutis. Ant mink\u0161tos d\u0117\u017eut\u0117s taip pat yra veidrod\u0117lis. Visas rinkinys pagamintas i\u0161 mink\u0161t\u0173, vaikams saugi\u0173 med\u017eiag\u0173 ir lengvai skalbiamas.<br \/>\nRaksturojums:<\/p>\n<p>\u017eaislas nuo 18 m\u0117nesi\u0173<\/p>\n<p>mink\u0161ta pliu\u0161in\u0117 d\u0117\u017eut\u0117 su kramtuku, bar\u0161ku\u010diu ir veidrod\u0117liu<\/p>\n<p>2 dvipus\u0117s med\u017eiagin\u0117s servet\u0117l\u0117s su edukaciniais motyvais<\/p>\n<p>6 spalvoti sensoriniai tinkleliai<\/p>\n<p>i\u0161imamos servet\u0117l\u0117s padeda vaikui pa\u017einti aplinkos elementus<\/p>\n<p>puikiai tinka ankstyvajam mokymuisi<\/p>\n<p>rinkin\u012f galima skalbti<\/p>","protected":false},"excerpt":{"rendered":"<p>Edukacinis \u017eaislas \u201eservet\u0117li\u0173 d\u0117\u017eut\u0117\u201c i\u0161 WOOPIE \u2013 tai mink\u0161ta pliu\u0161in\u0117 d\u0117\u017eut\u0117, kurioje pasl\u0117ptos edukacin\u0117s ir sensorin\u0117s med\u017eiagin\u0117s servet\u0117l\u0117s. Smalsum\u0105 \u017eadina<\/p>","protected":false},"featured_media":99622,"template":"","meta":{"_acf_changed":false,"_glsr_average":0,"_glsr_ranking":0,"_glsr_reviews":0},"product_brand":[],"product_cat":[396,229],"product_tag":[],"class_list":{"0":"post-99620","1":"product","2":"type-product","3":"status-publish","4":"has-post-thumbnail","6":"product_cat-kudikiu-zaislai-vaikams2","7":"product_cat-zaislai-vaikams","8":"\"style=\"background-color: #2ecc711c;\"","10":"first","11":"instock","12":"purchasable","13":"product-type-simple"},"acf":[],"yoast_head":"<!-- This site is optimized with the Yoast SEO plugin v27.3 - https:\/\/yoast.com\/product\/yoast-seo-wordpress\/ -->\n<title>WOOPIE BABY edukacinis sensorinis \u017eaislas \u201eLady Tag\u201c servet\u0117li\u0173 d\u0117\u017eut\u0117<\/title>\n<meta name=\"description\" content=\"WOOPIE BABY edukacinis sensorinis \u017eaislas \u201eLady Tag\u201c servet\u0117li\u0173 d\u0117\u017eut\u0117 - KidsPlay. Did\u017eiausias vaik\u0173 \u017eaisl\u0173 pasirinkimas.\" \/>\n<meta name=\"robots\" content=\"index, follow, max-snippet:-1, max-image-preview:large, max-video-preview:-1\" \/>\n<link rel=\"canonical\" href=\"https:\/\/kidsplay.lt\/lv\/products\/woopie-baby-edukacinis-sensorinis-zaislas-lady-tag-serveteliu-dezute\/\" \/>\n<meta property=\"og:locale\" content=\"lv_LV\" \/>\n<meta property=\"og:type\" content=\"article\" \/>\n<meta property=\"og:title\" content=\"WOOPIE BABY edukacinis sensorinis \u017eaislas \u201eLady Tag\u201c servet\u0117li\u0173 d\u0117\u017eut\u0117\" \/>\n<meta property=\"og:description\" content=\"WOOPIE BABY edukacinis sensorinis \u017eaislas \u201eLady Tag\u201c servet\u0117li\u0173 d\u0117\u017eut\u0117 - KidsPlay. Did\u017eiausias vaik\u0173 \u017eaisl\u0173 pasirinkimas.\" \/>\n<meta property=\"og:url\" content=\"https:\/\/kidsplay.lt\/lv\/products\/woopie-baby-edukacinis-sensorinis-zaislas-lady-tag-serveteliu-dezute\/\" \/>\n<meta property=\"og:site_name\" content=\"KidsPlay\" \/>\n<meta property=\"article:publisher\" content=\"https:\/\/www.facebook.com\/www.kidsplay.lt\" \/>\n<meta property=\"article:modified_time\" content=\"2026-04-07T06:27:20+00:00\" \/>\n<meta property=\"og:image\" content=\"https:\/\/kidsplay.lt\/wp-content\/uploads\/2026\/04\/WOOPIE-BABY-edukacinis-sensorinis-zaislas-\u201eLady-Tag-serveteliu-dezute.png\" \/>\n\t<meta property=\"og:image:width\" content=\"1100\" \/>\n\t<meta property=\"og:image:height\" content=\"1422\" \/>\n\t<meta property=\"og:image:type\" content=\"image\/png\" \/>\n<meta name=\"twitter:card\" content=\"summary_large_image\" \/>\n<meta name=\"twitter:label1\" content=\"Est. reading time\" \/>\n\t<meta name=\"twitter:data1\" content=\"1 min\u016bte\" \/>\n<script type=\"application\/ld+json\" class=\"yoast-schema-graph\">{\"@context\":\"https:\\\/\\\/schema.org\",\"@graph\":[{\"@type\":\"WebPage\",\"@id\":\"https:\\\/\\\/kidsplay.lt\\\/produktas\\\/woopie-baby-edukacinis-sensorinis-zaislas-lady-tag-serveteliu-dezute\\\/\",\"url\":\"https:\\\/\\\/kidsplay.lt\\\/produktas\\\/woopie-baby-edukacinis-sensorinis-zaislas-lady-tag-serveteliu-dezute\\\/\",\"name\":\"WOOPIE BABY edukacinis sensorinis \u017eaislas \u201eLady Tag\u201c servet\u0117li\u0173 d\u0117\u017eut\u0117\",\"isPartOf\":{\"@id\":\"https:\\\/\\\/kidsplay.lt\\\/#website\"},\"primaryImageOfPage\":{\"@id\":\"https:\\\/\\\/kidsplay.lt\\\/produktas\\\/woopie-baby-edukacinis-sensorinis-zaislas-lady-tag-serveteliu-dezute\\\/#primaryimage\"},\"image\":{\"@id\":\"https:\\\/\\\/kidsplay.lt\\\/produktas\\\/woopie-baby-edukacinis-sensorinis-zaislas-lady-tag-serveteliu-dezute\\\/#primaryimage\"},\"thumbnailUrl\":\"https:\\\/\\\/kidsplay.lt\\\/wp-content\\\/uploads\\\/2026\\\/04\\\/WOOPIE-BABY-edukacinis-sensorinis-zaislas-\u201eLady-Tag-serveteliu-dezute.png\",\"datePublished\":\"2026-04-04T05:06:53+00:00\",\"dateModified\":\"2026-04-07T06:27:20+00:00\",\"description\":\"WOOPIE BABY edukacinis sensorinis \u017eaislas \u201eLady Tag\u201c servet\u0117li\u0173 d\u0117\u017eut\u0117 - KidsPlay. Did\u017eiausias vaik\u0173 \u017eaisl\u0173 pasirinkimas.\",\"breadcrumb\":{\"@id\":\"https:\\\/\\\/kidsplay.lt\\\/produktas\\\/woopie-baby-edukacinis-sensorinis-zaislas-lady-tag-serveteliu-dezute\\\/#breadcrumb\"},\"inLanguage\":\"lv-LV\",\"potentialAction\":[{\"@type\":\"ReadAction\",\"target\":[\"https:\\\/\\\/kidsplay.lt\\\/produktas\\\/woopie-baby-edukacinis-sensorinis-zaislas-lady-tag-serveteliu-dezute\\\/\"]}]},{\"@type\":\"ImageObject\",\"inLanguage\":\"lv-LV\",\"@id\":\"https:\\\/\\\/kidsplay.lt\\\/produktas\\\/woopie-baby-edukacinis-sensorinis-zaislas-lady-tag-serveteliu-dezute\\\/#primaryimage\",\"url\":\"https:\\\/\\\/kidsplay.lt\\\/wp-content\\\/uploads\\\/2026\\\/04\\\/WOOPIE-BABY-edukacinis-sensorinis-zaislas-\u201eLady-Tag-serveteliu-dezute.png\",\"contentUrl\":\"https:\\\/\\\/kidsplay.lt\\\/wp-content\\\/uploads\\\/2026\\\/04\\\/WOOPIE-BABY-edukacinis-sensorinis-zaislas-\u201eLady-Tag-serveteliu-dezute.png\",\"width\":1100,\"height\":1422,\"caption\":\"WOOPIE BABY edukacinis sensorinis \u017eaislas \u201eLady Tag\u201c servet\u0117li\u0173 d\u0117\u017eut\u0117\"},{\"@type\":\"BreadcrumbList\",\"@id\":\"https:\\\/\\\/kidsplay.lt\\\/produktas\\\/woopie-baby-edukacinis-sensorinis-zaislas-lady-tag-serveteliu-dezute\\\/#breadcrumb\",\"itemListElement\":[{\"@type\":\"ListItem\",\"position\":1,\"name\":\"Pagrindinis\",\"item\":\"https:\\\/\\\/kidsplay.lt\\\/\"},{\"@type\":\"ListItem\",\"position\":2,\"name\":\"Parduotuv\u0117\",\"item\":\"https:\\\/\\\/kidsplay.lt\\\/parduotuve\\\/\"},{\"@type\":\"ListItem\",\"position\":3,\"name\":\"WOOPIE BABY edukacinis sensorinis \u017eaislas \u201eLady Tag\u201c servet\u0117li\u0173 d\u0117\u017eut\u0117\"}]},{\"@type\":\"WebSite\",\"@id\":\"https:\\\/\\\/kidsplay.lt\\\/#website\",\"url\":\"https:\\\/\\\/kidsplay.lt\\\/\",\"name\":\"Kidsplay.lt\",\"description\":\"\u012evairios prek\u0117s vaikams\",\"publisher\":{\"@id\":\"https:\\\/\\\/kidsplay.lt\\\/#organization\"},\"alternateName\":\"Kidsplay\",\"potentialAction\":[{\"@type\":\"SearchAction\",\"target\":{\"@type\":\"EntryPoint\",\"urlTemplate\":\"https:\\\/\\\/kidsplay.lt\\\/?s={search_term_string}\"},\"query-input\":{\"@type\":\"PropertyValueSpecification\",\"valueRequired\":true,\"valueName\":\"search_term_string\"}}],\"inLanguage\":\"lv-LV\"},{\"@type\":\"Organization\",\"@id\":\"https:\\\/\\\/kidsplay.lt\\\/#organization\",\"name\":\"KidsPlay\",\"url\":\"https:\\\/\\\/kidsplay.lt\\\/\",\"logo\":{\"@type\":\"ImageObject\",\"inLanguage\":\"lv-LV\",\"@id\":\"https:\\\/\\\/kidsplay.lt\\\/#\\\/schema\\\/logo\\\/image\\\/\",\"url\":\"https:\\\/\\\/kidsplay.lt\\\/wp-content\\\/uploads\\\/2023\\\/07\\\/kidsplay-logo.png\",\"contentUrl\":\"https:\\\/\\\/kidsplay.lt\\\/wp-content\\\/uploads\\\/2023\\\/07\\\/kidsplay-logo.png\",\"width\":451,\"height\":98,\"caption\":\"KidsPlay\"},\"image\":{\"@id\":\"https:\\\/\\\/kidsplay.lt\\\/#\\\/schema\\\/logo\\\/image\\\/\"},\"sameAs\":[\"https:\\\/\\\/www.facebook.com\\\/www.kidsplay.lt\"]}]}<\/script>\n<!-- \/ Yoast SEO plugin. -->","yoast_head_json":{"title":"WOOPIE BABY edukacinis sensorinis \u017eaislas \u201eLady Tag\u201c servet\u0117li\u0173 d\u0117\u017eut\u0117","description":"WOOPIE BABY edukacinis sensorinis \u017eaislas \u201eLady Tag\u201c servet\u0117li\u0173 d\u0117\u017eut\u0117 - KidsPlay. Did\u017eiausias vaik\u0173 \u017eaisl\u0173 pasirinkimas.","robots":{"index":"index","follow":"follow","max-snippet":"max-snippet:-1","max-image-preview":"max-image-preview:large","max-video-preview":"max-video-preview:-1"},"canonical":"https:\/\/kidsplay.lt\/lv\/products\/woopie-baby-edukacinis-sensorinis-zaislas-lady-tag-serveteliu-dezute\/","og_locale":"lv_LV","og_type":"article","og_title":"WOOPIE BABY edukacinis sensorinis \u017eaislas \u201eLady Tag\u201c servet\u0117li\u0173 d\u0117\u017eut\u0117","og_description":"WOOPIE BABY edukacinis sensorinis \u017eaislas \u201eLady Tag\u201c servet\u0117li\u0173 d\u0117\u017eut\u0117 - KidsPlay. Did\u017eiausias vaik\u0173 \u017eaisl\u0173 pasirinkimas.","og_url":"https:\/\/kidsplay.lt\/lv\/products\/woopie-baby-edukacinis-sensorinis-zaislas-lady-tag-serveteliu-dezute\/","og_site_name":"KidsPlay","article_publisher":"https:\/\/www.facebook.com\/www.kidsplay.lt","article_modified_time":"2026-04-07T06:27:20+00:00","og_image":[{"width":1100,"height":1422,"url":"https:\/\/kidsplay.lt\/wp-content\/uploads\/2026\/04\/WOOPIE-BABY-edukacinis-sensorinis-zaislas-\u201eLady-Tag-serveteliu-dezute.png","type":"image\/png"}],"twitter_card":"summary_large_image","twitter_misc":{"Est. reading time":"1 min\u016bte"},"schema":{"@context":"https:\/\/schema.org","@graph":[{"@type":"WebPage","@id":"https:\/\/kidsplay.lt\/produktas\/woopie-baby-edukacinis-sensorinis-zaislas-lady-tag-serveteliu-dezute\/","url":"https:\/\/kidsplay.lt\/produktas\/woopie-baby-edukacinis-sensorinis-zaislas-lady-tag-serveteliu-dezute\/","name":"WOOPIE BABY edukacinis sensorinis \u017eaislas \u201eLady Tag\u201c servet\u0117li\u0173 d\u0117\u017eut\u0117","isPartOf":{"@id":"https:\/\/kidsplay.lt\/#website"},"primaryImageOfPage":{"@id":"https:\/\/kidsplay.lt\/produktas\/woopie-baby-edukacinis-sensorinis-zaislas-lady-tag-serveteliu-dezute\/#primaryimage"},"image":{"@id":"https:\/\/kidsplay.lt\/produktas\/woopie-baby-edukacinis-sensorinis-zaislas-lady-tag-serveteliu-dezute\/#primaryimage"},"thumbnailUrl":"https:\/\/kidsplay.lt\/wp-content\/uploads\/2026\/04\/WOOPIE-BABY-edukacinis-sensorinis-zaislas-\u201eLady-Tag-serveteliu-dezute.png","datePublished":"2026-04-04T05:06:53+00:00","dateModified":"2026-04-07T06:27:20+00:00","description":"WOOPIE BABY edukacinis sensorinis \u017eaislas \u201eLady Tag\u201c servet\u0117li\u0173 d\u0117\u017eut\u0117 - KidsPlay. Did\u017eiausias vaik\u0173 \u017eaisl\u0173 pasirinkimas.","breadcrumb":{"@id":"https:\/\/kidsplay.lt\/produktas\/woopie-baby-edukacinis-sensorinis-zaislas-lady-tag-serveteliu-dezute\/#breadcrumb"},"inLanguage":"lv-LV","potentialAction":[{"@type":"ReadAction","target":["https:\/\/kidsplay.lt\/produktas\/woopie-baby-edukacinis-sensorinis-zaislas-lady-tag-serveteliu-dezute\/"]}]},{"@type":"ImageObject","inLanguage":"lv-LV","@id":"https:\/\/kidsplay.lt\/produktas\/woopie-baby-edukacinis-sensorinis-zaislas-lady-tag-serveteliu-dezute\/#primaryimage","url":"https:\/\/kidsplay.lt\/wp-content\/uploads\/2026\/04\/WOOPIE-BABY-edukacinis-sensorinis-zaislas-\u201eLady-Tag-serveteliu-dezute.png","contentUrl":"https:\/\/kidsplay.lt\/wp-content\/uploads\/2026\/04\/WOOPIE-BABY-edukacinis-sensorinis-zaislas-\u201eLady-Tag-serveteliu-dezute.png","width":1100,"height":1422,"caption":"WOOPIE BABY edukacinis sensorinis \u017eaislas \u201eLady Tag\u201c servet\u0117li\u0173 d\u0117\u017eut\u0117"},{"@type":"BreadcrumbList","@id":"https:\/\/kidsplay.lt\/produktas\/woopie-baby-edukacinis-sensorinis-zaislas-lady-tag-serveteliu-dezute\/#breadcrumb","itemListElement":[{"@type":"ListItem","position":1,"name":"Pagrindinis","item":"https:\/\/kidsplay.lt\/"},{"@type":"ListItem","position":2,"name":"Parduotuv\u0117","item":"https:\/\/kidsplay.lt\/parduotuve\/"},{"@type":"ListItem","position":3,"name":"WOOPIE BABY edukacinis sensorinis \u017eaislas \u201eLady Tag\u201c servet\u0117li\u0173 d\u0117\u017eut\u0117"}]},{"@type":"WebSite","@id":"https:\/\/kidsplay.lt\/#website","url":"https:\/\/kidsplay.lt\/","name":"B\u0113rnu sp\u0113les.lv","description":"\u012evairios prek\u0117s vaikams","publisher":{"@id":"https:\/\/kidsplay.lt\/#organization"},"alternateName":"Kidsplay","potentialAction":[{"@type":"SearchAction","target":{"@type":"EntryPoint","urlTemplate":"https:\/\/kidsplay.lt\/?s={search_term_string}"},"query-input":{"@type":"PropertyValueSpecification","valueRequired":true,"valueName":"search_term_string"}}],"inLanguage":"lv-LV"},{"@type":"Organization","@id":"https:\/\/kidsplay.lt\/#organization","name":"B\u0113rnu sp\u0113le","url":"https:\/\/kidsplay.lt\/","logo":{"@type":"ImageObject","inLanguage":"lv-LV","@id":"https:\/\/kidsplay.lt\/#\/schema\/logo\/image\/","url":"https:\/\/kidsplay.lt\/wp-content\/uploads\/2023\/07\/kidsplay-logo.png","contentUrl":"https:\/\/kidsplay.lt\/wp-content\/uploads\/2023\/07\/kidsplay-logo.png","width":451,"height":98,"caption":"KidsPlay"},"image":{"@id":"https:\/\/kidsplay.lt\/#\/schema\/logo\/image\/"},"sameAs":["https:\/\/www.facebook.com\/www.kidsplay.lt"]}]}},"_links":{"self":[{"href":"https:\/\/kidsplay.lt\/lv\/wp-json\/wp\/v2\/product\/99620","targetHints":{"allow":["GET"]}}],"collection":[{"href":"https:\/\/kidsplay.lt\/lv\/wp-json\/wp\/v2\/product"}],"about":[{"href":"https:\/\/kidsplay.lt\/lv\/wp-json\/wp\/v2\/types\/product"}],"version-history":[{"count":1,"href":"https:\/\/kidsplay.lt\/lv\/wp-json\/wp\/v2\/product\/99620\/revisions"}],"predecessor-version":[{"id":99621,"href":"https:\/\/kidsplay.lt\/lv\/wp-json\/wp\/v2\/product\/99620\/revisions\/99621"}],"wp:featuredmedia":[{"embeddable":true,"href":"https:\/\/kidsplay.lt\/lv\/wp-json\/wp\/v2\/media\/99622"}],"wp:attachment":[{"href":"https:\/\/kidsplay.lt\/lv\/wp-json\/wp\/v2\/media?parent=99620"}],"wp:term":[{"taxonomy":"product_brand","embeddable":true,"href":"https:\/\/kidsplay.lt\/lv\/wp-json\/wp\/v2\/product_brand?post=99620"},{"taxonomy":"product_cat","embeddable":true,"href":"https:\/\/kidsplay.lt\/lv\/wp-json\/wp\/v2\/product_cat?post=99620"},{"taxonomy":"product_tag","embeddable":true,"href":"https:\/\/kidsplay.lt\/lv\/wp-json\/wp\/v2\/product_tag?post=99620"}],"curies":[{"name":"wp","href":"https:\/\/api.w.org\/{rel}","templated":true}]}}