{"id":99725,"date":"2026-04-04T10:16:59","date_gmt":"2026-04-04T07:16:59","guid":{"rendered":"https:\/\/kidsplay.lt\/produktas\/deliones-4in1-bluey-ir-jos-pasaulis\/"},"modified":"2026-04-21T12:37:44","modified_gmt":"2026-04-21T09:37:44","slug":"deliones-4in1-bluey-ir-jos-pasaulis","status":"publish","type":"product","link":"https:\/\/kidsplay.lt\/lv\/products\/deliones-4in1-bluey-ir-jos-pasaulis\/","title":{"rendered":"Puzles 4in1 &quot;Zil\u0101 un vi\u0146as pasaule&quot;\u201e"},"content":{"rendered":"<p>\ud83e\udde9\ud83d\udc99 D\u0117lion\u0117s 4in1 \u201eBluey ir jos pasaulis\u201c \u2013 Trefl 34637<br \/>\n\u201eBluey ir jos pasaulis\u201c \u2013 tai nuotaikingas 4in1 d\u0117lioni\u0173 rinkinys, sukurtas ma\u017eiesiems animacin\u0117s pasakos gerb\u0117jams. Vienoje d\u0117\u017eut\u0117je rasite keturias atskiras d\u0117liones su skirtingu detali\u0173 skai\u010diumi: 12, 15, 20 ir 24. Tai leid\u017eia \u017eaisti tiek jaunesniems, tiek jau labiau \u012fgudusiems vaikams, palaipsniui didinant sud\u0117tingum\u0105.<\/p>\n<p>Kiekviena d\u0117lion\u0117 atskleid\u017eia spalvingas ir linksm\u0173 nuotyki\u0173 kupinas Bluey pasaulio scenas. Tai puikus b\u016bdas lavinti koncentracij\u0105, login\u012f m\u0105stym\u0105, rank\u0173\u2013aki\u0173 koordinacij\u0105 ir kantryb\u0119, o kartu m\u0117gautis m\u0117gstamais persona\u017eais.<\/p>\n<p>D\u0117lion\u0117s pagamintos Lenkijoje, naudojant aplinkai draugi\u0161kas med\u017eiagas. Rinkinys skirtas vaikams nuo 3 met\u0173 ir yra saugus, patvarus bei malonus liesti.<\/p>","protected":false},"excerpt":{"rendered":"<p>\ud83e\udde9\ud83d\udc99 D\u0117lion\u0117s 4in1 \u201eBluey ir jos pasaulis\u201c \u2013 Trefl 34637 \u201eBluey ir jos pasaulis\u201c \u2013 tai nuotaikingas 4in1 d\u0117lioni\u0173 rinkinys,<\/p>","protected":false},"featured_media":99727,"template":"","meta":{"_acf_changed":false,"_glsr_average":0,"_glsr_ranking":0,"_glsr_reviews":0},"product_brand":[],"product_cat":[868,229],"product_tag":[],"class_list":{"0":"post-99725","1":"product","2":"type-product","3":"status-publish","4":"has-post-thumbnail","6":"product_cat-deliones","7":"product_cat-zaislai-vaikams","8":"\"style=\"background-color: #2ecc711c;\"","10":"first","11":"instock","12":"purchasable","13":"product-type-simple"},"acf":[],"yoast_head":"<!-- This site is optimized with the Yoast SEO plugin v27.4 - https:\/\/yoast.com\/product\/yoast-seo-wordpress\/ -->\n<title>D\u0117lion\u0117s 4in1 \u201eBluey ir jos pasaulis\u201c<\/title>\n<meta name=\"description\" content=\"D\u0117lion\u0117s 4in1 \u201eBluey ir jos pasaulis\u201c - KidsPlay. Did\u017eiausias vaik\u0173 \u017eaisl\u0173 pasirinkimas.\" \/>\n<meta name=\"robots\" content=\"index, follow, max-snippet:-1, max-image-preview:large, max-video-preview:-1\" \/>\n<link rel=\"canonical\" href=\"https:\/\/kidsplay.lt\/lv\/products\/deliones-4in1-bluey-ir-jos-pasaulis\/\" \/>\n<meta property=\"og:locale\" content=\"lv_LV\" \/>\n<meta property=\"og:type\" content=\"article\" \/>\n<meta property=\"og:title\" content=\"D\u0117lion\u0117s 4in1 \u201eBluey ir jos pasaulis\u201c\" \/>\n<meta property=\"og:description\" content=\"D\u0117lion\u0117s 4in1 \u201eBluey ir jos pasaulis\u201c - KidsPlay. Did\u017eiausias vaik\u0173 \u017eaisl\u0173 pasirinkimas.\" \/>\n<meta property=\"og:url\" content=\"https:\/\/kidsplay.lt\/lv\/products\/deliones-4in1-bluey-ir-jos-pasaulis\/\" \/>\n<meta property=\"og:site_name\" content=\"KidsPlay\" \/>\n<meta property=\"article:publisher\" content=\"https:\/\/www.facebook.com\/www.kidsplay.lt\" \/>\n<meta property=\"article:modified_time\" content=\"2026-04-21T09:37:44+00:00\" \/>\n<meta property=\"og:image\" content=\"https:\/\/kidsplay.lt\/wp-content\/uploads\/2026\/04\/Deliones-4in1-\u201eBluey-ir-jos-pasaulis.png\" \/>\n\t<meta property=\"og:image:width\" content=\"1000\" \/>\n\t<meta property=\"og:image:height\" content=\"707\" \/>\n\t<meta property=\"og:image:type\" content=\"image\/png\" \/>\n<meta name=\"twitter:card\" content=\"summary_large_image\" \/>\n<meta name=\"twitter:label1\" content=\"Est. reading time\" \/>\n\t<meta name=\"twitter:data1\" content=\"1 min\u016bte\" \/>\n<script type=\"application\/ld+json\" class=\"yoast-schema-graph\">{\"@context\":\"https:\\\/\\\/schema.org\",\"@graph\":[{\"@type\":\"WebPage\",\"@id\":\"https:\\\/\\\/kidsplay.lt\\\/produktas\\\/deliones-4in1-bluey-ir-jos-pasaulis\\\/\",\"url\":\"https:\\\/\\\/kidsplay.lt\\\/produktas\\\/deliones-4in1-bluey-ir-jos-pasaulis\\\/\",\"name\":\"D\u0117lion\u0117s 4in1 \u201eBluey ir jos pasaulis\u201c\",\"isPartOf\":{\"@id\":\"https:\\\/\\\/kidsplay.lt\\\/#website\"},\"primaryImageOfPage\":{\"@id\":\"https:\\\/\\\/kidsplay.lt\\\/produktas\\\/deliones-4in1-bluey-ir-jos-pasaulis\\\/#primaryimage\"},\"image\":{\"@id\":\"https:\\\/\\\/kidsplay.lt\\\/produktas\\\/deliones-4in1-bluey-ir-jos-pasaulis\\\/#primaryimage\"},\"thumbnailUrl\":\"https:\\\/\\\/kidsplay.lt\\\/wp-content\\\/uploads\\\/2026\\\/04\\\/Deliones-4in1-\u201eBluey-ir-jos-pasaulis.png\",\"datePublished\":\"2026-04-04T07:16:59+00:00\",\"dateModified\":\"2026-04-21T09:37:44+00:00\",\"description\":\"D\u0117lion\u0117s 4in1 \u201eBluey ir jos pasaulis\u201c - KidsPlay. Did\u017eiausias vaik\u0173 \u017eaisl\u0173 pasirinkimas.\",\"breadcrumb\":{\"@id\":\"https:\\\/\\\/kidsplay.lt\\\/produktas\\\/deliones-4in1-bluey-ir-jos-pasaulis\\\/#breadcrumb\"},\"inLanguage\":\"lv-LV\",\"potentialAction\":[{\"@type\":\"ReadAction\",\"target\":[\"https:\\\/\\\/kidsplay.lt\\\/produktas\\\/deliones-4in1-bluey-ir-jos-pasaulis\\\/\"]}]},{\"@type\":\"ImageObject\",\"inLanguage\":\"lv-LV\",\"@id\":\"https:\\\/\\\/kidsplay.lt\\\/produktas\\\/deliones-4in1-bluey-ir-jos-pasaulis\\\/#primaryimage\",\"url\":\"https:\\\/\\\/kidsplay.lt\\\/wp-content\\\/uploads\\\/2026\\\/04\\\/Deliones-4in1-\u201eBluey-ir-jos-pasaulis.png\",\"contentUrl\":\"https:\\\/\\\/kidsplay.lt\\\/wp-content\\\/uploads\\\/2026\\\/04\\\/Deliones-4in1-\u201eBluey-ir-jos-pasaulis.png\",\"width\":1000,\"height\":707,\"caption\":\"D\u0117lion\u0117s 4in1 \u201eBluey ir jos pasaulis\u201c\"},{\"@type\":\"BreadcrumbList\",\"@id\":\"https:\\\/\\\/kidsplay.lt\\\/produktas\\\/deliones-4in1-bluey-ir-jos-pasaulis\\\/#breadcrumb\",\"itemListElement\":[{\"@type\":\"ListItem\",\"position\":1,\"name\":\"Pagrindinis\",\"item\":\"https:\\\/\\\/kidsplay.lt\\\/\"},{\"@type\":\"ListItem\",\"position\":2,\"name\":\"Parduotuv\u0117\",\"item\":\"https:\\\/\\\/kidsplay.lt\\\/parduotuve\\\/\"},{\"@type\":\"ListItem\",\"position\":3,\"name\":\"D\u0117lion\u0117s 4in1 \u201eBluey ir jos pasaulis\u201c\"}]},{\"@type\":\"WebSite\",\"@id\":\"https:\\\/\\\/kidsplay.lt\\\/#website\",\"url\":\"https:\\\/\\\/kidsplay.lt\\\/\",\"name\":\"Kidsplay.lt\",\"description\":\"\u012evairios prek\u0117s vaikams\",\"publisher\":{\"@id\":\"https:\\\/\\\/kidsplay.lt\\\/#organization\"},\"alternateName\":\"Kidsplay\",\"potentialAction\":[{\"@type\":\"SearchAction\",\"target\":{\"@type\":\"EntryPoint\",\"urlTemplate\":\"https:\\\/\\\/kidsplay.lt\\\/?s={search_term_string}\"},\"query-input\":{\"@type\":\"PropertyValueSpecification\",\"valueRequired\":true,\"valueName\":\"search_term_string\"}}],\"inLanguage\":\"lv-LV\"},{\"@type\":\"Organization\",\"@id\":\"https:\\\/\\\/kidsplay.lt\\\/#organization\",\"name\":\"KidsPlay\",\"url\":\"https:\\\/\\\/kidsplay.lt\\\/\",\"logo\":{\"@type\":\"ImageObject\",\"inLanguage\":\"lv-LV\",\"@id\":\"https:\\\/\\\/kidsplay.lt\\\/#\\\/schema\\\/logo\\\/image\\\/\",\"url\":\"https:\\\/\\\/kidsplay.lt\\\/wp-content\\\/uploads\\\/2023\\\/07\\\/kidsplay-logo.png\",\"contentUrl\":\"https:\\\/\\\/kidsplay.lt\\\/wp-content\\\/uploads\\\/2023\\\/07\\\/kidsplay-logo.png\",\"width\":451,\"height\":98,\"caption\":\"KidsPlay\"},\"image\":{\"@id\":\"https:\\\/\\\/kidsplay.lt\\\/#\\\/schema\\\/logo\\\/image\\\/\"},\"sameAs\":[\"https:\\\/\\\/www.facebook.com\\\/www.kidsplay.lt\"]}]}<\/script>\n<!-- \/ Yoast SEO plugin. -->","yoast_head_json":{"title":"Puzles 4in1 &quot;Zil\u0101 un vi\u0146as pasaule&quot;\u201e","description":"D\u0117lion\u0117s 4in1 \u201eBluey ir jos pasaulis\u201c - KidsPlay. Did\u017eiausias vaik\u0173 \u017eaisl\u0173 pasirinkimas.","robots":{"index":"index","follow":"follow","max-snippet":"max-snippet:-1","max-image-preview":"max-image-preview:large","max-video-preview":"max-video-preview:-1"},"canonical":"https:\/\/kidsplay.lt\/lv\/products\/deliones-4in1-bluey-ir-jos-pasaulis\/","og_locale":"lv_LV","og_type":"article","og_title":"D\u0117lion\u0117s 4in1 \u201eBluey ir jos pasaulis\u201c","og_description":"D\u0117lion\u0117s 4in1 \u201eBluey ir jos pasaulis\u201c - KidsPlay. Did\u017eiausias vaik\u0173 \u017eaisl\u0173 pasirinkimas.","og_url":"https:\/\/kidsplay.lt\/lv\/products\/deliones-4in1-bluey-ir-jos-pasaulis\/","og_site_name":"KidsPlay","article_publisher":"https:\/\/www.facebook.com\/www.kidsplay.lt","article_modified_time":"2026-04-21T09:37:44+00:00","og_image":[{"width":1000,"height":707,"url":"https:\/\/kidsplay.lt\/wp-content\/uploads\/2026\/04\/Deliones-4in1-\u201eBluey-ir-jos-pasaulis.png","type":"image\/png"}],"twitter_card":"summary_large_image","twitter_misc":{"Est. reading time":"1 min\u016bte"},"schema":{"@context":"https:\/\/schema.org","@graph":[{"@type":"WebPage","@id":"https:\/\/kidsplay.lt\/produktas\/deliones-4in1-bluey-ir-jos-pasaulis\/","url":"https:\/\/kidsplay.lt\/produktas\/deliones-4in1-bluey-ir-jos-pasaulis\/","name":"Puzles 4in1 &quot;Zil\u0101 un vi\u0146as pasaule&quot;\u201e","isPartOf":{"@id":"https:\/\/kidsplay.lt\/#website"},"primaryImageOfPage":{"@id":"https:\/\/kidsplay.lt\/produktas\/deliones-4in1-bluey-ir-jos-pasaulis\/#primaryimage"},"image":{"@id":"https:\/\/kidsplay.lt\/produktas\/deliones-4in1-bluey-ir-jos-pasaulis\/#primaryimage"},"thumbnailUrl":"https:\/\/kidsplay.lt\/wp-content\/uploads\/2026\/04\/Deliones-4in1-\u201eBluey-ir-jos-pasaulis.png","datePublished":"2026-04-04T07:16:59+00:00","dateModified":"2026-04-21T09:37:44+00:00","description":"D\u0117lion\u0117s 4in1 \u201eBluey ir jos pasaulis\u201c - KidsPlay. Did\u017eiausias vaik\u0173 \u017eaisl\u0173 pasirinkimas.","breadcrumb":{"@id":"https:\/\/kidsplay.lt\/produktas\/deliones-4in1-bluey-ir-jos-pasaulis\/#breadcrumb"},"inLanguage":"lv-LV","potentialAction":[{"@type":"ReadAction","target":["https:\/\/kidsplay.lt\/produktas\/deliones-4in1-bluey-ir-jos-pasaulis\/"]}]},{"@type":"ImageObject","inLanguage":"lv-LV","@id":"https:\/\/kidsplay.lt\/produktas\/deliones-4in1-bluey-ir-jos-pasaulis\/#primaryimage","url":"https:\/\/kidsplay.lt\/wp-content\/uploads\/2026\/04\/Deliones-4in1-\u201eBluey-ir-jos-pasaulis.png","contentUrl":"https:\/\/kidsplay.lt\/wp-content\/uploads\/2026\/04\/Deliones-4in1-\u201eBluey-ir-jos-pasaulis.png","width":1000,"height":707,"caption":"D\u0117lion\u0117s 4in1 \u201eBluey ir jos pasaulis\u201c"},{"@type":"BreadcrumbList","@id":"https:\/\/kidsplay.lt\/produktas\/deliones-4in1-bluey-ir-jos-pasaulis\/#breadcrumb","itemListElement":[{"@type":"ListItem","position":1,"name":"Pagrindinis","item":"https:\/\/kidsplay.lt\/"},{"@type":"ListItem","position":2,"name":"Parduotuv\u0117","item":"https:\/\/kidsplay.lt\/parduotuve\/"},{"@type":"ListItem","position":3,"name":"D\u0117lion\u0117s 4in1 \u201eBluey ir jos pasaulis\u201c"}]},{"@type":"WebSite","@id":"https:\/\/kidsplay.lt\/#website","url":"https:\/\/kidsplay.lt\/","name":"B\u0113rnu sp\u0113les.lv","description":"\u012evairios prek\u0117s vaikams","publisher":{"@id":"https:\/\/kidsplay.lt\/#organization"},"alternateName":"Kidsplay","potentialAction":[{"@type":"SearchAction","target":{"@type":"EntryPoint","urlTemplate":"https:\/\/kidsplay.lt\/?s={search_term_string}"},"query-input":{"@type":"PropertyValueSpecification","valueRequired":true,"valueName":"search_term_string"}}],"inLanguage":"lv-LV"},{"@type":"Organization","@id":"https:\/\/kidsplay.lt\/#organization","name":"B\u0113rnu sp\u0113le","url":"https:\/\/kidsplay.lt\/","logo":{"@type":"ImageObject","inLanguage":"lv-LV","@id":"https:\/\/kidsplay.lt\/#\/schema\/logo\/image\/","url":"https:\/\/kidsplay.lt\/wp-content\/uploads\/2023\/07\/kidsplay-logo.png","contentUrl":"https:\/\/kidsplay.lt\/wp-content\/uploads\/2023\/07\/kidsplay-logo.png","width":451,"height":98,"caption":"KidsPlay"},"image":{"@id":"https:\/\/kidsplay.lt\/#\/schema\/logo\/image\/"},"sameAs":["https:\/\/www.facebook.com\/www.kidsplay.lt"]}]}},"_links":{"self":[{"href":"https:\/\/kidsplay.lt\/lv\/wp-json\/wp\/v2\/product\/99725","targetHints":{"allow":["GET"]}}],"collection":[{"href":"https:\/\/kidsplay.lt\/lv\/wp-json\/wp\/v2\/product"}],"about":[{"href":"https:\/\/kidsplay.lt\/lv\/wp-json\/wp\/v2\/types\/product"}],"version-history":[{"count":1,"href":"https:\/\/kidsplay.lt\/lv\/wp-json\/wp\/v2\/product\/99725\/revisions"}],"predecessor-version":[{"id":99726,"href":"https:\/\/kidsplay.lt\/lv\/wp-json\/wp\/v2\/product\/99725\/revisions\/99726"}],"wp:featuredmedia":[{"embeddable":true,"href":"https:\/\/kidsplay.lt\/lv\/wp-json\/wp\/v2\/media\/99727"}],"wp:attachment":[{"href":"https:\/\/kidsplay.lt\/lv\/wp-json\/wp\/v2\/media?parent=99725"}],"wp:term":[{"taxonomy":"product_brand","embeddable":true,"href":"https:\/\/kidsplay.lt\/lv\/wp-json\/wp\/v2\/product_brand?post=99725"},{"taxonomy":"product_cat","embeddable":true,"href":"https:\/\/kidsplay.lt\/lv\/wp-json\/wp\/v2\/product_cat?post=99725"},{"taxonomy":"product_tag","embeddable":true,"href":"https:\/\/kidsplay.lt\/lv\/wp-json\/wp\/v2\/product_tag?post=99725"}],"curies":[{"name":"wp","href":"https:\/\/api.w.org\/{rel}","templated":true}]}}