{"id":99953,"date":"2026-04-04T10:24:33","date_gmt":"2026-04-04T07:24:33","guid":{"rendered":"https:\/\/kidsplay.lt\/produktas\/minksti-guminiai-vonios-laiveliai-pluduriuojantys-3-vnt\/"},"modified":"2026-04-19T11:30:10","modified_gmt":"2026-04-19T08:30:10","slug":"minksti-guminiai-vonios-laiveliai-pluduriuojantys-3-vnt","status":"publish","type":"product","link":"https:\/\/kidsplay.lt\/lv\/products\/minksti-guminiai-vonios-laiveliai-pluduriuojantys-3-vnt\/","title":{"rendered":"M\u012bkstas gumijas peldlaivi\u0146as - peldo\u0161as, 3 gab."},"content":{"rendered":"<p>\ud83d\udea4\ud83d\udec1 Mink\u0161ti guminiai vonios laiveliai \u2013 pl\u016bduriuojantys, 3 vnt.<br \/>\n\u0160is mink\u0161t\u0173 vonios laiveli\u0173 rinkinys \u2013 puikus pasirinkimas ma\u017eyliams, kurie m\u0117gsta vandens \u017eaidimus ir tyrin\u0117ti pasaul\u012f per judes\u012f bei poj\u016b\u010dius. Spalvingi laiveliai pagaminti i\u0161 auk\u0161tos kokyb\u0117s mink\u0161tos gumos, tod\u0117l yra lankst\u016bs, saug\u016bs ir malon\u016bs liesti. Jie idealaus dyd\u017eio ma\u017eoms rankyt\u0117ms \u2013 lengva sugriebti, spausti, ne\u0161ioti ir plukdyti.<\/p>\n<p>Lengva konstrukcija leid\u017eia laiveliams laisvai pl\u016bduriuoti vandens pavir\u0161iuje, tod\u0117l jie puikiai tinka \u017eaidimams vonioje, baseine ar net atostog\u0173 metu prie vandens. Vaikai gali steb\u0117ti, kaip laiveliai plaukia, stumti juos per vanden\u012f ir kurti savo j\u016brini\u0173 nuotyki\u0173 scenarijus.<\/p>\n<p>Minimalistinis dizainas ir \u0161velnios spalvos ramina, bet kartu traukia d\u0117mes\u012f, skatindamos k\u016brybi\u0161k\u0105 \u017eaidim\u0105. Laiveliai tinka ir sausam \u017eaidimui \u2013 ant lavinamojo kilim\u0117lio ar \u017eaidim\u0173 kambaryje. Tokia veikla lavina vaizduot\u0119, motorik\u0105, koordinacij\u0105 ir suteikia daug d\u017eiaugsmo kasdieni\u0173 maudyni\u0173 metu.<\/p>\n<p>Pakuot\u0117s dydis: 25,5 \u00d7 12 \u00d7 3,5 cm Laivelio dydis: 11 \u00d7 7,1 \u00d7 5,8 cm Detali\u0173 skai\u010dius: 3 Med\u017eiaga: mink\u0161ta guma Funkcija: pl\u016bduriuoja vandenyje<\/p>\n<p>Rinkinyje yra: \u2013 3 mink\u0161ti vonios laiveliai<\/p>","protected":false},"excerpt":{"rendered":"<p>\ud83d\udea4\ud83d\udec1 Mink\u0161ti guminiai vonios laiveliai \u2013 pl\u016bduriuojantys, 3 vnt. \u0160is mink\u0161t\u0173 vonios laiveli\u0173 rinkinys \u2013 puikus pasirinkimas ma\u017eyliams, kurie m\u0117gsta<\/p>","protected":false},"featured_media":99955,"template":"","meta":{"_acf_changed":false,"_glsr_average":0,"_glsr_ranking":0,"_glsr_reviews":0},"product_brand":[],"product_cat":[440,229],"product_tag":[],"class_list":{"0":"post-99953","1":"product","2":"type-product","3":"status-publish","4":"has-post-thumbnail","6":"product_cat-vonios-zaislai","7":"product_cat-zaislai-vaikams","8":"\"style=\"background-color: #2ecc711c;\"","10":"first","11":"instock","12":"purchasable","13":"product-type-simple"},"acf":[],"yoast_head":"<!-- This site is optimized with the Yoast SEO plugin v27.4 - https:\/\/yoast.com\/product\/yoast-seo-wordpress\/ -->\n<title>Mink\u0161ti guminiai vonios laiveliai \u2013 pl\u016bduriuojantys, 3 vnt.<\/title>\n<meta name=\"description\" content=\"Mink\u0161ti guminiai vonios laiveliai \u2013 pl\u016bduriuojantys, 3 vnt. - KidsPlay. Did\u017eiausias vaik\u0173 \u017eaisl\u0173 pasirinkimas.\" \/>\n<meta name=\"robots\" content=\"index, follow, max-snippet:-1, max-image-preview:large, max-video-preview:-1\" \/>\n<link rel=\"canonical\" href=\"https:\/\/kidsplay.lt\/lv\/products\/minksti-guminiai-vonios-laiveliai-pluduriuojantys-3-vnt\/\" \/>\n<meta property=\"og:locale\" content=\"lv_LV\" \/>\n<meta property=\"og:type\" content=\"article\" \/>\n<meta property=\"og:title\" content=\"Mink\u0161ti guminiai vonios laiveliai \u2013 pl\u016bduriuojantys, 3 vnt.\" \/>\n<meta property=\"og:description\" content=\"Mink\u0161ti guminiai vonios laiveliai \u2013 pl\u016bduriuojantys, 3 vnt. - KidsPlay. Did\u017eiausias vaik\u0173 \u017eaisl\u0173 pasirinkimas.\" \/>\n<meta property=\"og:url\" content=\"https:\/\/kidsplay.lt\/lv\/products\/minksti-guminiai-vonios-laiveliai-pluduriuojantys-3-vnt\/\" \/>\n<meta property=\"og:site_name\" content=\"KidsPlay\" \/>\n<meta property=\"article:publisher\" content=\"https:\/\/www.facebook.com\/www.kidsplay.lt\" \/>\n<meta property=\"article:modified_time\" content=\"2026-04-19T08:30:10+00:00\" \/>\n<meta property=\"og:image\" content=\"https:\/\/kidsplay.lt\/wp-content\/uploads\/2026\/04\/Minksti-guminiai-vonios-laiveliai-\u2013-pluduriuojantys-3-vnt.jpg\" \/>\n\t<meta property=\"og:image:width\" content=\"1000\" \/>\n\t<meta property=\"og:image:height\" content=\"1000\" \/>\n\t<meta property=\"og:image:type\" content=\"image\/jpeg\" \/>\n<meta name=\"twitter:card\" content=\"summary_large_image\" \/>\n<meta name=\"twitter:label1\" content=\"Est. reading time\" \/>\n\t<meta name=\"twitter:data1\" content=\"1 min\u016bte\" \/>\n<script type=\"application\/ld+json\" class=\"yoast-schema-graph\">{\"@context\":\"https:\\\/\\\/schema.org\",\"@graph\":[{\"@type\":\"WebPage\",\"@id\":\"https:\\\/\\\/kidsplay.lt\\\/produktas\\\/minksti-guminiai-vonios-laiveliai-pluduriuojantys-3-vnt\\\/\",\"url\":\"https:\\\/\\\/kidsplay.lt\\\/produktas\\\/minksti-guminiai-vonios-laiveliai-pluduriuojantys-3-vnt\\\/\",\"name\":\"Mink\u0161ti guminiai vonios laiveliai \u2013 pl\u016bduriuojantys, 3 vnt.\",\"isPartOf\":{\"@id\":\"https:\\\/\\\/kidsplay.lt\\\/#website\"},\"primaryImageOfPage\":{\"@id\":\"https:\\\/\\\/kidsplay.lt\\\/produktas\\\/minksti-guminiai-vonios-laiveliai-pluduriuojantys-3-vnt\\\/#primaryimage\"},\"image\":{\"@id\":\"https:\\\/\\\/kidsplay.lt\\\/produktas\\\/minksti-guminiai-vonios-laiveliai-pluduriuojantys-3-vnt\\\/#primaryimage\"},\"thumbnailUrl\":\"https:\\\/\\\/kidsplay.lt\\\/wp-content\\\/uploads\\\/2026\\\/04\\\/Minksti-guminiai-vonios-laiveliai-\u2013-pluduriuojantys-3-vnt.jpg\",\"datePublished\":\"2026-04-04T07:24:33+00:00\",\"dateModified\":\"2026-04-19T08:30:10+00:00\",\"description\":\"Mink\u0161ti guminiai vonios laiveliai \u2013 pl\u016bduriuojantys, 3 vnt. - KidsPlay. Did\u017eiausias vaik\u0173 \u017eaisl\u0173 pasirinkimas.\",\"breadcrumb\":{\"@id\":\"https:\\\/\\\/kidsplay.lt\\\/produktas\\\/minksti-guminiai-vonios-laiveliai-pluduriuojantys-3-vnt\\\/#breadcrumb\"},\"inLanguage\":\"lv-LV\",\"potentialAction\":[{\"@type\":\"ReadAction\",\"target\":[\"https:\\\/\\\/kidsplay.lt\\\/produktas\\\/minksti-guminiai-vonios-laiveliai-pluduriuojantys-3-vnt\\\/\"]}]},{\"@type\":\"ImageObject\",\"inLanguage\":\"lv-LV\",\"@id\":\"https:\\\/\\\/kidsplay.lt\\\/produktas\\\/minksti-guminiai-vonios-laiveliai-pluduriuojantys-3-vnt\\\/#primaryimage\",\"url\":\"https:\\\/\\\/kidsplay.lt\\\/wp-content\\\/uploads\\\/2026\\\/04\\\/Minksti-guminiai-vonios-laiveliai-\u2013-pluduriuojantys-3-vnt.jpg\",\"contentUrl\":\"https:\\\/\\\/kidsplay.lt\\\/wp-content\\\/uploads\\\/2026\\\/04\\\/Minksti-guminiai-vonios-laiveliai-\u2013-pluduriuojantys-3-vnt.jpg\",\"width\":1000,\"height\":1000,\"caption\":\"Mink\u0161ti guminiai vonios laiveliai \u2013 pl\u016bduriuojantys\"},{\"@type\":\"BreadcrumbList\",\"@id\":\"https:\\\/\\\/kidsplay.lt\\\/produktas\\\/minksti-guminiai-vonios-laiveliai-pluduriuojantys-3-vnt\\\/#breadcrumb\",\"itemListElement\":[{\"@type\":\"ListItem\",\"position\":1,\"name\":\"Pagrindinis\",\"item\":\"https:\\\/\\\/kidsplay.lt\\\/\"},{\"@type\":\"ListItem\",\"position\":2,\"name\":\"Parduotuv\u0117\",\"item\":\"https:\\\/\\\/kidsplay.lt\\\/parduotuve\\\/\"},{\"@type\":\"ListItem\",\"position\":3,\"name\":\"Mink\u0161ti guminiai vonios laiveliai \u2013 pl\u016bduriuojantys, 3 vnt.\"}]},{\"@type\":\"WebSite\",\"@id\":\"https:\\\/\\\/kidsplay.lt\\\/#website\",\"url\":\"https:\\\/\\\/kidsplay.lt\\\/\",\"name\":\"Kidsplay.lt\",\"description\":\"\u012evairios prek\u0117s vaikams\",\"publisher\":{\"@id\":\"https:\\\/\\\/kidsplay.lt\\\/#organization\"},\"alternateName\":\"Kidsplay\",\"potentialAction\":[{\"@type\":\"SearchAction\",\"target\":{\"@type\":\"EntryPoint\",\"urlTemplate\":\"https:\\\/\\\/kidsplay.lt\\\/?s={search_term_string}\"},\"query-input\":{\"@type\":\"PropertyValueSpecification\",\"valueRequired\":true,\"valueName\":\"search_term_string\"}}],\"inLanguage\":\"lv-LV\"},{\"@type\":\"Organization\",\"@id\":\"https:\\\/\\\/kidsplay.lt\\\/#organization\",\"name\":\"KidsPlay\",\"url\":\"https:\\\/\\\/kidsplay.lt\\\/\",\"logo\":{\"@type\":\"ImageObject\",\"inLanguage\":\"lv-LV\",\"@id\":\"https:\\\/\\\/kidsplay.lt\\\/#\\\/schema\\\/logo\\\/image\\\/\",\"url\":\"https:\\\/\\\/kidsplay.lt\\\/wp-content\\\/uploads\\\/2023\\\/07\\\/kidsplay-logo.png\",\"contentUrl\":\"https:\\\/\\\/kidsplay.lt\\\/wp-content\\\/uploads\\\/2023\\\/07\\\/kidsplay-logo.png\",\"width\":451,\"height\":98,\"caption\":\"KidsPlay\"},\"image\":{\"@id\":\"https:\\\/\\\/kidsplay.lt\\\/#\\\/schema\\\/logo\\\/image\\\/\"},\"sameAs\":[\"https:\\\/\\\/www.facebook.com\\\/www.kidsplay.lt\"]}]}<\/script>\n<!-- \/ Yoast SEO plugin. -->","yoast_head_json":{"title":"M\u012bkstas gumijas peldlaivi\u0146as - peldo\u0161as, 3 gab.","description":"Mink\u0161ti guminiai vonios laiveliai \u2013 pl\u016bduriuojantys, 3 vnt. - KidsPlay. Did\u017eiausias vaik\u0173 \u017eaisl\u0173 pasirinkimas.","robots":{"index":"index","follow":"follow","max-snippet":"max-snippet:-1","max-image-preview":"max-image-preview:large","max-video-preview":"max-video-preview:-1"},"canonical":"https:\/\/kidsplay.lt\/lv\/products\/minksti-guminiai-vonios-laiveliai-pluduriuojantys-3-vnt\/","og_locale":"lv_LV","og_type":"article","og_title":"Mink\u0161ti guminiai vonios laiveliai \u2013 pl\u016bduriuojantys, 3 vnt.","og_description":"Mink\u0161ti guminiai vonios laiveliai \u2013 pl\u016bduriuojantys, 3 vnt. - KidsPlay. Did\u017eiausias vaik\u0173 \u017eaisl\u0173 pasirinkimas.","og_url":"https:\/\/kidsplay.lt\/lv\/products\/minksti-guminiai-vonios-laiveliai-pluduriuojantys-3-vnt\/","og_site_name":"KidsPlay","article_publisher":"https:\/\/www.facebook.com\/www.kidsplay.lt","article_modified_time":"2026-04-19T08:30:10+00:00","og_image":[{"width":1000,"height":1000,"url":"https:\/\/kidsplay.lt\/wp-content\/uploads\/2026\/04\/Minksti-guminiai-vonios-laiveliai-\u2013-pluduriuojantys-3-vnt.jpg","type":"image\/jpeg"}],"twitter_card":"summary_large_image","twitter_misc":{"Est. reading time":"1 min\u016bte"},"schema":{"@context":"https:\/\/schema.org","@graph":[{"@type":"WebPage","@id":"https:\/\/kidsplay.lt\/produktas\/minksti-guminiai-vonios-laiveliai-pluduriuojantys-3-vnt\/","url":"https:\/\/kidsplay.lt\/produktas\/minksti-guminiai-vonios-laiveliai-pluduriuojantys-3-vnt\/","name":"M\u012bkstas gumijas peldlaivi\u0146as - peldo\u0161as, 3 gab.","isPartOf":{"@id":"https:\/\/kidsplay.lt\/#website"},"primaryImageOfPage":{"@id":"https:\/\/kidsplay.lt\/produktas\/minksti-guminiai-vonios-laiveliai-pluduriuojantys-3-vnt\/#primaryimage"},"image":{"@id":"https:\/\/kidsplay.lt\/produktas\/minksti-guminiai-vonios-laiveliai-pluduriuojantys-3-vnt\/#primaryimage"},"thumbnailUrl":"https:\/\/kidsplay.lt\/wp-content\/uploads\/2026\/04\/Minksti-guminiai-vonios-laiveliai-\u2013-pluduriuojantys-3-vnt.jpg","datePublished":"2026-04-04T07:24:33+00:00","dateModified":"2026-04-19T08:30:10+00:00","description":"Mink\u0161ti guminiai vonios laiveliai \u2013 pl\u016bduriuojantys, 3 vnt. - KidsPlay. Did\u017eiausias vaik\u0173 \u017eaisl\u0173 pasirinkimas.","breadcrumb":{"@id":"https:\/\/kidsplay.lt\/produktas\/minksti-guminiai-vonios-laiveliai-pluduriuojantys-3-vnt\/#breadcrumb"},"inLanguage":"lv-LV","potentialAction":[{"@type":"ReadAction","target":["https:\/\/kidsplay.lt\/produktas\/minksti-guminiai-vonios-laiveliai-pluduriuojantys-3-vnt\/"]}]},{"@type":"ImageObject","inLanguage":"lv-LV","@id":"https:\/\/kidsplay.lt\/produktas\/minksti-guminiai-vonios-laiveliai-pluduriuojantys-3-vnt\/#primaryimage","url":"https:\/\/kidsplay.lt\/wp-content\/uploads\/2026\/04\/Minksti-guminiai-vonios-laiveliai-\u2013-pluduriuojantys-3-vnt.jpg","contentUrl":"https:\/\/kidsplay.lt\/wp-content\/uploads\/2026\/04\/Minksti-guminiai-vonios-laiveliai-\u2013-pluduriuojantys-3-vnt.jpg","width":1000,"height":1000,"caption":"Mink\u0161ti guminiai vonios laiveliai \u2013 pl\u016bduriuojantys"},{"@type":"BreadcrumbList","@id":"https:\/\/kidsplay.lt\/produktas\/minksti-guminiai-vonios-laiveliai-pluduriuojantys-3-vnt\/#breadcrumb","itemListElement":[{"@type":"ListItem","position":1,"name":"Pagrindinis","item":"https:\/\/kidsplay.lt\/"},{"@type":"ListItem","position":2,"name":"Parduotuv\u0117","item":"https:\/\/kidsplay.lt\/parduotuve\/"},{"@type":"ListItem","position":3,"name":"Mink\u0161ti guminiai vonios laiveliai \u2013 pl\u016bduriuojantys, 3 vnt."}]},{"@type":"WebSite","@id":"https:\/\/kidsplay.lt\/#website","url":"https:\/\/kidsplay.lt\/","name":"B\u0113rnu sp\u0113les.lv","description":"\u012evairios prek\u0117s vaikams","publisher":{"@id":"https:\/\/kidsplay.lt\/#organization"},"alternateName":"Kidsplay","potentialAction":[{"@type":"SearchAction","target":{"@type":"EntryPoint","urlTemplate":"https:\/\/kidsplay.lt\/?s={search_term_string}"},"query-input":{"@type":"PropertyValueSpecification","valueRequired":true,"valueName":"search_term_string"}}],"inLanguage":"lv-LV"},{"@type":"Organization","@id":"https:\/\/kidsplay.lt\/#organization","name":"B\u0113rnu sp\u0113le","url":"https:\/\/kidsplay.lt\/","logo":{"@type":"ImageObject","inLanguage":"lv-LV","@id":"https:\/\/kidsplay.lt\/#\/schema\/logo\/image\/","url":"https:\/\/kidsplay.lt\/wp-content\/uploads\/2023\/07\/kidsplay-logo.png","contentUrl":"https:\/\/kidsplay.lt\/wp-content\/uploads\/2023\/07\/kidsplay-logo.png","width":451,"height":98,"caption":"KidsPlay"},"image":{"@id":"https:\/\/kidsplay.lt\/#\/schema\/logo\/image\/"},"sameAs":["https:\/\/www.facebook.com\/www.kidsplay.lt"]}]}},"_links":{"self":[{"href":"https:\/\/kidsplay.lt\/lv\/wp-json\/wp\/v2\/product\/99953","targetHints":{"allow":["GET"]}}],"collection":[{"href":"https:\/\/kidsplay.lt\/lv\/wp-json\/wp\/v2\/product"}],"about":[{"href":"https:\/\/kidsplay.lt\/lv\/wp-json\/wp\/v2\/types\/product"}],"version-history":[{"count":1,"href":"https:\/\/kidsplay.lt\/lv\/wp-json\/wp\/v2\/product\/99953\/revisions"}],"predecessor-version":[{"id":99954,"href":"https:\/\/kidsplay.lt\/lv\/wp-json\/wp\/v2\/product\/99953\/revisions\/99954"}],"wp:featuredmedia":[{"embeddable":true,"href":"https:\/\/kidsplay.lt\/lv\/wp-json\/wp\/v2\/media\/99955"}],"wp:attachment":[{"href":"https:\/\/kidsplay.lt\/lv\/wp-json\/wp\/v2\/media?parent=99953"}],"wp:term":[{"taxonomy":"product_brand","embeddable":true,"href":"https:\/\/kidsplay.lt\/lv\/wp-json\/wp\/v2\/product_brand?post=99953"},{"taxonomy":"product_cat","embeddable":true,"href":"https:\/\/kidsplay.lt\/lv\/wp-json\/wp\/v2\/product_cat?post=99953"},{"taxonomy":"product_tag","embeddable":true,"href":"https:\/\/kidsplay.lt\/lv\/wp-json\/wp\/v2\/product_tag?post=99953"}],"curies":[{"name":"wp","href":"https:\/\/api.w.org\/{rel}","templated":true}]}}